{"id":733871,"date":"2025-08-27T22:18:09","date_gmt":"2025-08-27T19:18:09","guid":{"rendered":"https:\/\/roveyayinevi.com.tr\/index.php\/urun\/anlama-yetisi-uzerine-yeni-denemeler\/"},"modified":"2026-04-16T02:41:38","modified_gmt":"2026-04-15T23:41:38","slug":"anlama-yetisi-uzerine-yeni-denemeler","status":"publish","type":"product","link":"https:\/\/roveyayinevi.com.tr\/index.php\/urun\/anlama-yetisi-uzerine-yeni-denemeler\/","title":{"rendered":"Anlama Yetisi \u00dczerine Yeni Denemeler"},"content":{"rendered":"<p>Do\u011fu\u015ftan gelen ideler var m\u0131d\u0131r? \u0130nsan zihni bir \u2018bo\u015f levha\u2019 m\u0131d\u0131r yoksa i\u015flenmeyi bekleyen bir \u2018damarl\u0131 mermer\u2019 mi? Bilgimizin temeli deneyim ve duyular m\u0131d\u0131r, yoksa ak\u0131l m\u0131? Bu sorular \u0130ngiliz deneyci filozof John Locke ile Alman rasyonalist filozof Leibniz\u2019i kar\u015f\u0131 kar\u015f\u0131ya getirir. Locke, \u0130nsan\u0131n Anlama Yetisi \u00dczerine Bir Deneme kitab\u0131nda insan zihnini bo\u015f bir levha olarak tan\u0131mlar, yani ona g\u00f6re insan do\u011fu\u015ftan hi\u00e7bir bilgiye sahip de\u011fildir.  Bu kitap, Locke\u2019un bu kitab\u0131na cevap niteli\u011findedir. Leibniz, Locke&#8217;un do\u011fu\u015ftan ideler teorisini ve her \u015feyin sadece duyulardan ve deneyimden geldi\u011fini reddeder. Bo\u015f levha benzetmesine kar\u015f\u0131l\u0131k, damarl\u0131 mermer benzetmesini kullan\u0131r. Zihin, i\u00e7inde Herk\u00fcl&#8217;\u00fcn simas\u0131n\u0131 bar\u0131nd\u0131ran bir mermer gibidir. Ancak bu simay\u0131 belirginle\u015ftirmek i\u00e7in bir emek ve u\u011fra\u015f gereklidir. B\u00f6ylece Leibniz\u2019e g\u00f6re do\u011fu\u015ftan ideler bizde yatk\u0131nl\u0131klar veya potansiyeller olarak bulunur. T\u00fcm bunlarla beraber diyalog tarz\u0131nda ve a\u00e7\u0131k bir \u00fcslupla yaz\u0131lan bu kitap, Leibniz\u2019in felsefesine giri\u015f yapmak isteyenler i\u00e7in k\u0131lavuz niteli\u011findedir.<\/p>\n","protected":false},"excerpt":{"rendered":"<p>Do\u011fu\u015ftan gelen ideler var m\u0131d\u0131r? \u0130nsan zihni bir \u2018bo\u015f levha\u2019 m\u0131d\u0131r yoksa i\u015flenmeyi bekleyen bir \u2018damarl\u0131 mermer\u2019 mi? Bilgimizin temeli deneyim ve duyular m\u0131d\u0131r, yoksa ak\u0131l<span class=\"excerpt-hellip\"> [\u2026]<\/span><\/p>\n","protected":false},"featured_media":0,"template":"","meta":{"_monsterinsights_skip_tracking":false,"_monsterinsights_sitenote_active":false,"_monsterinsights_sitenote_note":"","_monsterinsights_sitenote_category":0},"product_brand":[],"product_cat":[20351,12388],"product_tag":[],"class_list":{"0":"post-733871","1":"product","2":"type-product","3":"status-publish","5":"product_cat-dusunce","6":"product_cat-felsefe","7":"pa_cilt-ciltsiz","8":"pa_tur-kitap","9":"pa_yayinevi-fol-kitap","10":"pa_yazar-gottfried-wilhelm-leibniz","12":"first","13":"instock","14":"sale","15":"shipping-taxable","16":"purchasable","17":"product-type-simple"},"_links":{"self":[{"href":"https:\/\/roveyayinevi.com.tr\/index.php\/wp-json\/wp\/v2\/product\/733871","targetHints":{"allow":["GET"]}}],"collection":[{"href":"https:\/\/roveyayinevi.com.tr\/index.php\/wp-json\/wp\/v2\/product"}],"about":[{"href":"https:\/\/roveyayinevi.com.tr\/index.php\/wp-json\/wp\/v2\/types\/product"}],"wp:attachment":[{"href":"https:\/\/roveyayinevi.com.tr\/index.php\/wp-json\/wp\/v2\/media?parent=733871"}],"wp:term":[{"taxonomy":"product_brand","embeddable":true,"href":"https:\/\/roveyayinevi.com.tr\/index.php\/wp-json\/wp\/v2\/product_brand?post=733871"},{"taxonomy":"product_cat","embeddable":true,"href":"https:\/\/roveyayinevi.com.tr\/index.php\/wp-json\/wp\/v2\/product_cat?post=733871"},{"taxonomy":"product_tag","embeddable":true,"href":"https:\/\/roveyayinevi.com.tr\/index.php\/wp-json\/wp\/v2\/product_tag?post=733871"}],"curies":[{"name":"wp","href":"https:\/\/api.w.org\/{rel}","templated":true}]}}