{"id":733866,"date":"2025-08-27T22:18:05","date_gmt":"2025-08-27T19:18:05","guid":{"rendered":"https:\/\/roveyayinevi.com.tr\/index.php\/urun\/spinoza-ile-yasam-ve-felsefe\/"},"modified":"2026-04-16T02:41:38","modified_gmt":"2026-04-15T23:41:38","slug":"spinoza-ile-yasam-ve-felsefe","status":"publish","type":"product","link":"https:\/\/roveyayinevi.com.tr\/index.php\/urun\/spinoza-ile-yasam-ve-felsefe\/","title":{"rendered":"Spinoza ile Ya\u015fam ve Felsefe"},"content":{"rendered":"<p>Evren ve insan hakk\u0131nda modern g\u00f6r\u00fc\u015fleriyle tan\u0131nan Hollandal\u0131 filozof Spinoza, varl\u0131k problemi \u00fczerine \u00e7al\u0131\u015fm\u0131\u015ft\u0131r. Eserlerinde, akl\u0131 kullanarak insanl\u0131\u011f\u0131 ula\u015fabilece\u011fi en \u00fcst bilgi ve seviyeye ula\u015ft\u0131rmay\u0131 ama\u00e7lam\u0131\u015ft\u0131r. Spinoza\u2019n\u0131n \u201cher \u015feyi tek bir temelde birle\u015ftirmek\u201d d\u00fc\u015f\u00fcncesi modern felsefeye \u00e7a\u011f atlatm\u0131\u015ft\u0131r.Bu kitap, Spinoza\u2019n\u0131n felsefesinden, s\u00f6zlerinden, fikirlerinden ilham al\u0131narak yaz\u0131ld\u0131. Onu anlamak, s\u00f6zlerini modern \u00e7a\u011fa g\u00f6re yorumlamak ve felsefenin hayata dokunan de\u011fi\u015ftirici g\u00fcc\u00fcn\u00fc ke\u015ffetmek isteyenler i\u00e7in. <\/p>\n","protected":false},"excerpt":{"rendered":"<p>Evren ve insan hakk\u0131nda modern g\u00f6r\u00fc\u015fleriyle tan\u0131nan Hollandal\u0131 filozof Spinoza, varl\u0131k problemi \u00fczerine \u00e7al\u0131\u015fm\u0131\u015ft\u0131r. Eserlerinde, akl\u0131 kullanarak insanl\u0131\u011f\u0131 ula\u015fabilece\u011fi en \u00fcst bilgi ve seviyeye ula\u015ft\u0131rmay\u0131 ama\u00e7lam\u0131\u015ft\u0131r.<span class=\"excerpt-hellip\"> [\u2026]<\/span><\/p>\n","protected":false},"featured_media":0,"template":"","meta":{"_monsterinsights_skip_tracking":false,"_monsterinsights_sitenote_active":false,"_monsterinsights_sitenote_note":"","_monsterinsights_sitenote_category":0},"product_brand":[],"product_cat":[12388,14717],"product_tag":[],"class_list":{"0":"post-733866","1":"product","2":"type-product","3":"status-publish","5":"product_cat-felsefe","6":"product_cat-felsefe-tarihi","7":"pa_cilt-ciltsiz","8":"pa_tur-kitap","9":"pa_yayinevi-nemesis-kitap","10":"pa_yazar-serhan-kansu","12":"first","13":"instock","14":"sale","15":"shipping-taxable","16":"purchasable","17":"product-type-simple"},"_links":{"self":[{"href":"https:\/\/roveyayinevi.com.tr\/index.php\/wp-json\/wp\/v2\/product\/733866","targetHints":{"allow":["GET"]}}],"collection":[{"href":"https:\/\/roveyayinevi.com.tr\/index.php\/wp-json\/wp\/v2\/product"}],"about":[{"href":"https:\/\/roveyayinevi.com.tr\/index.php\/wp-json\/wp\/v2\/types\/product"}],"wp:attachment":[{"href":"https:\/\/roveyayinevi.com.tr\/index.php\/wp-json\/wp\/v2\/media?parent=733866"}],"wp:term":[{"taxonomy":"product_brand","embeddable":true,"href":"https:\/\/roveyayinevi.com.tr\/index.php\/wp-json\/wp\/v2\/product_brand?post=733866"},{"taxonomy":"product_cat","embeddable":true,"href":"https:\/\/roveyayinevi.com.tr\/index.php\/wp-json\/wp\/v2\/product_cat?post=733866"},{"taxonomy":"product_tag","embeddable":true,"href":"https:\/\/roveyayinevi.com.tr\/index.php\/wp-json\/wp\/v2\/product_tag?post=733866"}],"curies":[{"name":"wp","href":"https:\/\/api.w.org\/{rel}","templated":true}]}}