{"id":733864,"date":"2025-08-27T22:18:03","date_gmt":"2025-08-27T19:18:03","guid":{"rendered":"https:\/\/roveyayinevi.com.tr\/index.php\/urun\/gokyuzu-ve-kucuk-puf\/"},"modified":"2026-04-16T02:41:38","modified_gmt":"2026-04-15T23:41:38","slug":"gokyuzu-ve-kucuk-puf","status":"publish","type":"product","link":"https:\/\/roveyayinevi.com.tr\/index.php\/urun\/gokyuzu-ve-kucuk-puf\/","title":{"rendered":"G\u00f6ky\u00fcz\u00fc Ve K\u00fc\u00e7\u00fck Puf"},"content":{"rendered":"<p>\u015eim\u015fek \u00e7ak\u0131nca endi\u015felenen, g\u00f6k g\u00fcrleyince az\u0131c\u0131k korkan bir \u00e7ocuk musun? Ya\u011fmur nas\u0131l ya\u011far, g\u00f6kku\u015fa\u011f\u0131 nas\u0131l \u00e7\u0131kar merak m\u0131 ediyorsun? Bulutlara bak\u0131p da onlar\u0131 hayretle bir \u015feylere benzetti\u011fin oldu mu? G\u00fcne\u015f bazen nereye gider, hava neden bir anda karar\u0131r biliyor musun? K\u00fc\u00e7\u00fck bulut Puf\u2019un annesiyle birlikte \u00e7\u0131kt\u0131\u011f\u0131 gezintiye e\u015flik ederek, g\u00f6ky\u00fcz\u00fcnde asl\u0131nda neler oldu\u011funu \u00f6\u011frenmeye ne dersin? Pofuduk bir bulut yumu\u015fakl\u0131\u011f\u0131nda biten mutlu sonuyla kalbini \u0131s\u0131tacak bu kitab\u0131 okuduktan sonra, g\u00f6ky\u00fcz\u00fcnde olan bitenlere bamba\u015fka bir g\u00f6zle bakacak, ya\u011fan her ya\u011fmurda k\u00fc\u00e7\u00fck Puf\u2019u anacaks\u0131n. <\/p>\n","protected":false},"excerpt":{"rendered":"<p>\u015eim\u015fek \u00e7ak\u0131nca endi\u015felenen, g\u00f6k g\u00fcrleyince az\u0131c\u0131k korkan bir \u00e7ocuk musun? Ya\u011fmur nas\u0131l ya\u011far, g\u00f6kku\u015fa\u011f\u0131 nas\u0131l \u00e7\u0131kar merak m\u0131 ediyorsun? Bulutlara bak\u0131p da onlar\u0131 hayretle bir \u015feylere<span class=\"excerpt-hellip\"> [\u2026]<\/span><\/p>\n","protected":false},"featured_media":0,"template":"","meta":{"_monsterinsights_skip_tracking":false,"_monsterinsights_sitenote_active":false,"_monsterinsights_sitenote_note":"","_monsterinsights_sitenote_category":0},"product_brand":[],"product_cat":[12913,12274],"product_tag":[],"class_list":{"0":"post-733864","1":"product","2":"type-product","3":"status-publish","5":"product_cat-3-6-yas-kitaplari","6":"product_cat-cocuk-ve-genclik-kitaplari","7":"pa_cilt-ciltsiz","8":"pa_tur-kitap","9":"pa_yayinevi-potikare-yayincilik","10":"pa_yazar-ela-elci-basgul","12":"first","13":"instock","14":"sale","15":"shipping-taxable","16":"purchasable","17":"product-type-simple"},"_links":{"self":[{"href":"https:\/\/roveyayinevi.com.tr\/index.php\/wp-json\/wp\/v2\/product\/733864","targetHints":{"allow":["GET"]}}],"collection":[{"href":"https:\/\/roveyayinevi.com.tr\/index.php\/wp-json\/wp\/v2\/product"}],"about":[{"href":"https:\/\/roveyayinevi.com.tr\/index.php\/wp-json\/wp\/v2\/types\/product"}],"wp:attachment":[{"href":"https:\/\/roveyayinevi.com.tr\/index.php\/wp-json\/wp\/v2\/media?parent=733864"}],"wp:term":[{"taxonomy":"product_brand","embeddable":true,"href":"https:\/\/roveyayinevi.com.tr\/index.php\/wp-json\/wp\/v2\/product_brand?post=733864"},{"taxonomy":"product_cat","embeddable":true,"href":"https:\/\/roveyayinevi.com.tr\/index.php\/wp-json\/wp\/v2\/product_cat?post=733864"},{"taxonomy":"product_tag","embeddable":true,"href":"https:\/\/roveyayinevi.com.tr\/index.php\/wp-json\/wp\/v2\/product_tag?post=733864"}],"curies":[{"name":"wp","href":"https:\/\/api.w.org\/{rel}","templated":true}]}}