{"id":733863,"date":"2025-08-27T22:18:02","date_gmt":"2025-08-27T19:18:02","guid":{"rendered":"https:\/\/roveyayinevi.com.tr\/index.php\/urun\/where-is-teddy\/"},"modified":"2026-04-16T02:41:38","modified_gmt":"2026-04-15T23:41:38","slug":"where-is-teddy","status":"publish","type":"product","link":"https:\/\/roveyayinevi.com.tr\/index.php\/urun\/where-is-teddy\/","title":{"rendered":"Where Is Teddy?"},"content":{"rendered":"<p>Billy and Teddy are best friends who have never been apart. They are always together &#8211; at the park, on holiday, in the bath tub, and in bed&#8230; But, wait and see what happens one day when painters come to redecorate Billy\u2019s house. In this story, based on a real life event, you will follow the adventure of Billy and Teddy\u2019s separation and reunion. Bir \u00e7ocuk ve ondan hi\u00e7 ayr\u0131lmam\u0131\u015f oyuncak ay\u0131s\u0131n\u0131n, ayr\u0131 d\u00fc\u015fme ve beklenmedik bir \u015fekilde yeniden kavu\u015fma hikayesini, Sema Ate\u015f yazd\u0131, Serap \u00c7imenser resimledi. \u201cHakk\u0131 Nerede?\u201d ismiyle T\u00fcrk\u00e7e de yay\u0131nlanan \u201cWhere Is Teddy?\u201d \u00f6yk\u00fcm\u00fcz\u00fc Shona Elizabeth Ar\u0131k, \u0130ngilizceye \u00e7evirdi. <\/p>\n","protected":false},"excerpt":{"rendered":"<p>Billy and Teddy are best friends who have never been apart. They are always together &#8211; at the park, on holiday, in the bath tub, and<span class=\"excerpt-hellip\"> [\u2026]<\/span><\/p>\n","protected":false},"featured_media":0,"template":"","meta":{"_monsterinsights_skip_tracking":false,"_monsterinsights_sitenote_active":false,"_monsterinsights_sitenote_note":"","_monsterinsights_sitenote_category":0},"product_brand":[],"product_cat":[12472],"product_tag":[],"class_list":{"0":"post-733863","1":"product","2":"type-product","3":"status-publish","5":"product_cat-yabanci-dilde-kitaplar","6":"pa_cilt-ciltsiz","7":"pa_tur-kitap","8":"pa_yayinevi-potikare-yayincilik","9":"pa_yazar-sema-ates","11":"first","12":"instock","13":"sale","14":"shipping-taxable","15":"purchasable","16":"product-type-simple"},"_links":{"self":[{"href":"https:\/\/roveyayinevi.com.tr\/index.php\/wp-json\/wp\/v2\/product\/733863","targetHints":{"allow":["GET"]}}],"collection":[{"href":"https:\/\/roveyayinevi.com.tr\/index.php\/wp-json\/wp\/v2\/product"}],"about":[{"href":"https:\/\/roveyayinevi.com.tr\/index.php\/wp-json\/wp\/v2\/types\/product"}],"wp:attachment":[{"href":"https:\/\/roveyayinevi.com.tr\/index.php\/wp-json\/wp\/v2\/media?parent=733863"}],"wp:term":[{"taxonomy":"product_brand","embeddable":true,"href":"https:\/\/roveyayinevi.com.tr\/index.php\/wp-json\/wp\/v2\/product_brand?post=733863"},{"taxonomy":"product_cat","embeddable":true,"href":"https:\/\/roveyayinevi.com.tr\/index.php\/wp-json\/wp\/v2\/product_cat?post=733863"},{"taxonomy":"product_tag","embeddable":true,"href":"https:\/\/roveyayinevi.com.tr\/index.php\/wp-json\/wp\/v2\/product_tag?post=733863"}],"curies":[{"name":"wp","href":"https:\/\/api.w.org\/{rel}","templated":true}]}}