{"id":733861,"date":"2025-08-27T22:18:00","date_gmt":"2025-08-27T19:18:00","guid":{"rendered":"https:\/\/roveyayinevi.com.tr\/index.php\/urun\/esmerim-lal\/"},"modified":"2026-04-16T02:41:38","modified_gmt":"2026-04-15T23:41:38","slug":"esmerim-lal","status":"publish","type":"product","link":"https:\/\/roveyayinevi.com.tr\/index.php\/urun\/esmerim-lal\/","title":{"rendered":"Esmerim-Lal"},"content":{"rendered":"<p>Hayat bazen hi\u00e7 istemedi\u011fimiz tercihler yapmaya mecbur b\u0131rak\u0131r. \u0130nsan\u0131n vicdan\u0131 \u201cyapma\u201d diye ba\u011f\u0131r\u0131rken, akl\u0131 ise \u201cba\u015fka yol yok, yapmak zorundas\u0131n\u201d der. \u0130\u015fte Berg\u00fczar\u2019\u0131n hik\u00e2yesi de b\u00f6yle bir \u00e7\u0131kmazda ba\u015flam\u0131\u015ft\u0131. Yalanlarla, oyunlarla, s\u0131rlarla bezeli o yollar\u0131n, buz gibi bakan ye\u015fil g\u00f6zl\u00fc bir adam\u0131n s\u0131cac\u0131k, sevgi dolu kalbine varaca\u011f\u0131n\u0131 nereden bilebilirdi? Peki ya Alparslan, herkese kapatt\u0131\u011f\u0131 g\u00f6nl\u00fcne saklad\u0131\u011f\u0131 k\u0131rg\u0131nl\u0131klar\u0131 esmer g\u00fczeli bir kad\u0131nla iyile\u015ftirece\u011fini bilebilir miydi? Bilinmezliklerle dolu o yolda birbirlerini bulup, yan yana y\u00fcr\u00fcyecek, tan\u0131\u015facak, seveceklerdi. Alparslan\u2019\u0131n y\u00fcz\u00fcnde g\u00fcl\u00fcmsemeler filizlenirken, Berg\u00fczar ilk kez yuvas\u0131n\u0131 bulacakt\u0131. Ancak ne sevday\u0131 bulmak, ne de yuvay\u0131 kurmak kolayd\u0131. D\u00fc\u015fman tetikte beklerken ya sevda k\u00f6pr\u00fcs\u00fcnden ge\u00e7ip cennete varacak ya da oradan d\u00fc\u015f\u00fcp a\u015fk\u0131n alevinde yanacaklard\u0131.   \u201cHi\u00e7bir sevda kollar\u0131n\u0131 a\u00e7\u0131p, g\u00fcle oynaya gelmez. Az\u0131c\u0131k a\u011flat\u0131r, az\u0131c\u0131k kahreder, \u00fczer, bol bol s\u0131nar. Ama buna dayanabilene de \u00f6d\u00fcl olur.\u201d <\/p>\n","protected":false},"excerpt":{"rendered":"<p>Hayat bazen hi\u00e7 istemedi\u011fimiz tercihler yapmaya mecbur b\u0131rak\u0131r. \u0130nsan\u0131n vicdan\u0131 \u201cyapma\u201d diye ba\u011f\u0131r\u0131rken, akl\u0131 ise \u201cba\u015fka yol yok, yapmak zorundas\u0131n\u201d der. \u0130\u015fte Berg\u00fczar\u2019\u0131n hik\u00e2yesi de b\u00f6yle<span class=\"excerpt-hellip\"> [\u2026]<\/span><\/p>\n","protected":false},"featured_media":0,"template":"","meta":{"_monsterinsights_skip_tracking":false,"_monsterinsights_sitenote_active":false,"_monsterinsights_sitenote_note":"","_monsterinsights_sitenote_category":0},"product_brand":[],"product_cat":[12291,12711],"product_tag":[],"class_list":{"0":"post-733861","1":"product","2":"type-product","3":"status-publish","5":"product_cat-edebiyat","6":"product_cat-roman-oyku","7":"pa_cilt-ciltsiz","8":"pa_tur-kitap","9":"pa_yayinevi-muptela-yayinevi","10":"pa_yazar-aslihan-gungor","12":"first","13":"instock","14":"sale","15":"shipping-taxable","16":"purchasable","17":"product-type-simple"},"_links":{"self":[{"href":"https:\/\/roveyayinevi.com.tr\/index.php\/wp-json\/wp\/v2\/product\/733861","targetHints":{"allow":["GET"]}}],"collection":[{"href":"https:\/\/roveyayinevi.com.tr\/index.php\/wp-json\/wp\/v2\/product"}],"about":[{"href":"https:\/\/roveyayinevi.com.tr\/index.php\/wp-json\/wp\/v2\/types\/product"}],"wp:attachment":[{"href":"https:\/\/roveyayinevi.com.tr\/index.php\/wp-json\/wp\/v2\/media?parent=733861"}],"wp:term":[{"taxonomy":"product_brand","embeddable":true,"href":"https:\/\/roveyayinevi.com.tr\/index.php\/wp-json\/wp\/v2\/product_brand?post=733861"},{"taxonomy":"product_cat","embeddable":true,"href":"https:\/\/roveyayinevi.com.tr\/index.php\/wp-json\/wp\/v2\/product_cat?post=733861"},{"taxonomy":"product_tag","embeddable":true,"href":"https:\/\/roveyayinevi.com.tr\/index.php\/wp-json\/wp\/v2\/product_tag?post=733861"}],"curies":[{"name":"wp","href":"https:\/\/api.w.org\/{rel}","templated":true}]}}