{"id":733860,"date":"2025-08-27T22:17:59","date_gmt":"2025-08-27T19:17:59","guid":{"rendered":"https:\/\/roveyayinevi.com.tr\/index.php\/urun\/yenidendogan-ejder-zaman-carki-3\/"},"modified":"2026-04-16T02:41:37","modified_gmt":"2026-04-15T23:41:37","slug":"yenidendogan-ejder-zaman-carki-3","status":"publish","type":"product","link":"https:\/\/roveyayinevi.com.tr\/index.php\/urun\/yenidendogan-ejder-zaman-carki-3\/","title":{"rendered":"Yenidendo\u011fan Ejder &#8211; Zaman \u00c7ark\u0131 3"},"content":{"rendered":"<p>\u201cZaman \u00c7ark\u0131 d\u00f6ner, \u00c7a\u011flar gelip ge\u00e7er, efsanele\u015fen an\u0131lar b\u0131rak\u0131r ard\u0131nda. Efsaneler solarak mit olur ve onlar\u0131 do\u011furan \u00c7a\u011f yeniden geldi\u011finde mitler bile unutulur.\u201dFantastik edebiyat\u0131n devi Robert Jordan\u2019\u0131n kaleminden \u00e7\u0131kan Zaman \u00c7ark\u0131 destan\u0131 d\u00fcnya \u00e7ap\u0131nda milyonlar\u0131n hayal g\u00fcc\u00fcnde yer etti. Ayr\u0131nt\u0131l\u0131 d\u00fcnyas\u0131, en ince detay\u0131na kadar d\u00fc\u015f\u00fcn\u00fclm\u00fc\u015f b\u00fcy\u00fc sistemi, g\u00f6n\u00fcllere taht kuran karakterleri Zaman \u00c7ark\u0131\u2019n\u0131n okurlar taraf\u0131ndan bu kadar sevilmesinin sadece birka\u00e7 sebebi. Zaman \u00c7ark\u0131\u2019n\u0131n etkileri, Patrick Rothfuss, Brandon Sanderson, Brent Weeks gibi g\u00fcn\u00fcm\u00fcz\u00fcn en b\u00fcy\u00fck fantastik yazarlar\u0131n\u0131n eserlerinde g\u00f6r\u00fclebilir.   Rand al\u2019Thor\u2026 uzun s\u00fcredir kehanet edilen, d\u00fcnyay\u0131 kurtaracak ama kurtar\u0131rken y\u0131k\u0131m getirecek lider, nam\u0131di\u011fer Yenidendo\u011fan Ejder, kaderinden ka\u00e7\u0131yordu. Tek G\u00fc\u00e7\u2019e dokunabilse de onu nas\u0131l kullanaca\u011f\u0131n\u0131 bilmiyordu ama Karanl\u0131k Varl\u0131k\u2019la sava\u015fmak zorundayd\u0131.   Perrin Aybara ise Moiraine Damodred, muhaf\u0131z\u0131 Lan ve Loial\u2019le birlikte takipteydi. R\u00fcyalar\u0131yla ba\u015f\u0131 belada olan Perrin\u2019in \u00f6l\u00fcmc\u00fcl bir sorunu daha vard\u0131; insanl\u0131\u011f\u0131n\u0131 kaybetmekten kurtulman\u0131n yolunu bulmal\u0131yd\u0131.   Bu s\u0131rada Egwene, Elayne ve Nynaeve, Mat\u2019in \u015fifa bulmak i\u00e7in tek umudu olan Tar Valon\u2019a yakla\u015f\u0131yordu. Gittiklerinde de, uzun zamand\u0131r bir s\u00f6ylenti san\u0131lan \u015feyin ger\u00e7ek oldu\u011funu Amyrlin\u2019e s\u00f6ylemeleri gerekecekti: Kara Ajah\u2019\u0131n.   Ejderha, bir kez daha zaman\u0131n r\u00fczg\u00e2rlar\u0131nda havalanacak.   \u201cD\u00fcnyas\u0131 geni\u015f, detaylar\u0131 yo\u011fun, karakterleri ikna edici muazzam bir kahramanl\u0131k fantazyas\u0131.\u201d \u2013L. Sprague de Camp   \u201cRobert Jordan \u00f6yle b\u00fcy\u00fck bir romanc\u0131 ki ben dahil bir jenerasyonu k\u00f6k\u00fcnden etkiledi. Ona ne kadar te\u015fekk\u00fcr etsem az.\u201d \u2013Peter V. Brett <\/p>\n","protected":false},"excerpt":{"rendered":"<p>\u201cZaman \u00c7ark\u0131 d\u00f6ner, \u00c7a\u011flar gelip ge\u00e7er, efsanele\u015fen an\u0131lar b\u0131rak\u0131r ard\u0131nda. Efsaneler solarak mit olur ve onlar\u0131 do\u011furan \u00c7a\u011f yeniden geldi\u011finde mitler bile unutulur.\u201dFantastik edebiyat\u0131n devi Robert<span class=\"excerpt-hellip\"> [\u2026]<\/span><\/p>\n","protected":false},"featured_media":0,"template":"","meta":{"_monsterinsights_skip_tracking":false,"_monsterinsights_sitenote_active":false,"_monsterinsights_sitenote_note":"","_monsterinsights_sitenote_category":0},"product_brand":[],"product_cat":[12291,14777],"product_tag":[],"class_list":{"0":"post-733860","1":"product","2":"type-product","3":"status-publish","5":"product_cat-edebiyat","6":"product_cat-fantastik","7":"pa_cilt-ciltsiz","8":"pa_tur-kitap","9":"pa_yayinevi-ithaki-yayinlari","10":"pa_yazar-robert-jordan","12":"first","13":"instock","14":"sale","15":"shipping-taxable","16":"purchasable","17":"product-type-simple"},"_links":{"self":[{"href":"https:\/\/roveyayinevi.com.tr\/index.php\/wp-json\/wp\/v2\/product\/733860","targetHints":{"allow":["GET"]}}],"collection":[{"href":"https:\/\/roveyayinevi.com.tr\/index.php\/wp-json\/wp\/v2\/product"}],"about":[{"href":"https:\/\/roveyayinevi.com.tr\/index.php\/wp-json\/wp\/v2\/types\/product"}],"wp:attachment":[{"href":"https:\/\/roveyayinevi.com.tr\/index.php\/wp-json\/wp\/v2\/media?parent=733860"}],"wp:term":[{"taxonomy":"product_brand","embeddable":true,"href":"https:\/\/roveyayinevi.com.tr\/index.php\/wp-json\/wp\/v2\/product_brand?post=733860"},{"taxonomy":"product_cat","embeddable":true,"href":"https:\/\/roveyayinevi.com.tr\/index.php\/wp-json\/wp\/v2\/product_cat?post=733860"},{"taxonomy":"product_tag","embeddable":true,"href":"https:\/\/roveyayinevi.com.tr\/index.php\/wp-json\/wp\/v2\/product_tag?post=733860"}],"curies":[{"name":"wp","href":"https:\/\/api.w.org\/{rel}","templated":true}]}}