{"id":733858,"date":"2025-08-27T22:17:57","date_gmt":"2025-08-27T19:17:57","guid":{"rendered":"https:\/\/roveyayinevi.com.tr\/index.php\/urun\/talimatlar-ciltli\/"},"modified":"2026-04-16T02:41:37","modified_gmt":"2026-04-15T23:41:37","slug":"talimatlar-ciltli","status":"publish","type":"product","link":"https:\/\/roveyayinevi.com.tr\/index.php\/urun\/talimatlar-ciltli\/","title":{"rendered":"Talimatlar (Ciltli)"},"content":{"rendered":"<p>R\u00dcYALARINA G\u00dcVEN. KALB\u0130NE G\u00dcVEN VE H\u0130K\u00c2YELER\u0130NE G\u00dcVEN.   \u00c7a\u011f\u0131m\u0131z\u0131n en \u00f6nemli yazarlar\u0131ndan Neil Gaiman ile hayali d\u00fcnyalar\u0131n \u00e7izeri Charles Vess, bilinmezliklerle dolu bir peri masal\u0131 diyar\u0131nda yolculu\u011fa \u00e7\u0131kman\u0131n ve bu tuhaf topraklardan geri d\u00f6nmenin zorluklar\u0131n\u0131 anlatt\u0131klar\u0131 Talimatlar\u2019da, sa\u011f salim evine varmas\u0131 i\u00e7in okura rehberlik ediyor. <\/p>\n","protected":false},"excerpt":{"rendered":"<p>R\u00dcYALARINA G\u00dcVEN. KALB\u0130NE G\u00dcVEN VE H\u0130K\u00c2YELER\u0130NE G\u00dcVEN. \u00c7a\u011f\u0131m\u0131z\u0131n en \u00f6nemli yazarlar\u0131ndan Neil Gaiman ile hayali d\u00fcnyalar\u0131n \u00e7izeri Charles Vess, bilinmezliklerle dolu bir peri masal\u0131 diyar\u0131nda yolculu\u011fa<span class=\"excerpt-hellip\"> [\u2026]<\/span><\/p>\n","protected":false},"featured_media":0,"template":"","meta":{"_monsterinsights_skip_tracking":false,"_monsterinsights_sitenote_active":false,"_monsterinsights_sitenote_note":"","_monsterinsights_sitenote_category":0},"product_brand":[],"product_cat":[12291,14777],"product_tag":[],"class_list":{"0":"post-733858","1":"product","2":"type-product","3":"status-publish","5":"product_cat-edebiyat","6":"product_cat-fantastik","7":"pa_cilt-ciltli","8":"pa_tur-kitap","9":"pa_yayinevi-ithaki-yayinlari","10":"pa_yazar-neil-gaiman","12":"first","13":"instock","14":"sale","15":"shipping-taxable","16":"purchasable","17":"product-type-simple"},"_links":{"self":[{"href":"https:\/\/roveyayinevi.com.tr\/index.php\/wp-json\/wp\/v2\/product\/733858","targetHints":{"allow":["GET"]}}],"collection":[{"href":"https:\/\/roveyayinevi.com.tr\/index.php\/wp-json\/wp\/v2\/product"}],"about":[{"href":"https:\/\/roveyayinevi.com.tr\/index.php\/wp-json\/wp\/v2\/types\/product"}],"wp:attachment":[{"href":"https:\/\/roveyayinevi.com.tr\/index.php\/wp-json\/wp\/v2\/media?parent=733858"}],"wp:term":[{"taxonomy":"product_brand","embeddable":true,"href":"https:\/\/roveyayinevi.com.tr\/index.php\/wp-json\/wp\/v2\/product_brand?post=733858"},{"taxonomy":"product_cat","embeddable":true,"href":"https:\/\/roveyayinevi.com.tr\/index.php\/wp-json\/wp\/v2\/product_cat?post=733858"},{"taxonomy":"product_tag","embeddable":true,"href":"https:\/\/roveyayinevi.com.tr\/index.php\/wp-json\/wp\/v2\/product_tag?post=733858"}],"curies":[{"name":"wp","href":"https:\/\/api.w.org\/{rel}","templated":true}]}}