{"id":733857,"date":"2025-08-27T22:17:55","date_gmt":"2025-08-27T19:17:55","guid":{"rendered":"https:\/\/roveyayinevi.com.tr\/index.php\/urun\/florida\/"},"modified":"2026-04-16T02:41:37","modified_gmt":"2026-04-15T23:41:37","slug":"florida","status":"publish","type":"product","link":"https:\/\/roveyayinevi.com.tr\/index.php\/urun\/florida\/","title":{"rendered":"Florida"},"content":{"rendered":"<p>Granta dergisi taraf\u0131ndan en iyi gen\u00e7 Amerikal\u0131 yazarlar aras\u0131nda g\u00f6sterilen, kitaplar\u0131 New York Times \u00e7oksatanlar listesine giren, 2018\u2019de Guggenheim edebiyat bursuna lay\u0131k g\u00f6r\u00fclen Lauren Groff ayn\u0131 y\u0131l Ulusal Kitap Vakf\u0131 Kurgu \u00d6d\u00fcl\u00fc i\u00e7in finale kald\u0131\u011f\u0131 Florida\u2019da okurun elinden tutup onu yaban\u0131n ve kentin birbirine kar\u0131\u015ft\u0131\u011f\u0131 bir \u00e2leme, turistik reklamlar\u0131n \u00f6tesinde bir d\u00fcnyaya g\u00f6t\u00fcr\u00fcyor.   Florida\u2019daki \u00f6yk\u00fclerin sat\u0131rlar\u0131n\u0131n aras\u0131nda bir panter geziniyor, kas\u0131rga iki k\u0131z karde\u015fin hayaletiyle beraber geliyor, anneler \u00e7ocuklar\u0131n\u0131 yeti\u015ftirmeye \u00e7al\u0131\u015f\u0131yor, bir yazar Maupassant\u2019\u0131n edebiyat\u0131n\u0131n pe\u015fine d\u00fc\u015f\u00fcyor, bir kad\u0131n hayat\u0131n\u0131 k\u00f6k\u00fcnden de\u011fi\u015ftirip sokaklarda ya\u015famaya karar veriyor. Burada yaln\u0131z o\u011flanlar b\u00fcy\u00fcyor, yaln\u0131z kad\u0131nlar hayatta kalmaya \u00e7al\u0131\u015f\u0131yorlar. G\u00fcne\u015fli manzaralar ac\u0131y\u0131 saklamakta maharetli olabilir belki ama ya\u015fam kendini g\u00f6stermekten, \u015fifa aramaktan vazge\u00e7miyor.   Lauren Groff\u2019un farkl\u0131 on y\u0131llar hatta y\u00fczy\u0131llarda ge\u00e7en \u00f6yk\u00fcleriyle Florida \u00e7aresizli\u011fin kas\u0131rgalar\u0131 kadar umudun ka\u00e7\u0131n\u0131lmazl\u0131\u011f\u0131na dair de bir kitap.\u201cLauren Groff kudretli ve zarif bir yazar, neslinin en iyilerinden.\u201d \u2013Jess Walter   \u201cFlorida\u2019daki ya\u011fmurlar\u0131n dini bir yan\u0131 var denilebilir. Semavi olanla d\u00fcnyevi olan\u0131n aras\u0131ndaki s\u0131n\u0131rlar d\u00fczenli bi\u00e7imde bozuluyor. Florida insanlar ile \u2013hi\u00e7birimizin kendi tercihiyle bulunmad\u0131\u011f\u0131\u2013 gezegenimiz aras\u0131ndaki ili\u015fkinin, h\u00e2kimiyet ve teslimiyetin iktidar m\u00fccadelesini a\u015ft\u0131\u011f\u0131n\u0131 anlat\u0131yor.\u201d \u2013The Paris Review <\/p>\n","protected":false},"excerpt":{"rendered":"<p>Granta dergisi taraf\u0131ndan en iyi gen\u00e7 Amerikal\u0131 yazarlar aras\u0131nda g\u00f6sterilen, kitaplar\u0131 New York Times \u00e7oksatanlar listesine giren, 2018\u2019de Guggenheim edebiyat bursuna lay\u0131k g\u00f6r\u00fclen Lauren Groff ayn\u0131<span class=\"excerpt-hellip\"> [\u2026]<\/span><\/p>\n","protected":false},"featured_media":0,"template":"","meta":{"_monsterinsights_skip_tracking":false,"_monsterinsights_sitenote_active":false,"_monsterinsights_sitenote_note":"","_monsterinsights_sitenote_category":0},"product_brand":[],"product_cat":[12291,12711],"product_tag":[],"class_list":{"0":"post-733857","1":"product","2":"type-product","3":"status-publish","5":"product_cat-edebiyat","6":"product_cat-roman-oyku","7":"pa_cilt-ciltsiz","8":"pa_tur-kitap","9":"pa_yayinevi-ithaki-yayinlari","10":"pa_yazar-lauren-groff","12":"first","13":"instock","14":"sale","15":"shipping-taxable","16":"purchasable","17":"product-type-simple"},"_links":{"self":[{"href":"https:\/\/roveyayinevi.com.tr\/index.php\/wp-json\/wp\/v2\/product\/733857","targetHints":{"allow":["GET"]}}],"collection":[{"href":"https:\/\/roveyayinevi.com.tr\/index.php\/wp-json\/wp\/v2\/product"}],"about":[{"href":"https:\/\/roveyayinevi.com.tr\/index.php\/wp-json\/wp\/v2\/types\/product"}],"wp:attachment":[{"href":"https:\/\/roveyayinevi.com.tr\/index.php\/wp-json\/wp\/v2\/media?parent=733857"}],"wp:term":[{"taxonomy":"product_brand","embeddable":true,"href":"https:\/\/roveyayinevi.com.tr\/index.php\/wp-json\/wp\/v2\/product_brand?post=733857"},{"taxonomy":"product_cat","embeddable":true,"href":"https:\/\/roveyayinevi.com.tr\/index.php\/wp-json\/wp\/v2\/product_cat?post=733857"},{"taxonomy":"product_tag","embeddable":true,"href":"https:\/\/roveyayinevi.com.tr\/index.php\/wp-json\/wp\/v2\/product_tag?post=733857"}],"curies":[{"name":"wp","href":"https:\/\/api.w.org\/{rel}","templated":true}]}}