{"id":733855,"date":"2025-08-27T22:17:54","date_gmt":"2025-08-27T19:17:54","guid":{"rendered":"https:\/\/roveyayinevi.com.tr\/index.php\/urun\/bireysel-sporlarda-yaralanma\/"},"modified":"2026-04-16T02:41:37","modified_gmt":"2026-04-15T23:41:37","slug":"bireysel-sporlarda-yaralanma","status":"publish","type":"product","link":"https:\/\/roveyayinevi.com.tr\/index.php\/urun\/bireysel-sporlarda-yaralanma\/","title":{"rendered":"Bireysel Sporlarda Yaralanma"},"content":{"rendered":"<p>1.      Sporda Yaralanmaya \u0130li\u015fkin Genel Bilgiler 1.1.   Sporun Tanimi 1.2.   Sporun \u00d6nemi 1.3.   Spor Bran\u015flari \u0130le \u0130lgili Temel Bilgiler 1.4.   Sporda Yaralanma 1.5.   Sporda Yaralanmalar Neden Olu\u015fur? 1.6.   Yaralanma Tipleri 1.7.   Sporda G\u00f6r\u00fclen Yaralanma T\u00fcrleri 1.8.   Sporda Yaralanma Nedenleri 1.9.   Spor Yaralanmalarini \u00d6nleme Prensipleri 1.10.                   Sporda Yaralanma B\u00f6lgeleri 1.11.                   Spor Yaralanmalarindaki Tedavi Y\u00f6ntemler 2.      Ara\u015ftirmanin Evren, \u00d6rneklem Ve Anket \u0130\u00e7eri\u011fine \u0130li\u015fkin Bilgiler 2.1.   Materyal Metod 2.2.   Bulgular 3.      Tarti\u015fma Ve Sonu\u00e7 <\/p>\n","protected":false},"excerpt":{"rendered":"<p>1. Sporda Yaralanmaya \u0130li\u015fkin Genel Bilgiler 1.1. Sporun Tanimi 1.2. Sporun \u00d6nemi 1.3. Spor Bran\u015flari \u0130le \u0130lgili Temel Bilgiler 1.4. Sporda Yaralanma 1.5. Sporda Yaralanmalar Neden<span class=\"excerpt-hellip\"> [\u2026]<\/span><\/p>\n","protected":false},"featured_media":0,"template":"","meta":{"_monsterinsights_skip_tracking":false,"_monsterinsights_sitenote_active":false,"_monsterinsights_sitenote_note":"","_monsterinsights_sitenote_category":0},"product_brand":[],"product_cat":[15563,15564],"product_tag":[],"class_list":{"0":"post-733855","1":"product","2":"type-product","3":"status-publish","5":"product_cat-hobi","6":"product_cat-spor","7":"pa_cilt-ciltsiz","8":"pa_tur-kitap","9":"pa_yayinevi-gazi-kitabevi","10":"pa_yazar-harun-koc-omer-kaynar","12":"first","13":"instock","14":"sale","15":"shipping-taxable","16":"purchasable","17":"product-type-simple"},"_links":{"self":[{"href":"https:\/\/roveyayinevi.com.tr\/index.php\/wp-json\/wp\/v2\/product\/733855","targetHints":{"allow":["GET"]}}],"collection":[{"href":"https:\/\/roveyayinevi.com.tr\/index.php\/wp-json\/wp\/v2\/product"}],"about":[{"href":"https:\/\/roveyayinevi.com.tr\/index.php\/wp-json\/wp\/v2\/types\/product"}],"wp:attachment":[{"href":"https:\/\/roveyayinevi.com.tr\/index.php\/wp-json\/wp\/v2\/media?parent=733855"}],"wp:term":[{"taxonomy":"product_brand","embeddable":true,"href":"https:\/\/roveyayinevi.com.tr\/index.php\/wp-json\/wp\/v2\/product_brand?post=733855"},{"taxonomy":"product_cat","embeddable":true,"href":"https:\/\/roveyayinevi.com.tr\/index.php\/wp-json\/wp\/v2\/product_cat?post=733855"},{"taxonomy":"product_tag","embeddable":true,"href":"https:\/\/roveyayinevi.com.tr\/index.php\/wp-json\/wp\/v2\/product_tag?post=733855"}],"curies":[{"name":"wp","href":"https:\/\/api.w.org\/{rel}","templated":true}]}}