{"id":733854,"date":"2025-08-27T22:17:53","date_gmt":"2025-08-27T19:17:53","guid":{"rendered":"https:\/\/roveyayinevi.com.tr\/index.php\/urun\/turkiye-ekonomisini-anlamak-yakin-tarihten-gunumuze-donusum-notlari\/"},"modified":"2026-04-16T02:41:37","modified_gmt":"2026-04-15T23:41:37","slug":"turkiye-ekonomisini-anlamak-yakin-tarihten-gunumuze-donusum-notlari","status":"publish","type":"product","link":"https:\/\/roveyayinevi.com.tr\/index.php\/urun\/turkiye-ekonomisini-anlamak-yakin-tarihten-gunumuze-donusum-notlari\/","title":{"rendered":"T\u00fcrkiye Ekonomisini Anlamak Yak\u0131n Tarihten G\u00fcn\u00fcm\u00fcze D\u00f6n\u00fc\u015f\u00fcm Notlar\u0131"},"content":{"rendered":"<p>1.      T\u00dcRK\u0130YE EKONOM\u0130S\u0130NDE \u0130\u015e G\u00dcC\u00dc P\u0130YASASININ TRANSFORMASYONU 2.      NEOL\u0130BERAL POL\u0130T\u0130KALAR E\u015eL\u0130\u011e\u0130NDE T\u00dcRK\u0130YE EKONOM\u0130S\u0130NDE \u0130\u015e ARAMA KANALLARININ ETK\u0130NL\u0130\u011e\u0130 \u00dcZER\u0130NE UYGULAMALI B\u0130R \u00c7ALI\u015eMA 3.      2000 SONRASI T\u00dcRK\u0130YE\u2019N\u0130N B\u00dcY\u00dcME MODEL\u0130NDE D\u00d6N\u00dc\u015e\u00dcM 4.      YATIRIMLARIN GEL\u0130R\u0130N TEKRAR B\u00d6L\u00dc\u015e\u00dcM\u00dc A\u00c7ISINDAN YAYILIM ETK\u0130S\u0130: KANT\u0130L REGRESYON YAKLA\u015eIMI 5.      1980 SONRASI \u0130HRACATA Y\u00d6NEL\u0130K SANAY\u0130LE\u015eME VE DI\u015e T\u0130CARET POL\u0130T\u0130KALARININ ENTEGRASYONU 6.      T\u00dcRK\u0130YE EKONOM\u0130S\u0130N\u0130N K\u00dcRESEL F\u0130NANS S\u0130STEM\u0130NE ENTEGRASYONU: F\u0130NANSAL L\u0130BERALLE\u015eMEDEN F\u0130NANSALLA\u015eMAYA 7.      XXI. Y\u00dcZYILDA T\u00dcRK\u0130YE\u2019DE F\u0130YAT \u0130ST\u0130KRARININ SA\u011eLANMASINDA ENFLASYON HEDEFLEMES\u0130 D\u00d6N\u00dc\u015e\u00dcM\u00dc 8.      T\u00dcRK\u0130YE\u2019DE PARA POL\u0130T\u0130KASI UYGULAMALARI 9.      T\u00dcRK\u0130YE EKONOM\u0130S\u0130N\u0130N SON 20 YILINDA MAL\u0130YE POL\u0130T\u0130KASININ D\u00d6N\u00dc\u015e\u00dcM\u00dc <\/p>\n","protected":false},"excerpt":{"rendered":"<p>1. T\u00dcRK\u0130YE EKONOM\u0130S\u0130NDE \u0130\u015e G\u00dcC\u00dc P\u0130YASASININ TRANSFORMASYONU 2. NEOL\u0130BERAL POL\u0130T\u0130KALAR E\u015eL\u0130\u011e\u0130NDE T\u00dcRK\u0130YE EKONOM\u0130S\u0130NDE \u0130\u015e ARAMA KANALLARININ ETK\u0130NL\u0130\u011e\u0130 \u00dcZER\u0130NE UYGULAMALI B\u0130R \u00c7ALI\u015eMA 3. 2000 SONRASI T\u00dcRK\u0130YE\u2019N\u0130N B\u00dcY\u00dcME<span class=\"excerpt-hellip\"> [\u2026]<\/span><\/p>\n","protected":false},"featured_media":0,"template":"","meta":{"_monsterinsights_skip_tracking":false,"_monsterinsights_sitenote_active":false,"_monsterinsights_sitenote_note":"","_monsterinsights_sitenote_category":0},"product_brand":[],"product_cat":[13043,14144],"product_tag":[],"class_list":{"0":"post-733854","1":"product","2":"type-product","3":"status-publish","5":"product_cat-ekonomi","6":"product_cat-turkiye-ekonomisi","7":"pa_cilt-ciltsiz","8":"pa_tur-kitap","9":"pa_yayinevi-gazi-kitabevi","10":"pa_yazar-togan-karatas","12":"first","13":"instock","14":"sale","15":"shipping-taxable","16":"purchasable","17":"product-type-simple"},"_links":{"self":[{"href":"https:\/\/roveyayinevi.com.tr\/index.php\/wp-json\/wp\/v2\/product\/733854","targetHints":{"allow":["GET"]}}],"collection":[{"href":"https:\/\/roveyayinevi.com.tr\/index.php\/wp-json\/wp\/v2\/product"}],"about":[{"href":"https:\/\/roveyayinevi.com.tr\/index.php\/wp-json\/wp\/v2\/types\/product"}],"wp:attachment":[{"href":"https:\/\/roveyayinevi.com.tr\/index.php\/wp-json\/wp\/v2\/media?parent=733854"}],"wp:term":[{"taxonomy":"product_brand","embeddable":true,"href":"https:\/\/roveyayinevi.com.tr\/index.php\/wp-json\/wp\/v2\/product_brand?post=733854"},{"taxonomy":"product_cat","embeddable":true,"href":"https:\/\/roveyayinevi.com.tr\/index.php\/wp-json\/wp\/v2\/product_cat?post=733854"},{"taxonomy":"product_tag","embeddable":true,"href":"https:\/\/roveyayinevi.com.tr\/index.php\/wp-json\/wp\/v2\/product_tag?post=733854"}],"curies":[{"name":"wp","href":"https:\/\/api.w.org\/{rel}","templated":true}]}}