{"id":733852,"date":"2025-08-27T22:17:52","date_gmt":"2025-08-27T19:17:52","guid":{"rendered":"https:\/\/roveyayinevi.com.tr\/index.php\/urun\/turk-vergi-sisteminde-vergi-karmasikliginin-analizi\/"},"modified":"2026-04-16T02:41:37","modified_gmt":"2026-04-15T23:41:37","slug":"turk-vergi-sisteminde-vergi-karmasikliginin-analizi","status":"publish","type":"product","link":"https:\/\/roveyayinevi.com.tr\/index.php\/urun\/turk-vergi-sisteminde-vergi-karmasikliginin-analizi\/","title":{"rendered":"T\u00fcrk Vergi Sisteminde Vergi Karma\u015f\u0131kl\u0131\u011f\u0131n\u0131n Analizi"},"content":{"rendered":"<p>1.      Giri\u015f 2.      Vergi Karma\u015f\u0131kl\u0131\u011f\u0131: Kavramsal ve Teorik \u00c7er\u00e7eve 2.1.   Vergi Karma\u015f\u0131kl\u0131\u011f\u0131: Tan\u0131m\u0131 ve Mahiyeti 2.2.   Vergi Karma\u015f\u0131kl\u0131\u011f\u0131n\u0131n Ba\u015fl\u0131ca Nedenleri 2.3.   Vergi Karma\u015f\u0131kl\u0131\u011f\u0131n\u0131n S\u0131n\u0131fland\u0131r\u0131lmas\u0131 2.4.   Vergi Karma\u015f\u0131kl\u0131\u011f\u0131n\u0131n Etkileri 2.5.   Vergi Karma\u015f\u0131kl\u0131\u011f\u0131n\u0131n \u00d6l\u00e7\u00fcm\u00fc 3.      Vergi Sisteminde Karma\u015f\u0131kl\u0131\u011f\u0131n\u0131 Giderilmesi (Vergi Sisteminin Basitle\u015ftirilmesi) ve Se\u00e7ilmi\u015f \u00dclke Uygulamalar\u0131 3.1.   Vergi Sisteminin Basitle\u015ftirilmesi 3.2.   Se\u00e7ilmi\u015f \u00dclkelerde Vergi Sistemini Basitle\u015ftirme Giri\u015fimleri 4.      T\u00fcrk Vergi Sisteminde Vergi Karma\u015f\u0131kl\u0131\u011f\u0131n\u0131n Analizi 4.1.   Vergi Sistemi Karma\u015f\u0131kl\u0131\u011f\u0131na \u0130li\u015fkin Literat\u00fcr 4.2.   Vergi Sistemi Karma\u015f\u0131kl\u0131k Endeksinin Geli\u015ftirilmesi ve T\u00fcrk Vergi Sisteminin Karma\u015f\u0131kl\u0131\u011f\u0131n\u0131n \u00d6l\u00e7\u00fclmesi 4.3.   T\u00fcrk Vergi Sisteminin Karma\u015f\u0131kl\u0131k Seviyesinin \u00d6l\u00e7\u00fclmesi 4.4.   T\u00fcrk Vergi Sisteminin Basitle\u015ftirilmesine Y\u00f6nelik \u00d6neriler 5.      Sonu\u00e7 <\/p>\n","protected":false},"excerpt":{"rendered":"<p>1. Giri\u015f 2. Vergi Karma\u015f\u0131kl\u0131\u011f\u0131: Kavramsal ve Teorik \u00c7er\u00e7eve 2.1. Vergi Karma\u015f\u0131kl\u0131\u011f\u0131: Tan\u0131m\u0131 ve Mahiyeti 2.2. Vergi Karma\u015f\u0131kl\u0131\u011f\u0131n\u0131n Ba\u015fl\u0131ca Nedenleri 2.3. Vergi Karma\u015f\u0131kl\u0131\u011f\u0131n\u0131n S\u0131n\u0131fland\u0131r\u0131lmas\u0131 2.4. Vergi<span class=\"excerpt-hellip\"> [\u2026]<\/span><\/p>\n","protected":false},"featured_media":0,"template":"","meta":{"_monsterinsights_skip_tracking":false,"_monsterinsights_sitenote_active":false,"_monsterinsights_sitenote_note":"","_monsterinsights_sitenote_category":0},"product_brand":[],"product_cat":[13043,14381],"product_tag":[],"class_list":{"0":"post-733852","1":"product","2":"type-product","3":"status-publish","5":"product_cat-ekonomi","6":"product_cat-isletme-muhasebe-maliye","7":"pa_cilt-ciltsiz","8":"pa_tur-kitap","9":"pa_yayinevi-gazi-kitabevi","10":"pa_yazar-muharrem-cakir","12":"first","13":"instock","14":"sale","15":"shipping-taxable","16":"purchasable","17":"product-type-simple"},"_links":{"self":[{"href":"https:\/\/roveyayinevi.com.tr\/index.php\/wp-json\/wp\/v2\/product\/733852","targetHints":{"allow":["GET"]}}],"collection":[{"href":"https:\/\/roveyayinevi.com.tr\/index.php\/wp-json\/wp\/v2\/product"}],"about":[{"href":"https:\/\/roveyayinevi.com.tr\/index.php\/wp-json\/wp\/v2\/types\/product"}],"wp:attachment":[{"href":"https:\/\/roveyayinevi.com.tr\/index.php\/wp-json\/wp\/v2\/media?parent=733852"}],"wp:term":[{"taxonomy":"product_brand","embeddable":true,"href":"https:\/\/roveyayinevi.com.tr\/index.php\/wp-json\/wp\/v2\/product_brand?post=733852"},{"taxonomy":"product_cat","embeddable":true,"href":"https:\/\/roveyayinevi.com.tr\/index.php\/wp-json\/wp\/v2\/product_cat?post=733852"},{"taxonomy":"product_tag","embeddable":true,"href":"https:\/\/roveyayinevi.com.tr\/index.php\/wp-json\/wp\/v2\/product_tag?post=733852"}],"curies":[{"name":"wp","href":"https:\/\/api.w.org\/{rel}","templated":true}]}}