{"id":733846,"date":"2025-08-27T22:17:45","date_gmt":"2025-08-27T19:17:45","guid":{"rendered":"https:\/\/roveyayinevi.com.tr\/index.php\/urun\/kitap-tamircisi\/"},"modified":"2026-04-16T02:41:37","modified_gmt":"2026-04-15T23:41:37","slug":"kitap-tamircisi","status":"publish","type":"product","link":"https:\/\/roveyayinevi.com.tr\/index.php\/urun\/kitap-tamircisi\/","title":{"rendered":"Kitap Tamircisi"},"content":{"rendered":"<p>Kitap Hastal\u0131klar\u0131 Hastanesi\u2019nden emekli olan Muhsin Dede&#8217;ye bir g\u00fcn fena h\u00e2lde da\u011f\u0131lm\u0131\u015f el yazmas\u0131 bir kitap getirirler. Kitab\u0131 tamir ettik\u00e7e birbirinden \u00f6zel \u00f6yk\u00fclerle, haritalarla ve ge\u00e7mi\u015fe ait notlarla kar\u015f\u0131la\u015fan ya\u015fl\u0131 tamirci, kendini bir anda kitapla konu\u015furken bulur. Kitab\u0131 tamir ettik\u00e7e de e\u015filen da\u011flar\u0131n, kurutulan derelerin, kesilen a\u011fa\u00e7lar\u0131n, kirlenen denizlerin, betonla\u015fan \u015fehirlerin de iyile\u015fece\u011fine inanmaya ba\u015flar. \u201cBiliyor musun? \u015eimdiki \u015fehirler de t\u0131pk\u0131 senin gibi darmada\u011f\u0131n. Her yerde so\u011fuk y\u00fczl\u00fc binalar var. A\u011fa\u00e7lar\u0131, hayvanlar\u0131, hatta insanlar\u0131 bile g\u00f6rebilmek \u00e7ok g\u00fc\u00e7 art\u0131k. \u015eehirler b\u00fcy\u00fcd\u00fck\u00e7e insanlar k\u00fc\u00e7\u00fcld\u00fc.\u201d \u00d6m\u00fcr Kurt bu kitapta ger\u00e7ekle masal\u0131 bulu\u015ftururken, T\u00fcrk\u00e7enin zenginli\u011finden yararlan\u0131yor, edebiyat\u0131m\u0131za yeni bir soluk getiriyor. <\/p>\n","protected":false},"excerpt":{"rendered":"<p>Kitap Hastal\u0131klar\u0131 Hastanesi\u2019nden emekli olan Muhsin Dede&#8217;ye bir g\u00fcn fena h\u00e2lde da\u011f\u0131lm\u0131\u015f el yazmas\u0131 bir kitap getirirler. Kitab\u0131 tamir ettik\u00e7e birbirinden \u00f6zel \u00f6yk\u00fclerle, haritalarla ve ge\u00e7mi\u015fe<span class=\"excerpt-hellip\"> [\u2026]<\/span><\/p>\n","protected":false},"featured_media":0,"template":"","meta":{"_monsterinsights_skip_tracking":false,"_monsterinsights_sitenote_active":false,"_monsterinsights_sitenote_note":"","_monsterinsights_sitenote_category":0},"product_brand":[],"product_cat":[12275,12274],"product_tag":[],"class_list":{"0":"post-733846","1":"product","2":"type-product","3":"status-publish","5":"product_cat-6-12-yas-kitaplari","6":"product_cat-cocuk-ve-genclik-kitaplari","7":"pa_cilt-ciltsiz","8":"pa_tur-kitap","9":"pa_yayinevi-dogan-egmont-yayincilik","10":"pa_yazar-omur-kurt","12":"first","13":"instock","14":"sale","15":"shipping-taxable","16":"purchasable","17":"product-type-simple"},"_links":{"self":[{"href":"https:\/\/roveyayinevi.com.tr\/index.php\/wp-json\/wp\/v2\/product\/733846","targetHints":{"allow":["GET"]}}],"collection":[{"href":"https:\/\/roveyayinevi.com.tr\/index.php\/wp-json\/wp\/v2\/product"}],"about":[{"href":"https:\/\/roveyayinevi.com.tr\/index.php\/wp-json\/wp\/v2\/types\/product"}],"wp:attachment":[{"href":"https:\/\/roveyayinevi.com.tr\/index.php\/wp-json\/wp\/v2\/media?parent=733846"}],"wp:term":[{"taxonomy":"product_brand","embeddable":true,"href":"https:\/\/roveyayinevi.com.tr\/index.php\/wp-json\/wp\/v2\/product_brand?post=733846"},{"taxonomy":"product_cat","embeddable":true,"href":"https:\/\/roveyayinevi.com.tr\/index.php\/wp-json\/wp\/v2\/product_cat?post=733846"},{"taxonomy":"product_tag","embeddable":true,"href":"https:\/\/roveyayinevi.com.tr\/index.php\/wp-json\/wp\/v2\/product_tag?post=733846"}],"curies":[{"name":"wp","href":"https:\/\/api.w.org\/{rel}","templated":true}]}}