{"id":733841,"date":"2025-08-27T22:17:40","date_gmt":"2025-08-27T19:17:40","guid":{"rendered":"https:\/\/roveyayinevi.com.tr\/index.php\/urun\/karabasan-2\/"},"modified":"2026-04-16T02:41:37","modified_gmt":"2026-04-15T23:41:37","slug":"karabasan-2","status":"publish","type":"product","link":"https:\/\/roveyayinevi.com.tr\/index.php\/urun\/karabasan-2\/","title":{"rendered":"Karabasan"},"content":{"rendered":"<p>Taht Oyunlar\u0131 serisinin usta yazar\u0131 George R. R. Martin, vampir k\u00fclt\u00fcn\u00fc kendine has bak\u0131\u015f tarz\u0131yla tersy\u00fcz ediyor.   Ba\u015f\u0131na buyruk bir nehir gemisi kaptan\u0131 olan Abner Marsh, zengin bir aristokrat kendisine \u00e7ok k\u00e2rl\u0131 bir teklifle yakla\u015ft\u0131\u011f\u0131nda bu i\u015fte bir bit yeni\u011fi oldu\u011fundan \u015f\u00fcphelenir. \u00dcrk\u00fct\u00fcc\u00fc bi\u00e7imde solgun bir tene ve sert bak\u0131\u015flara sahip Joshua York, ne 1857\u2019nin buzlu k\u0131\u015f\u0131n\u0131n Marsh\u2019\u0131n bir tanesi d\u0131\u015f\u0131nda t\u00fcm filosunu yok etmesini ne de 10 y\u0131l i\u00e7inde yat\u0131r\u0131m\u0131n\u0131 geri alabilece\u011fini umursamaktad\u0131r.   Marsh onun teklifini reddetmeye niyetlenir. Bu kadar \u00e7ok gizemin beladan ba\u015fka bir \u015fey getirmeyece\u011finden emindir. Ama a\u00e7g\u00f6zl\u00fcl\u00fc\u011f\u00fc ve kibri, York\u2019un b\u00fcy\u00fcleyici bak\u0131\u015flar\u0131yla birle\u015fti\u011finde t\u00fcm kararl\u0131l\u0131\u011f\u0131 yerle bir olur.   Ba\u015fta York\u2019un hareketleri ne denli tuhaf, keyfi ve kaprisli olsa da Marsh onun zorlu Mississippi\u2019yi kat etme nedenlerini umursamaz. Ta ki yeni yandan-\u00e7arkl\u0131s\u0131 Humma R\u00fcyas\u0131\u2019n\u0131n, ilk yolculu\u011funda en korkun\u00e7 k\u00e2busundan daha tekinsiz ve insano\u011flunun en olanaks\u0131z hayalinden daha soylu bir g\u00f6reve \u00e7\u0131kt\u0131\u011f\u0131n\u0131 fark edene kadar.   \u201cDevrimsel bir \u00e7al\u0131\u015fma olarak Anne Rice\u2019\u0131n Vampirle G\u00f6r\u00fc\u015fme\u2019sinin yan\u0131nda yer al\u0131yor.\u201d  Rocky Mountain News   \u201cHem Stephen King hem de Mark Twain hayranlar\u0131n\u0131 memnun edecek bir roman&#8230; karanl\u0131k bir \u015fekilde romantik, t\u00fcyler \u00fcrpertici&#8230; g\u00fcmb\u00fcr g\u00fcmb\u00fcr bir ba\u015far\u0131.\u201d Bu \u00d6l\u00fcms\u00fcz ve I\u015f\u0131k Tanr\u0131s\u0131 kitaplar\u0131n\u0131n yazar\u0131 Roger Zelazny  <\/p>\n","protected":false},"excerpt":{"rendered":"<p>Taht Oyunlar\u0131 serisinin usta yazar\u0131 George R. R. Martin, vampir k\u00fclt\u00fcn\u00fc kendine has bak\u0131\u015f tarz\u0131yla tersy\u00fcz ediyor. Ba\u015f\u0131na buyruk bir nehir gemisi kaptan\u0131 olan Abner Marsh,<span class=\"excerpt-hellip\"> [\u2026]<\/span><\/p>\n","protected":false},"featured_media":0,"template":"","meta":{"_monsterinsights_skip_tracking":false,"_monsterinsights_sitenote_active":false,"_monsterinsights_sitenote_note":"","_monsterinsights_sitenote_category":0},"product_brand":[],"product_cat":[12291,14777],"product_tag":[],"class_list":{"0":"post-733841","1":"product","2":"type-product","3":"status-publish","5":"product_cat-edebiyat","6":"product_cat-fantastik","7":"pa_cilt-ciltsiz","8":"pa_tur-kitap","9":"pa_yayinevi-dex-yayinevi","10":"pa_yazar-george-r-r-martin","12":"first","13":"instock","14":"sale","15":"shipping-taxable","16":"purchasable","17":"product-type-simple"},"_links":{"self":[{"href":"https:\/\/roveyayinevi.com.tr\/index.php\/wp-json\/wp\/v2\/product\/733841","targetHints":{"allow":["GET"]}}],"collection":[{"href":"https:\/\/roveyayinevi.com.tr\/index.php\/wp-json\/wp\/v2\/product"}],"about":[{"href":"https:\/\/roveyayinevi.com.tr\/index.php\/wp-json\/wp\/v2\/types\/product"}],"wp:attachment":[{"href":"https:\/\/roveyayinevi.com.tr\/index.php\/wp-json\/wp\/v2\/media?parent=733841"}],"wp:term":[{"taxonomy":"product_brand","embeddable":true,"href":"https:\/\/roveyayinevi.com.tr\/index.php\/wp-json\/wp\/v2\/product_brand?post=733841"},{"taxonomy":"product_cat","embeddable":true,"href":"https:\/\/roveyayinevi.com.tr\/index.php\/wp-json\/wp\/v2\/product_cat?post=733841"},{"taxonomy":"product_tag","embeddable":true,"href":"https:\/\/roveyayinevi.com.tr\/index.php\/wp-json\/wp\/v2\/product_tag?post=733841"}],"curies":[{"name":"wp","href":"https:\/\/api.w.org\/{rel}","templated":true}]}}