{"id":733840,"date":"2025-08-27T22:17:39","date_gmt":"2025-08-27T19:17:39","guid":{"rendered":"https:\/\/roveyayinevi.com.tr\/index.php\/urun\/aglamiyorum-gozume-egitim-kacti\/"},"modified":"2026-04-16T02:41:37","modified_gmt":"2026-04-15T23:41:37","slug":"aglamiyorum-gozume-egitim-kacti","status":"publish","type":"product","link":"https:\/\/roveyayinevi.com.tr\/index.php\/urun\/aglamiyorum-gozume-egitim-kacti\/","title":{"rendered":"A\u011flam\u0131yorum G\u00f6z\u00fcme E\u011fitim Ka\u00e7t\u0131"},"content":{"rendered":"<p>\u201cE\u011fitim, \u00e7ocu\u011fumun, \u00f6\u011frencimin i\u00e7indeki co\u015fkuyu, yarat\u0131c\u0131l\u0131\u011f\u0131, sevgiyi, d\u00fcnyaya duydu\u011fu ilgiyi \u00f6ld\u00fcrmesin; \u00e7\u00fcnk\u00fc insan bir say\u0131, hayat da bir \u015f\u0131k de\u011fil\u201d diyen ebeveynler, \u00f6\u011fretmenler ve hayata dair heyecan\u0131n\u0131 hi\u00e7 yitirmeyenler; bu kitap sizin i\u00e7in. Okuyun, hep birlikte de\u011fi\u015ftirelim.   \u201cSekiz ya\u015f\u0131ndaki bir \u00e7ocu\u011fun sabah uyanmamak umuduyla dua ederek yatt\u0131\u011f\u0131 bir \u00fclke, hi\u00e7birimizin hayali de\u011fil ama ger\u00e7ek. Gece yata\u011fa girerken g\u00fcl\u00fcmseyen, b\u00fcy\u00fck hayallerini besleyerek nice umutlarla uykuya dalan \u00e7ocuklar\u0131n hayaliyle ve bir \u015feyleri de\u011fi\u015ftirebilme inanc\u0131yla yaz\u0131yorum.  23 y\u0131ld\u0131r okulda olan biri olarak de\u011fi\u015fimin ba\u015flad\u0131\u011f\u0131 yerin okul de\u011fil, evlerimizin i\u00e7i oldu\u011funun fark\u0131nday\u0131m. Tam da bu nedenle sevgili anne ve babalar, bu kitap sizler i\u00e7in. Biliyorum ki bu \u00fclkenin milyonlarca \u00e7ocu\u011fu \u00f6rselenmi\u015f olarak okula ba\u015fl\u0131yor, \u00f6\u011fretmeninden g\u00f6rd\u00fc\u011f\u00fc sevgi ile y\u00fcz\u00fcnde g\u00fcller a\u00e7\u0131yor; i\u015fte tam da bu nedenle sevgili \u00f6\u011fretmenler, bu kitap ayn\u0131 zamanda sizler i\u00e7in.   Bu co\u011frafyada kendimizden \u00e7ok \u00e7ocuklar\u0131m\u0131z\u0131 d\u00fc\u015f\u00fcn\u00fcyor, onlar i\u00e7in en iyisini yapmaya \u00e7al\u0131\u015f\u0131yoruz. Evde \u00e7ocuklar\u0131m\u0131za verdi\u011fimiz zarar\u0131n fark\u0131nda olmadan, okulda alacaklar\u0131 e\u011fitimle ba\u015far\u0131l\u0131 \u00e7ocuk yeti\u015ftirece\u011fimizi zannediyoruz. Okulun, \u00e7ocuklar\u0131m\u0131z\u0131n hayat\u0131ndan \u00e7ald\u0131\u011f\u0131n\u0131n fark\u0131nda olmadan koca bir yalana tutunuyor ve ad\u0131na e\u011fitim sistemi denen bu \u00e7arkon i\u00e7inde \u00e7ocuklar\u0131m\u0131z\u0131n umutlar\u0131n\u0131n t\u00fcketilmesine m\u00fcsaade ediyoruz.\u201d <\/p>\n","protected":false},"excerpt":{"rendered":"<p>\u201cE\u011fitim, \u00e7ocu\u011fumun, \u00f6\u011frencimin i\u00e7indeki co\u015fkuyu, yarat\u0131c\u0131l\u0131\u011f\u0131, sevgiyi, d\u00fcnyaya duydu\u011fu ilgiyi \u00f6ld\u00fcrmesin; \u00e7\u00fcnk\u00fc insan bir say\u0131, hayat da bir \u015f\u0131k de\u011fil\u201d diyen ebeveynler, \u00f6\u011fretmenler ve hayata dair<span class=\"excerpt-hellip\"> [\u2026]<\/span><\/p>\n","protected":false},"featured_media":0,"template":"","meta":{"_monsterinsights_skip_tracking":false,"_monsterinsights_sitenote_active":false,"_monsterinsights_sitenote_note":"","_monsterinsights_sitenote_category":0},"product_brand":[],"product_cat":[13072,12291],"product_tag":[],"class_list":{"0":"post-733840","1":"product","2":"type-product","3":"status-publish","5":"product_cat-arastirma-inceleme-referans","6":"product_cat-edebiyat","7":"pa_cilt-ciltsiz","8":"pa_tur-kitap","9":"pa_yayinevi-dogan-kitap","10":"pa_yazar-mujdat-ataman","12":"first","13":"instock","14":"sale","15":"shipping-taxable","16":"purchasable","17":"product-type-simple"},"_links":{"self":[{"href":"https:\/\/roveyayinevi.com.tr\/index.php\/wp-json\/wp\/v2\/product\/733840","targetHints":{"allow":["GET"]}}],"collection":[{"href":"https:\/\/roveyayinevi.com.tr\/index.php\/wp-json\/wp\/v2\/product"}],"about":[{"href":"https:\/\/roveyayinevi.com.tr\/index.php\/wp-json\/wp\/v2\/types\/product"}],"wp:attachment":[{"href":"https:\/\/roveyayinevi.com.tr\/index.php\/wp-json\/wp\/v2\/media?parent=733840"}],"wp:term":[{"taxonomy":"product_brand","embeddable":true,"href":"https:\/\/roveyayinevi.com.tr\/index.php\/wp-json\/wp\/v2\/product_brand?post=733840"},{"taxonomy":"product_cat","embeddable":true,"href":"https:\/\/roveyayinevi.com.tr\/index.php\/wp-json\/wp\/v2\/product_cat?post=733840"},{"taxonomy":"product_tag","embeddable":true,"href":"https:\/\/roveyayinevi.com.tr\/index.php\/wp-json\/wp\/v2\/product_tag?post=733840"}],"curies":[{"name":"wp","href":"https:\/\/api.w.org\/{rel}","templated":true}]}}