{"id":733839,"date":"2025-08-27T22:17:38","date_gmt":"2025-08-27T19:17:38","guid":{"rendered":"https:\/\/roveyayinevi.com.tr\/index.php\/urun\/almanca-seyahatnamelerde-osmanli-sehirleri-1850-1912\/"},"modified":"2025-12-30T10:45:08","modified_gmt":"2025-12-30T07:45:08","slug":"almanca-seyahatnamelerde-osmanli-sehirleri-1850-1912","status":"publish","type":"product","link":"https:\/\/roveyayinevi.com.tr\/index.php\/urun\/almanca-seyahatnamelerde-osmanli-sehirleri-1850-1912\/","title":{"rendered":"Almanca Seyahatnamelerde Osmanl\u0131 S\u0327ehirleri 1850-1912"},"content":{"rendered":"<p>Seyahatnameler tarihyaz\u0131m\u0131nda kaynak olarak pek s\u0131k kullan\u0131lmasa da, gerc\u0327ekte yaz\u0131ld\u0131klar\u0131 do\u0308neme dair son derece zengin bir bilgi, go\u0308zlem ve izlenim dag\u0306arc\u0131g\u0306\u0131 sunabiliyorlar. Aysel Kaya, Almanca Seyahatnamelerde Osmanl\u0131 S\u0327ehirleri 1850-1912 \u2019de, 19. yu\u0308zy\u0131l\u0131n ikinci yar\u0131s\u0131 ile 20. yu\u0308zy\u0131l\u0131n bas\u0327\u0131 aras\u0131nda farkl\u0131 amac\u0327larla Osmanl\u0131 \u0130mparatorlug\u0306u\u2019nu ziyaret etmis\u0327 Alman ve Avusturyal\u0131 seyyahlar\u0131n izini su\u0308rerek alana o\u0308nemli bir katk\u0131da bulunuyor. Kimi haber edinme ve casusluk amac\u0131yla, kimi de bilimsel aras\u0327t\u0131rma ya da yeni yerler kes\u0327fetme merak\u0131yla u\u0308lkeye gelen kis\u0327ilerin go\u0308zu\u0308nden ekonomiden cog\u0306rafyaya, sosyal yas\u0327amdan mimariye ayr\u0131nt\u0131l\u0131 tasvirlerde bulunuyor. Ortaya, hayat\u0131n her alan\u0131nda modernles\u0327me s\u0131nav\u0131 verirken s\u0131k\u0131 bir do\u0308nu\u0308s\u0327u\u0308mden gec\u0327en Osmanl\u0131 toplumunun dinamik ve canl\u0131 bir portresi c\u0327\u0131k\u0131yor.\u201cBu kitab\u0131n yaz\u0131m\u0131nda ele al\u0131nan seyahatnameler, birc\u0327ok disiplini kapsayan oldukc\u0327a genis\u0327 bir do\u0308nem panoramas\u0131 sunuyorlar. \u00d6zellikle 1850-1912 y\u0131llar\u0131 aras\u0131nda Osmanl\u0131 toplumunun s\u0327ehirdeki ve k\u0131rsaldaki gu\u0308ndelik hayat\u0131n\u0131n, dig\u0306er devletlerle ilis\u0327kilerinin ve u\u0308lkenin ekonomik yap\u0131s\u0131n\u0131n anlas\u0327\u0131lmas\u0131 bak\u0131m\u0131ndan bu seyahatnameler o\u0308nemli yer tutuyorlar. Kitapta \u2018seyahatname\u2019 olarak adland\u0131r\u0131lsa da, bunlar\u0131n asl\u0131nda s\u0131radan eserler olmad\u0131g\u0306\u0131n\u0131 vurgulamak gerekir. Zira bu eserleri yazanlar, yani \u2018seyyahlar\u2019 s\u0131radan insanlar deg\u0306ildi. Do\u0308nemin Osmanl\u0131 toplumunu ve Anadolu\u2019yu derinlemesine bir bak\u0131s\u0327la anlatm\u0131s\u0327lard\u0131.\u201dAysel Kaya<\/p>\n","protected":false},"excerpt":{"rendered":"<p>Seyahatnameler tarihyaz\u0131m\u0131nda kaynak olarak pek s\u0131k kullan\u0131lmasa da, gerc\u0327ekte yaz\u0131ld\u0131klar\u0131 do\u0308neme dair son derece zengin bir bilgi, go\u0308zlem ve izlenim dag\u0306arc\u0131g\u0306\u0131 sunabiliyorlar. Aysel Kaya, Almanca Seyahatnamelerde<span class=\"excerpt-hellip\"> [\u2026]<\/span><\/p>\n","protected":false},"featured_media":0,"template":"","meta":{"_monsterinsights_skip_tracking":false,"_monsterinsights_sitenote_active":false,"_monsterinsights_sitenote_note":"","_monsterinsights_sitenote_category":0},"product_brand":[],"product_cat":[12312,12304],"product_tag":[],"class_list":{"0":"post-733839","1":"product","2":"type-product","3":"status-publish","5":"product_cat-diger","6":"product_cat-tarih","7":"pa_cilt-ciltsiz","8":"pa_tur-kitap","9":"pa_yayinevi-iletisim-yayinlari","10":"pa_yazar-aysel-kaya","12":"first","13":"instock","14":"sale","15":"shipping-taxable","16":"purchasable","17":"product-type-simple"},"_links":{"self":[{"href":"https:\/\/roveyayinevi.com.tr\/index.php\/wp-json\/wp\/v2\/product\/733839","targetHints":{"allow":["GET"]}}],"collection":[{"href":"https:\/\/roveyayinevi.com.tr\/index.php\/wp-json\/wp\/v2\/product"}],"about":[{"href":"https:\/\/roveyayinevi.com.tr\/index.php\/wp-json\/wp\/v2\/types\/product"}],"wp:attachment":[{"href":"https:\/\/roveyayinevi.com.tr\/index.php\/wp-json\/wp\/v2\/media?parent=733839"}],"wp:term":[{"taxonomy":"product_brand","embeddable":true,"href":"https:\/\/roveyayinevi.com.tr\/index.php\/wp-json\/wp\/v2\/product_brand?post=733839"},{"taxonomy":"product_cat","embeddable":true,"href":"https:\/\/roveyayinevi.com.tr\/index.php\/wp-json\/wp\/v2\/product_cat?post=733839"},{"taxonomy":"product_tag","embeddable":true,"href":"https:\/\/roveyayinevi.com.tr\/index.php\/wp-json\/wp\/v2\/product_tag?post=733839"}],"curies":[{"name":"wp","href":"https:\/\/api.w.org\/{rel}","templated":true}]}}