{"id":733838,"date":"2025-08-27T22:17:37","date_gmt":"2025-08-27T19:17:37","guid":{"rendered":"https:\/\/roveyayinevi.com.tr\/index.php\/urun\/saraybosna-havasi\/"},"modified":"2026-03-05T03:05:16","modified_gmt":"2026-03-05T00:05:16","slug":"saraybosna-havasi","status":"publish","type":"product","link":"https:\/\/roveyayinevi.com.tr\/index.php\/urun\/saraybosna-havasi\/","title":{"rendered":"Saraybosna Havas\u0131"},"content":{"rendered":"<p>\u201cSavas\u0327 sonras\u0131 sag\u0306 kalmak nas\u0131l bir s\u0327ey? Bazen zor, bazen katlan\u0131lmaz, bazen nes\u0327e dolu. Ama hep bir s\u0327eylerle ilintili. Yitmis\u0327 ama yok olmam\u0131s\u0327 s\u0327eyler, sahibini yitirmis\u0327 s\u0327eyler, el deg\u0306is\u0327tirmis\u0327, go\u0308c\u0327 ederken geride b\u0131rak\u0131lm\u0131s\u0327, bas\u0327ka s\u0327eylerin yerini doldurmak ic\u0327in al\u0131nm\u0131s\u0327, sahipleri belirsiz, kullan\u0131lm\u0131s\u0327, aranan ama art\u0131k hic\u0327bir yerde bulunamayan, bozuk, k\u0131r\u0131k do\u0308ku\u0308k s\u0327eyler&#8230;\u201dHalide Veliog\u0306lu, Bosnal\u0131 akrabalar\u0131 aras\u0131nda gec\u0327irdig\u0306i iki y\u0131l\u0131 anlat\u0131rken, gu\u0308ndelik hayat\u0131n harc\u0131a\u0302lem hallerinden so\u0308z eder gibi, derindeki anlam\u0131n pes\u0327ine du\u0308s\u0327u\u0308yor: Ka\u0302h oturma odalar\u0131na s\u0131zarak es\u0327yalarla kis\u0327ilerin ruh halleri aras\u0131ndaki paralellikleri bulup c\u0327\u0131kar\u0131yor, ka\u0302h en basit gu\u0308ndelik al\u0131s\u0327kanl\u0131klar\u0131n nas\u0131l savas\u0327 yaralar\u0131n\u0131 sarma arac\u0131na do\u0308nu\u0308s\u0327tu\u0308g\u0306u\u0308nu\u0308 aras\u0327t\u0131r\u0131yor. Olabildig\u0306ince hassas bir duygusal zeminde hat\u0131rlaman\u0131n, yas tutman\u0131n, u\u0308mit etmenin, evden eve, kis\u0327iden kis\u0327iye deg\u0306is\u0327en hallerini sorguluyor. Saraybosna Havas\u0131 Bosna Savas\u0327\u0131\u2019n\u0131n ezici deneyimini, u\u0308lkenin Osmanl\u0131 gec\u0327mis\u0327iyle hesaplas\u0327may\u0131, go\u0308lge gibi ko\u0308s\u0327e bas\u0327lar\u0131na sinmis\u0327 bekleyen, Balkan topraklar\u0131na has milliyetc\u0327ilikleri, yeni \u0130slami\u0302 etkilerle tedirginlik dolu al\u0131s\u0327-veris\u0327leri, eski Yugoslav kimlig\u0306iyle ka\u0302h bu\u0308tu\u0308nles\u0327en ka\u0302h ayr\u0131s\u0327an aksanl\u0131 ve k\u0131r\u0131lgan varolus\u0327lar\u0131 s\u0327efkatle ele alan, son derece o\u0308zgu\u0308n ve kuvvetli bir anlat\u0131.<\/p>\n","protected":false},"excerpt":{"rendered":"<p>\u201cSavas\u0327 sonras\u0131 sag\u0306 kalmak nas\u0131l bir s\u0327ey? Bazen zor, bazen katlan\u0131lmaz, bazen nes\u0327e dolu. Ama hep bir s\u0327eylerle ilintili. Yitmis\u0327 ama yok olmam\u0131s\u0327 s\u0327eyler, sahibini yitirmis\u0327<span class=\"excerpt-hellip\"> [\u2026]<\/span><\/p>\n","protected":false},"featured_media":0,"template":"","meta":{"_monsterinsights_skip_tracking":false,"_monsterinsights_sitenote_active":false,"_monsterinsights_sitenote_note":"","_monsterinsights_sitenote_category":0},"product_brand":[],"product_cat":[18545,12291],"product_tag":[],"class_list":{"0":"post-733838","1":"product","2":"type-product","3":"status-publish","5":"product_cat-anlati","6":"product_cat-edebiyat","7":"pa_cilt-ciltsiz","8":"pa_tur-kitap","9":"pa_yayinevi-iletisim-yayinlari","10":"pa_yazar-halide-velioglu","12":"first","13":"instock","14":"sale","15":"shipping-taxable","16":"purchasable","17":"product-type-simple"},"_links":{"self":[{"href":"https:\/\/roveyayinevi.com.tr\/index.php\/wp-json\/wp\/v2\/product\/733838","targetHints":{"allow":["GET"]}}],"collection":[{"href":"https:\/\/roveyayinevi.com.tr\/index.php\/wp-json\/wp\/v2\/product"}],"about":[{"href":"https:\/\/roveyayinevi.com.tr\/index.php\/wp-json\/wp\/v2\/types\/product"}],"wp:attachment":[{"href":"https:\/\/roveyayinevi.com.tr\/index.php\/wp-json\/wp\/v2\/media?parent=733838"}],"wp:term":[{"taxonomy":"product_brand","embeddable":true,"href":"https:\/\/roveyayinevi.com.tr\/index.php\/wp-json\/wp\/v2\/product_brand?post=733838"},{"taxonomy":"product_cat","embeddable":true,"href":"https:\/\/roveyayinevi.com.tr\/index.php\/wp-json\/wp\/v2\/product_cat?post=733838"},{"taxonomy":"product_tag","embeddable":true,"href":"https:\/\/roveyayinevi.com.tr\/index.php\/wp-json\/wp\/v2\/product_tag?post=733838"}],"curies":[{"name":"wp","href":"https:\/\/api.w.org\/{rel}","templated":true}]}}