{"id":733837,"date":"2025-08-27T22:17:35","date_gmt":"2025-08-27T19:17:35","guid":{"rendered":"https:\/\/roveyayinevi.com.tr\/index.php\/urun\/hayatta-kalma-sanatcilari\/"},"modified":"2026-02-03T02:58:14","modified_gmt":"2026-02-02T23:58:14","slug":"hayatta-kalma-sanatcilari","status":"publish","type":"product","link":"https:\/\/roveyayinevi.com.tr\/index.php\/urun\/hayatta-kalma-sanatcilari\/","title":{"rendered":"Hayatta Kalma Sanat\u00e7\u0131lar\u0131"},"content":{"rendered":"<p>S\u0327air ve yazar Hans Magnus Enzensberger, kimisi kahramanca kimisi utand\u0131r\u0131c\u0131 yollarla, ama esas olarak eseriyle hayatta kalabilmis\u0327, bu\u0308tu\u0308n du\u0308nyadan yazarlar\u0131n k\u0131sa portrelerini c\u0327iziyor.Aralar\u0131nda Hamsun, Gorki, Colette, Jaroslav Haek, Ezra Pound, Ivo Andric\u0327, Ce\u0301line, Breton, Brecht, Neruda, Baldwin, \u0130smail Kadare&#8230; gibi mes\u0327hurlar da var \u2013 o kadar fazla bilinmeyenler de. Bu arada, Orhan Veli Kan\u0131k da var. Kadri bilinmeyenler de var, s\u0327o\u0308hretle s\u0327is\u0327irilmis\u0327 olanlar da. Komu\u0308nistler, fas\u0327istler ve \u201crenksizler\u201d var. H\u0131rs ku\u0308pleri de var, inzivas\u0131na c\u0327ekilmis\u0327 olanlar da. Fikri bir yana zikri bir yana sac\u0327\u0131lanlar da var, sag\u0306lam tutarl\u0131lar da.Enzensberger, bilgiye dayanan sag\u0306lam bir tasvirle beraber o\u0308znel yorumunu da esirgemeden, 20. yu\u0308zy\u0131l\u0131n kalburu\u0308stu\u0308 99 yazar\u0131n\u0131 anlat\u0131yor. Keskin f\u0131rc\u0327a darbeleriyle c\u0327izilmis\u0327 zarif vinyetler&#8230;\u201cKitap bu\u0308yu\u0308klu\u0308k hummas\u0131na kap\u0131lan, gu\u0308mbu\u0308rtu\u0308lu\u0308 bas\u0327ar\u0131lar kazanan, sonradan go\u0308rmeler gibi bo\u0308bu\u0308rlenen ve g\u0131c\u0131rt\u0131l\u0131 bir yoksulluk ic\u0327inde bat\u0131p giden yazarlar\u0131 bir araya getiriyor.\u201dChristian Thomas Frankfurter Rundschau<\/p>\n","protected":false},"excerpt":{"rendered":"<p>S\u0327air ve yazar Hans Magnus Enzensberger, kimisi kahramanca kimisi utand\u0131r\u0131c\u0131 yollarla, ama esas olarak eseriyle hayatta kalabilmis\u0327, bu\u0308tu\u0308n du\u0308nyadan yazarlar\u0131n k\u0131sa portrelerini c\u0327iziyor.Aralar\u0131nda Hamsun, Gorki, Colette,<span class=\"excerpt-hellip\"> [\u2026]<\/span><\/p>\n","protected":false},"featured_media":0,"template":"","meta":{"_monsterinsights_skip_tracking":false,"_monsterinsights_sitenote_active":false,"_monsterinsights_sitenote_note":"","_monsterinsights_sitenote_category":0},"product_brand":[],"product_cat":[13072,12291],"product_tag":[],"class_list":{"0":"post-733837","1":"product","2":"type-product","3":"status-publish","5":"product_cat-arastirma-inceleme-referans","6":"product_cat-edebiyat","7":"pa_cilt-ciltsiz","8":"pa_tur-kitap","9":"pa_yayinevi-iletisim-yayinlari","10":"pa_yazar-hans-magnus-enzensberger","12":"first","13":"instock","14":"sale","15":"shipping-taxable","16":"purchasable","17":"product-type-simple"},"_links":{"self":[{"href":"https:\/\/roveyayinevi.com.tr\/index.php\/wp-json\/wp\/v2\/product\/733837","targetHints":{"allow":["GET"]}}],"collection":[{"href":"https:\/\/roveyayinevi.com.tr\/index.php\/wp-json\/wp\/v2\/product"}],"about":[{"href":"https:\/\/roveyayinevi.com.tr\/index.php\/wp-json\/wp\/v2\/types\/product"}],"wp:attachment":[{"href":"https:\/\/roveyayinevi.com.tr\/index.php\/wp-json\/wp\/v2\/media?parent=733837"}],"wp:term":[{"taxonomy":"product_brand","embeddable":true,"href":"https:\/\/roveyayinevi.com.tr\/index.php\/wp-json\/wp\/v2\/product_brand?post=733837"},{"taxonomy":"product_cat","embeddable":true,"href":"https:\/\/roveyayinevi.com.tr\/index.php\/wp-json\/wp\/v2\/product_cat?post=733837"},{"taxonomy":"product_tag","embeddable":true,"href":"https:\/\/roveyayinevi.com.tr\/index.php\/wp-json\/wp\/v2\/product_tag?post=733837"}],"curies":[{"name":"wp","href":"https:\/\/api.w.org\/{rel}","templated":true}]}}