{"id":733834,"date":"2025-08-27T22:17:32","date_gmt":"2025-08-27T19:17:32","guid":{"rendered":"https:\/\/roveyayinevi.com.tr\/index.php\/urun\/roman-nasil-olusturulur\/"},"modified":"2026-04-16T02:41:37","modified_gmt":"2026-04-15T23:41:37","slug":"roman-nasil-olusturulur","status":"publish","type":"product","link":"https:\/\/roveyayinevi.com.tr\/index.php\/urun\/roman-nasil-olusturulur\/","title":{"rendered":"Roman Nas\u0131l Olu\u015fturulur"},"content":{"rendered":"<p>\u201cBir roman nas\u0131l olu\u015fturulur, iyi bir soru ama roman ne i\u00e7in ve neden olu\u015fturulur diye sorulmas\u0131 daha do\u011fru olur. Bir roman ne i\u00e7in veya neden olu\u015fturulur? Romanc\u0131 olmak i\u00e7in. \u0130yi de ne i\u00e7in romanc\u0131 olunur? Okura d\u00f6n\u00fc\u015fmek, ki\u015finin okurla bir olmas\u0131n\u0131 sa\u011flamak i\u00e7in. Ve ki\u015fi ancak ve ancak hem romanc\u0131 hem de roman\u0131n okuru oldu\u011funda her ikisi birden radikal yaln\u0131zl\u0131klar\u0131ndan kurtulmay\u0131 ba\u015farabilir. Bir olmay\u0131 ba\u015far\u0131r ba\u015farmaz da g\u00fcncellenir ve g\u00fcncellenerek ebedile\u015firler.\u201d<\/p>\n","protected":false},"excerpt":{"rendered":"<p>\u201cBir roman nas\u0131l olu\u015fturulur, iyi bir soru ama roman ne i\u00e7in ve neden olu\u015fturulur diye sorulmas\u0131 daha do\u011fru olur. Bir roman ne i\u00e7in veya neden olu\u015fturulur?<span class=\"excerpt-hellip\"> [\u2026]<\/span><\/p>\n","protected":false},"featured_media":0,"template":"","meta":{"_monsterinsights_skip_tracking":false,"_monsterinsights_sitenote_active":false,"_monsterinsights_sitenote_note":"","_monsterinsights_sitenote_category":0},"product_brand":[],"product_cat":[13072,12291],"product_tag":[],"class_list":{"0":"post-733834","1":"product","2":"type-product","3":"status-publish","5":"product_cat-arastirma-inceleme-referans","6":"product_cat-edebiyat","7":"pa_cilt-ciltsiz","8":"pa_tur-kitap","9":"pa_yayinevi-ketebe-yayinlari","10":"pa_yazar-miguel-de-unamuno","12":"first","13":"instock","14":"sale","15":"shipping-taxable","16":"purchasable","17":"product-type-simple"},"_links":{"self":[{"href":"https:\/\/roveyayinevi.com.tr\/index.php\/wp-json\/wp\/v2\/product\/733834","targetHints":{"allow":["GET"]}}],"collection":[{"href":"https:\/\/roveyayinevi.com.tr\/index.php\/wp-json\/wp\/v2\/product"}],"about":[{"href":"https:\/\/roveyayinevi.com.tr\/index.php\/wp-json\/wp\/v2\/types\/product"}],"wp:attachment":[{"href":"https:\/\/roveyayinevi.com.tr\/index.php\/wp-json\/wp\/v2\/media?parent=733834"}],"wp:term":[{"taxonomy":"product_brand","embeddable":true,"href":"https:\/\/roveyayinevi.com.tr\/index.php\/wp-json\/wp\/v2\/product_brand?post=733834"},{"taxonomy":"product_cat","embeddable":true,"href":"https:\/\/roveyayinevi.com.tr\/index.php\/wp-json\/wp\/v2\/product_cat?post=733834"},{"taxonomy":"product_tag","embeddable":true,"href":"https:\/\/roveyayinevi.com.tr\/index.php\/wp-json\/wp\/v2\/product_tag?post=733834"}],"curies":[{"name":"wp","href":"https:\/\/api.w.org\/{rel}","templated":true}]}}