{"id":733832,"date":"2025-08-27T22:17:30","date_gmt":"2025-08-27T19:17:30","guid":{"rendered":"https:\/\/roveyayinevi.com.tr\/index.php\/urun\/zamir-ve-mendildeki-atasozleri\/"},"modified":"2026-04-16T02:41:37","modified_gmt":"2026-04-15T23:41:37","slug":"zamir-ve-mendildeki-atasozleri","status":"publish","type":"product","link":"https:\/\/roveyayinevi.com.tr\/index.php\/urun\/zamir-ve-mendildeki-atasozleri\/","title":{"rendered":"Zamir ve Mendildeki Atas\u00f6zleri"},"content":{"rendered":"<p>\u201cHi\u00e7 b\u00f6ylesini g\u00f6rmemi\u015fsinizdir Zamir Bey. Anlam\u0131 ilk anda akla gelmeyecek kelimelerle sald\u0131r\u0131yorlar. Kar\u015f\u0131n\u0131za \u00e7\u0131kabilirler. S\u00f6yledikleri manyetik etkiye benzer bir etki yarat\u0131r. Bir: Size anlam\u0131 ilk anda akl\u0131n\u0131za gelmeyecek bir kelime s\u00f6yleyip yava\u015flaman\u0131za neden olurlar. \u0130ki: Anlam\u0131n\u0131 s\u00f6yleyemezseniz yava\u015flatt\u0131ktan sonra istediklerini yapt\u0131rabilirler. Bu \u015fekilde kalm\u0131\u015f, konu\u015famayan \u00e7ok ki\u015fiyle kar\u015f\u0131la\u015ft\u0131k. Kelimenin a\u00e7\u0131klamas\u0131n\u0131 bulamadan kurtulam\u0131yorlard\u0131.\u201d   De\u011ferli \u00f6\u011fretmen Fas\u0131la Sine\u00e7eken\u2019in T\u00fcrk\u00e7e neferi olarak yeti\u015ftirdi\u011fi biricik o\u011flu Zamir, Dil Kurumuna, bir s\u00fcredir kendisinden hi\u00e7bir iz bulunamayan \u00c7edik Da\u011fc\u0131o\u011flu\u2019nun yerine atan\u0131r. \u0130stanbul\u2019dan Anadolu\u2019nun kalbine uzanan Zamir\u2019in yolu, efsunlu mendillerin \u0131\u015f\u0131\u011f\u0131yla ayd\u0131nlan\u0131r fakat bu kadim topraklarda sakl\u0131 kalm\u0131\u015f atas\u00f6zlerini g\u00fcn y\u00fcz\u00fcne kavu\u015fturmay\u0131 en az Zamir kadar isteyen biri daha vard\u0131r, o da Talil\u2019dir. T\u00fcrk\u00e7enin korunmas\u0131 i\u00e7in kelimeleri bir k\u0131l\u0131\u00e7 gibi kullanan kahraman\u0131m\u0131z, dilin yozla\u015fmas\u0131n\u0131 zararl\u0131 g\u00f6rmeyen bu d\u00fc\u015fman\u0131na kar\u015f\u0131 sava\u015f\u0131 kazanabilecek midir?  Zamir ve Mendildeki Atas\u00f6zleri; T\u00fcrk\u00e7e dil yap\u0131s\u0131na ve kelimelerin k\u00f6kenine dair kazand\u0131rd\u0131\u011f\u0131 bilgilerle, merak uyand\u0131ran kurgusuyla ve g\u00fcnceli ele alan detaylar\u0131yla gen\u00e7ler kadar yeti\u015fkinleri de okuyucusu olmaya davet ediyor. <\/p>\n","protected":false},"excerpt":{"rendered":"<p>\u201cHi\u00e7 b\u00f6ylesini g\u00f6rmemi\u015fsinizdir Zamir Bey. Anlam\u0131 ilk anda akla gelmeyecek kelimelerle sald\u0131r\u0131yorlar. Kar\u015f\u0131n\u0131za \u00e7\u0131kabilirler. S\u00f6yledikleri manyetik etkiye benzer bir etki yarat\u0131r. Bir: Size anlam\u0131 ilk anda<span class=\"excerpt-hellip\"> [\u2026]<\/span><\/p>\n","protected":false},"featured_media":0,"template":"","meta":{"_monsterinsights_skip_tracking":false,"_monsterinsights_sitenote_active":false,"_monsterinsights_sitenote_note":"","_monsterinsights_sitenote_category":0},"product_brand":[],"product_cat":[12275,12274],"product_tag":[],"class_list":{"0":"post-733832","1":"product","2":"type-product","3":"status-publish","5":"product_cat-6-12-yas-kitaplari","6":"product_cat-cocuk-ve-genclik-kitaplari","7":"pa_cilt-ciltsiz","8":"pa_tur-kitap","9":"pa_yayinevi-the-cocuk","10":"pa_yazar-turkay-saydamer","12":"first","13":"instock","14":"sale","15":"shipping-taxable","16":"purchasable","17":"product-type-simple"},"_links":{"self":[{"href":"https:\/\/roveyayinevi.com.tr\/index.php\/wp-json\/wp\/v2\/product\/733832","targetHints":{"allow":["GET"]}}],"collection":[{"href":"https:\/\/roveyayinevi.com.tr\/index.php\/wp-json\/wp\/v2\/product"}],"about":[{"href":"https:\/\/roveyayinevi.com.tr\/index.php\/wp-json\/wp\/v2\/types\/product"}],"wp:attachment":[{"href":"https:\/\/roveyayinevi.com.tr\/index.php\/wp-json\/wp\/v2\/media?parent=733832"}],"wp:term":[{"taxonomy":"product_brand","embeddable":true,"href":"https:\/\/roveyayinevi.com.tr\/index.php\/wp-json\/wp\/v2\/product_brand?post=733832"},{"taxonomy":"product_cat","embeddable":true,"href":"https:\/\/roveyayinevi.com.tr\/index.php\/wp-json\/wp\/v2\/product_cat?post=733832"},{"taxonomy":"product_tag","embeddable":true,"href":"https:\/\/roveyayinevi.com.tr\/index.php\/wp-json\/wp\/v2\/product_tag?post=733832"}],"curies":[{"name":"wp","href":"https:\/\/api.w.org\/{rel}","templated":true}]}}