{"id":733831,"date":"2025-08-27T22:17:29","date_gmt":"2025-08-27T19:17:29","guid":{"rendered":"https:\/\/roveyayinevi.com.tr\/index.php\/urun\/fasist-olmadan-yasamak\/"},"modified":"2026-04-16T02:41:37","modified_gmt":"2026-04-15T23:41:37","slug":"fasist-olmadan-yasamak","status":"publish","type":"product","link":"https:\/\/roveyayinevi.com.tr\/index.php\/urun\/fasist-olmadan-yasamak\/","title":{"rendered":"Fa\u015fist Olmadan Ya\u015famak"},"content":{"rendered":"<p>\u201cEbedi fa\u015fizm\u201din en masum kisvelere b\u00fcr\u00fcnerek geri d\u00f6nebilece\u011fini s\u00f6yleyen Umberto Eco\u2019nun \u00f6ng\u00f6r\u00fcs\u00fcn\u00fc tan\u0131k oldu\u011fumuz \u015feyler do\u011fruluyor. Ge\u00e7ti\u011fimiz y\u00fczy\u0131lda kalm\u0131\u015f, ge\u00e7ip gitmi\u015f bir tarihsel olay kabul edilen fa\u015fizm, yirmi birinci y\u00fczy\u0131lda yeni maskeleriyle tekrar sahnede ve hayat\u0131m\u0131z\u0131n en korunakl\u0131 sand\u0131\u011f\u0131m\u0131z k\u0131s\u0131mlar\u0131na kadar s\u0131zm\u0131\u015f durumda. Bazen bireysel hak ve \u00f6zg\u00fcrl\u00fcklerimizi ihlal eden ve giderek yayg\u0131nla\u015fan otoriter devlet uygulamalar\u0131nda, bazen de k\u00e2r h\u0131rs\u0131yla do\u011fay\u0131 talan eden ya da mahremiyetimizi ihlal ederek bizi \u201cveri paketleri\u201d haline getiren g\u00f6zetim kapitalizminde tezah\u00fcr ediyor. Eco ayn\u0131 zamanda, \u201chepimizin g\u00f6revinin neo-fa\u015fizmlerin maskesini d\u00fc\u015f\u00fcrmek ve d\u00fcnyan\u0131n her yerinde her g\u00fcn ortaya \u00e7\u0131kan yeni bi\u00e7imlerinden her birine dikkat \u00e7ekmek\u201d oldu\u011funu s\u00f6yl\u00fcyordu. Natasha Lennard, Esquire, New Inquiry gibi dergilerde yay\u0131mlanan siyasi analizlerinden olu\u015fan bu kitapta tam da bunu yap\u0131yor: G\u00fcndelik hayat\u0131m\u0131za kadar sinmi\u015f neo-fa\u015fizmin maskesini indiriyor! Bazen \u201cKi\u015fisel olan politiktir\u201d sav\u0131ndan yola \u00e7\u0131karak g\u00f6\u00e7, intihar, ak\u0131l hastal\u0131\u011f\u0131, norm d\u0131\u015f\u0131 cinsellik gibi deneyimlerini merkeze alarak g\u00fcndelik hayat\u0131m\u0131zdaki mikro fa\u015fizmleri incelerken, bazen de \u2013kendisinin de dahil oldu\u011fu\u2013 daha makro olaylar\u0131 (\u00e7evreci hareketler, Trump\u2019\u0131n ba\u015fkan se\u00e7ilme s\u00fcreci ya da \u201cBlack Lives Matters\u201d gibi \u0131rk ayr\u0131m\u0131 kar\u015f\u0131t\u0131 ayaklanmalar) inceliyor. G\u00fcn\u00fcm\u00fcz\u00fcn en yak\u0131c\u0131 toplumsal sorunlar\u0131n\u0131 ele alan Lennard, \u015funun gibi baz\u0131 can al\u0131c\u0131 sorular soruyor: Beyaz \u0131rk\u0131n \u00fcst\u00fcnl\u00fc\u011f\u00fcn\u00fc savunmak ifade \u00f6zg\u00fcrl\u00fc\u011f\u00fc m\u00fcd\u00fcr? Neo-fa\u015fistlerle sadece \u201cbar\u0131\u015f\u00e7\u0131l\u201d ve \u015fiddet kar\u015f\u0131t\u0131 protestolarla m\u00fccadele etmek m\u00fcmk\u00fcn m\u00fc? Medyada neden daha ziyade siyahilerin cesetlerine maruz kal\u0131r\u0131z?   Yeniden uyanmakta olan fa\u015fizm canavar\u0131n\u0131 ciddiye almazsak ve yeteri kadar m\u00fccadele etmezsek benzeri felaketleri tekrar ya\u015fayabiliriz. Bu y\u00fczden, yazar\u0131n dedi\u011fi gibi: \u201cBu kitap, daha iyi m\u00fccadele ara\u00e7lar\u0131 i\u00e7in bir \u00e7a\u011fr\u0131d\u0131r.\u201d <\/p>\n","protected":false},"excerpt":{"rendered":"<p>\u201cEbedi fa\u015fizm\u201din en masum kisvelere b\u00fcr\u00fcnerek geri d\u00f6nebilece\u011fini s\u00f6yleyen Umberto Eco\u2019nun \u00f6ng\u00f6r\u00fcs\u00fcn\u00fc tan\u0131k oldu\u011fumuz \u015feyler do\u011fruluyor. Ge\u00e7ti\u011fimiz y\u00fczy\u0131lda kalm\u0131\u015f, ge\u00e7ip gitmi\u015f bir tarihsel olay kabul edilen<span class=\"excerpt-hellip\"> [\u2026]<\/span><\/p>\n","protected":false},"featured_media":0,"template":"","meta":{"_monsterinsights_skip_tracking":false,"_monsterinsights_sitenote_active":false,"_monsterinsights_sitenote_note":"","_monsterinsights_sitenote_category":0},"product_brand":[],"product_cat":[13590,12337],"product_tag":[],"class_list":{"0":"post-733831","1":"product","2":"type-product","3":"status-publish","5":"product_cat-arastirma-inceleme-politika-siyaset","6":"product_cat-politika-siyaset","7":"pa_cilt-ciltsiz","8":"pa_tur-kitap","9":"pa_yayinevi-the-kitap","10":"pa_yazar-natasha-lennard","12":"first","13":"instock","14":"sale","15":"shipping-taxable","16":"purchasable","17":"product-type-simple"},"_links":{"self":[{"href":"https:\/\/roveyayinevi.com.tr\/index.php\/wp-json\/wp\/v2\/product\/733831","targetHints":{"allow":["GET"]}}],"collection":[{"href":"https:\/\/roveyayinevi.com.tr\/index.php\/wp-json\/wp\/v2\/product"}],"about":[{"href":"https:\/\/roveyayinevi.com.tr\/index.php\/wp-json\/wp\/v2\/types\/product"}],"wp:attachment":[{"href":"https:\/\/roveyayinevi.com.tr\/index.php\/wp-json\/wp\/v2\/media?parent=733831"}],"wp:term":[{"taxonomy":"product_brand","embeddable":true,"href":"https:\/\/roveyayinevi.com.tr\/index.php\/wp-json\/wp\/v2\/product_brand?post=733831"},{"taxonomy":"product_cat","embeddable":true,"href":"https:\/\/roveyayinevi.com.tr\/index.php\/wp-json\/wp\/v2\/product_cat?post=733831"},{"taxonomy":"product_tag","embeddable":true,"href":"https:\/\/roveyayinevi.com.tr\/index.php\/wp-json\/wp\/v2\/product_tag?post=733831"}],"curies":[{"name":"wp","href":"https:\/\/api.w.org\/{rel}","templated":true}]}}