{"id":733830,"date":"2025-08-27T22:17:28","date_gmt":"2025-08-27T19:17:28","guid":{"rendered":"https:\/\/roveyayinevi.com.tr\/index.php\/urun\/kapitalist-kiyamet-sermaye-mi-dunya-mi\/"},"modified":"2026-04-16T02:41:37","modified_gmt":"2026-04-15T23:41:37","slug":"kapitalist-kiyamet-sermaye-mi-dunya-mi","status":"publish","type":"product","link":"https:\/\/roveyayinevi.com.tr\/index.php\/urun\/kapitalist-kiyamet-sermaye-mi-dunya-mi\/","title":{"rendered":"Kapitalist K\u0131yamet &#8211; Sermaye Mi D\u00fcnya M\u0131?"},"content":{"rendered":"<p>D\u00fcnyan\u0131n sonu\u201d ya da \u201ck\u0131yamet\u201d, eski zamanlarda\u0130srafil\u2019in borusunu \u00f6tt\u00fcrmesiyleba\u015flay\u0131p bir defada olup bitecek tekil bir olayd\u0131.\u015eimdiyse \u201csek\u00fcler\u201d k\u0131yamet, yani \u201cbizimd\u00fcnyam\u0131z\u0131n sonu\u201d, a\u011f\u0131r \u00e7ekimde, al\u0131\u015ft\u0131ra al\u0131\u015ft\u0131rager\u00e7ekle\u015fiyor.Bizim k\u0131yametimiz, d\u00fcnyan\u0131n bir felakettenbir ba\u015fkas\u0131na s\u00fcr\u00fcklendi\u011fi ekolojik \u00e7\u00f6k\u00fc\u015f\u00fcndistopik d\u00fcnyas\u0131. Farkl\u0131 bi\u00e7imlere b\u00fcr\u00fcnenbir \u00e7oklu krizler, \u00e7oklu felaketler zaman\u0131. Zamanayay\u0131lan, farkl\u0131 ba\u011flam ve ko\u015fullarda farkl\u0131bi\u00e7imlere b\u00fcr\u00fcn\u00fcp felaketli sonu\u00e7lar yaratan bir\u201ce\u015fitsiz ve bile\u015fik k\u0131yamet\u201d devri.Sermaye y\u0131kmadan yaratamaz, \u201cya\u015fayanlar\u0131 da\u00f6l\u00fcleri de \u00f6ld\u00fcrmeden\u201d geli\u015femez, b\u00fcy\u00fcyemez.\u201cFelaket kapitalizmi\u201d sadece afetleri yeni birk\u00e2r kap\u0131s\u0131, bir f\u0131rsat olarak de\u011ferlendirmeklekalmaz, ayn\u0131 zamanda bilfiil felaket \u00fcretir, felaketinekonomik de\u011feri \u00fczerine bina olur.Dolay\u0131s\u0131yla felaket, \u201cbir ba\u015fka d\u00fcnya\u201d m\u00fccadelesininmerkez\u00ee bir alan\u0131 olmak zorunda. Buk\u0131yamet \u00e7a\u011f\u0131nda ismine yara\u015f\u0131r her kom\u00fcnizmart\u0131k \u201cfelaket kom\u00fcnizmi\u201d olmak durumunda.G\u00fcn\u00fcm\u00fcz\u00fcn kom\u00fcnizmi ister istemez ya\u015fananyenilgilere ve daima eli kula\u011f\u0131nda olan felaketleredair keskin bir duyguyla y\u00fckl\u00fc olacak.\u00c7a\u011f\u0131m\u0131z\u0131n devrimci prati\u011fi, felaket ile normallikaras\u0131ndaki yan\u0131lt\u0131c\u0131 ayr\u0131ma dayanarak de\u011fil,kapitalist felaketin i\u00e7inde, ona kar\u015f\u0131 ve onua\u015fmaya d\u00f6n\u00fck olarak \u015fekillenecek.<\/p>\n","protected":false},"excerpt":{"rendered":"<p>D\u00fcnyan\u0131n sonu\u201d ya da \u201ck\u0131yamet\u201d, eski zamanlarda\u0130srafil\u2019in borusunu \u00f6tt\u00fcrmesiyleba\u015flay\u0131p bir defada olup bitecek tekil bir olayd\u0131.\u015eimdiyse \u201csek\u00fcler\u201d k\u0131yamet, yani \u201cbizimd\u00fcnyam\u0131z\u0131n sonu\u201d, a\u011f\u0131r \u00e7ekimde, al\u0131\u015ft\u0131ra al\u0131\u015ft\u0131rager\u00e7ekle\u015fiyor.Bizim k\u0131yametimiz,<span class=\"excerpt-hellip\"> [\u2026]<\/span><\/p>\n","protected":false},"featured_media":0,"template":"","meta":{"_monsterinsights_skip_tracking":false,"_monsterinsights_sitenote_active":false,"_monsterinsights_sitenote_note":"","_monsterinsights_sitenote_category":0},"product_brand":[],"product_cat":[13059,12337],"product_tag":[],"class_list":{"0":"post-733830","1":"product","2":"type-product","3":"status-publish","5":"product_cat-diger-politika-siyaset","6":"product_cat-politika-siyaset","7":"pa_cilt-ciltsiz","8":"pa_tur-kitap","9":"pa_yayinevi-habitus-yayinlari","10":"pa_yazar-foti-benlisoy","12":"first","13":"instock","14":"sale","15":"shipping-taxable","16":"purchasable","17":"product-type-simple"},"_links":{"self":[{"href":"https:\/\/roveyayinevi.com.tr\/index.php\/wp-json\/wp\/v2\/product\/733830","targetHints":{"allow":["GET"]}}],"collection":[{"href":"https:\/\/roveyayinevi.com.tr\/index.php\/wp-json\/wp\/v2\/product"}],"about":[{"href":"https:\/\/roveyayinevi.com.tr\/index.php\/wp-json\/wp\/v2\/types\/product"}],"wp:attachment":[{"href":"https:\/\/roveyayinevi.com.tr\/index.php\/wp-json\/wp\/v2\/media?parent=733830"}],"wp:term":[{"taxonomy":"product_brand","embeddable":true,"href":"https:\/\/roveyayinevi.com.tr\/index.php\/wp-json\/wp\/v2\/product_brand?post=733830"},{"taxonomy":"product_cat","embeddable":true,"href":"https:\/\/roveyayinevi.com.tr\/index.php\/wp-json\/wp\/v2\/product_cat?post=733830"},{"taxonomy":"product_tag","embeddable":true,"href":"https:\/\/roveyayinevi.com.tr\/index.php\/wp-json\/wp\/v2\/product_tag?post=733830"}],"curies":[{"name":"wp","href":"https:\/\/api.w.org\/{rel}","templated":true}]}}