{"id":733829,"date":"2025-08-27T22:17:23","date_gmt":"2025-08-27T19:17:23","guid":{"rendered":"https:\/\/roveyayinevi.com.tr\/index.php\/urun\/gurultucu-bebek-ciltli\/"},"modified":"2026-04-16T02:41:37","modified_gmt":"2026-04-15T23:41:37","slug":"gurultucu-bebek-ciltli","status":"publish","type":"product","link":"https:\/\/roveyayinevi.com.tr\/index.php\/urun\/gurultucu-bebek-ciltli\/","title":{"rendered":"G\u00fcr\u00fclt\u00fcc\u00fc Bebek (Ciltli)"},"content":{"rendered":"<p>\u201cKasaban\u0131n k\u0131y\u0131s\u0131ndaki k\u00fc\u00e7\u00fck pembe evde, al\u0131\u015f\u0131lmad\u0131k sesler \u00e7\u0131karan bir bebek ya\u015fard\u0131. Uzun zamand\u0131r bir manda gibi b\u00f6\u011f\u00fcrebiliyor, bir aslan gibi k\u00fckreyebiliyor ve bir kurt gibi uluyabiliyordu.\u201d   \u0130\u015fte \u00e7ok g\u00fcr\u00fclt\u00fcc\u00fc bir bebe\u011fin hik\u00e2yesi!   Bu bebek garip sesler \u00e7\u0131karmaya bay\u0131l\u0131yor ve ger\u00e7ekten de \u00e7ok g\u00fcr\u00fclt\u00fcc\u00fc. Peki sizce kasabadaki hayvanlar kayboldu\u011funda, g\u00fcr\u00fclt\u00fcc\u00fc bebek onlar\u0131 bulmaya yard\u0131m edebilecek mi? Bunun cevab\u0131n\u0131 aksiyon dolu bu \u015famatal\u0131 ve ne\u015feli kitapta bulabilirsiniz. <\/p>\n","protected":false},"excerpt":{"rendered":"<p>\u201cKasaban\u0131n k\u0131y\u0131s\u0131ndaki k\u00fc\u00e7\u00fck pembe evde, al\u0131\u015f\u0131lmad\u0131k sesler \u00e7\u0131karan bir bebek ya\u015fard\u0131. Uzun zamand\u0131r bir manda gibi b\u00f6\u011f\u00fcrebiliyor, bir aslan gibi k\u00fckreyebiliyor ve bir kurt gibi uluyabiliyordu.\u201d<span class=\"excerpt-hellip\"> [\u2026]<\/span><\/p>\n","protected":false},"featured_media":0,"template":"","meta":{"_monsterinsights_skip_tracking":false,"_monsterinsights_sitenote_active":false,"_monsterinsights_sitenote_note":"","_monsterinsights_sitenote_category":0},"product_brand":[],"product_cat":[12913,12274],"product_tag":[],"class_list":{"0":"post-733829","1":"product","2":"type-product","3":"status-publish","5":"product_cat-3-6-yas-kitaplari","6":"product_cat-cocuk-ve-genclik-kitaplari","7":"pa_cilt-ciltli","8":"pa_tur-kitap","9":"pa_yayinevi-profil-kitap","10":"pa_yazar-alison-lester","12":"first","13":"instock","14":"sale","15":"shipping-taxable","16":"purchasable","17":"product-type-simple"},"_links":{"self":[{"href":"https:\/\/roveyayinevi.com.tr\/index.php\/wp-json\/wp\/v2\/product\/733829","targetHints":{"allow":["GET"]}}],"collection":[{"href":"https:\/\/roveyayinevi.com.tr\/index.php\/wp-json\/wp\/v2\/product"}],"about":[{"href":"https:\/\/roveyayinevi.com.tr\/index.php\/wp-json\/wp\/v2\/types\/product"}],"wp:attachment":[{"href":"https:\/\/roveyayinevi.com.tr\/index.php\/wp-json\/wp\/v2\/media?parent=733829"}],"wp:term":[{"taxonomy":"product_brand","embeddable":true,"href":"https:\/\/roveyayinevi.com.tr\/index.php\/wp-json\/wp\/v2\/product_brand?post=733829"},{"taxonomy":"product_cat","embeddable":true,"href":"https:\/\/roveyayinevi.com.tr\/index.php\/wp-json\/wp\/v2\/product_cat?post=733829"},{"taxonomy":"product_tag","embeddable":true,"href":"https:\/\/roveyayinevi.com.tr\/index.php\/wp-json\/wp\/v2\/product_tag?post=733829"}],"curies":[{"name":"wp","href":"https:\/\/api.w.org\/{rel}","templated":true}]}}