{"id":733828,"date":"2025-08-27T22:17:21","date_gmt":"2025-08-27T19:17:21","guid":{"rendered":"https:\/\/roveyayinevi.com.tr\/index.php\/urun\/astronot-olmak-isteyen-kedi\/"},"modified":"2026-04-13T02:50:41","modified_gmt":"2026-04-12T23:50:41","slug":"astronot-olmak-isteyen-kedi","status":"publish","type":"product","link":"https:\/\/roveyayinevi.com.tr\/index.php\/urun\/astronot-olmak-isteyen-kedi\/","title":{"rendered":"Astronot Olmak \u0130steyen Kedi"},"content":{"rendered":"<p>Minik kedi \u015eeker, astronot olman\u0131n b\u00fcy\u00fcs\u00fcne kap\u0131ld\u0131. Sevindi, \u00fcz\u00fcld\u00fc, umutland\u0131, sabretti, merakland\u0131. Biraz da kayg\u0131land\u0131: &#8220;Miyavvv&#8230; Mars&#8217;a gitmek tek arzum. Ya s\u0131\u011fmazsa rokete kuyru\u011fum?&#8221; \u015eeker&#8217;in astronot giysileri, roketi, uzayda yiyecekleri bile haz\u0131r. Ama en \u00f6nemli \u015feyi eksik. Hen\u00fcz okuma yazma bilmiyor. Nas\u0131l bir \u00e7\u00f6z\u00fcm buldu acaba? \u0130stedi\u011fin mesle\u011fi elde etmenin s\u0131rr\u0131 bu kitapta!   \u00c7ocuk edebiyat\u0131n\u0131n \u00fcretken kalemi Mavisel Yener&#8217;den ne\u015feli bir masal. 3+ ya\u015f i\u00e7in uygundur. <\/p>\n","protected":false},"excerpt":{"rendered":"<p>Minik kedi \u015eeker, astronot olman\u0131n b\u00fcy\u00fcs\u00fcne kap\u0131ld\u0131. Sevindi, \u00fcz\u00fcld\u00fc, umutland\u0131, sabretti, merakland\u0131. Biraz da kayg\u0131land\u0131: &#8220;Miyavvv&#8230; Mars&#8217;a gitmek tek arzum. Ya s\u0131\u011fmazsa rokete kuyru\u011fum?&#8221; \u015eeker&#8217;in astronot<span class=\"excerpt-hellip\"> [\u2026]<\/span><\/p>\n","protected":false},"featured_media":0,"template":"","meta":{"_monsterinsights_skip_tracking":false,"_monsterinsights_sitenote_active":false,"_monsterinsights_sitenote_note":"","_monsterinsights_sitenote_category":0},"product_brand":[],"product_cat":[12913,12274],"product_tag":[],"class_list":{"0":"post-733828","1":"product","2":"type-product","3":"status-publish","5":"product_cat-3-6-yas-kitaplari","6":"product_cat-cocuk-ve-genclik-kitaplari","7":"pa_cilt-ciltsiz","8":"pa_tur-kitap","9":"pa_yayinevi-bilgi-yayinevi-cocuk","10":"pa_yazar-mavisel-yener","12":"first","13":"instock","14":"sale","15":"shipping-taxable","16":"purchasable","17":"product-type-simple"},"_links":{"self":[{"href":"https:\/\/roveyayinevi.com.tr\/index.php\/wp-json\/wp\/v2\/product\/733828","targetHints":{"allow":["GET"]}}],"collection":[{"href":"https:\/\/roveyayinevi.com.tr\/index.php\/wp-json\/wp\/v2\/product"}],"about":[{"href":"https:\/\/roveyayinevi.com.tr\/index.php\/wp-json\/wp\/v2\/types\/product"}],"wp:attachment":[{"href":"https:\/\/roveyayinevi.com.tr\/index.php\/wp-json\/wp\/v2\/media?parent=733828"}],"wp:term":[{"taxonomy":"product_brand","embeddable":true,"href":"https:\/\/roveyayinevi.com.tr\/index.php\/wp-json\/wp\/v2\/product_brand?post=733828"},{"taxonomy":"product_cat","embeddable":true,"href":"https:\/\/roveyayinevi.com.tr\/index.php\/wp-json\/wp\/v2\/product_cat?post=733828"},{"taxonomy":"product_tag","embeddable":true,"href":"https:\/\/roveyayinevi.com.tr\/index.php\/wp-json\/wp\/v2\/product_tag?post=733828"}],"curies":[{"name":"wp","href":"https:\/\/api.w.org\/{rel}","templated":true}]}}