{"id":733827,"date":"2025-08-27T22:17:20","date_gmt":"2025-08-27T19:17:20","guid":{"rendered":"https:\/\/roveyayinevi.com.tr\/index.php\/urun\/macera-vakti-babisko\/"},"modified":"2026-04-16T02:41:37","modified_gmt":"2026-04-15T23:41:37","slug":"macera-vakti-babisko","status":"publish","type":"product","link":"https:\/\/roveyayinevi.com.tr\/index.php\/urun\/macera-vakti-babisko\/","title":{"rendered":"Macera Vakti Babi\u015fko"},"content":{"rendered":"<p>&#8220;Haydi gel babi\u015fko. Macera vakti!&#8221; &#8220;Ama benim yapacak daha bir s\u00fcr\u00fc i\u015fim var&#8221; dedi babi\u015fkom. K\u00fc\u00e7\u00fck bir k\u0131z, babas\u0131 evden ayr\u0131lmak istemezken onu bir maceraya \u00e7\u0131kmaya nas\u0131l ikna edebilir ki? &#8220;Uyku Vakti Babi\u015fko&#8221; ve &#8220;Okul Vakti Babi\u015fko&#8221; kitaplar\u0131n\u0131n yarat\u0131c\u0131s\u0131 Dave Hackett bu kez \u00e7ocuklarla maceraya \u00e7\u0131kma ser\u00fcvenini tersine \u00e7eviren ne\u015feli bir hik\u00e2yeyle kar\u015f\u0131m\u0131zda. 3+ ya\u015f i\u00e7in uygundur. <\/p>\n","protected":false},"excerpt":{"rendered":"<p>&#8220;Haydi gel babi\u015fko. Macera vakti!&#8221; &#8220;Ama benim yapacak daha bir s\u00fcr\u00fc i\u015fim var&#8221; dedi babi\u015fkom. K\u00fc\u00e7\u00fck bir k\u0131z, babas\u0131 evden ayr\u0131lmak istemezken onu bir maceraya \u00e7\u0131kmaya<span class=\"excerpt-hellip\"> [\u2026]<\/span><\/p>\n","protected":false},"featured_media":0,"template":"","meta":{"_monsterinsights_skip_tracking":false,"_monsterinsights_sitenote_active":false,"_monsterinsights_sitenote_note":"","_monsterinsights_sitenote_category":0},"product_brand":[],"product_cat":[12913,12274],"product_tag":[],"class_list":{"0":"post-733827","1":"product","2":"type-product","3":"status-publish","5":"product_cat-3-6-yas-kitaplari","6":"product_cat-cocuk-ve-genclik-kitaplari","7":"pa_cilt-ciltsiz","8":"pa_tur-kitap","9":"pa_yayinevi-bilgi-yayinevi-cocuk","10":"pa_yazar-dave-hackett","12":"first","13":"instock","14":"sale","15":"shipping-taxable","16":"purchasable","17":"product-type-simple"},"_links":{"self":[{"href":"https:\/\/roveyayinevi.com.tr\/index.php\/wp-json\/wp\/v2\/product\/733827","targetHints":{"allow":["GET"]}}],"collection":[{"href":"https:\/\/roveyayinevi.com.tr\/index.php\/wp-json\/wp\/v2\/product"}],"about":[{"href":"https:\/\/roveyayinevi.com.tr\/index.php\/wp-json\/wp\/v2\/types\/product"}],"wp:attachment":[{"href":"https:\/\/roveyayinevi.com.tr\/index.php\/wp-json\/wp\/v2\/media?parent=733827"}],"wp:term":[{"taxonomy":"product_brand","embeddable":true,"href":"https:\/\/roveyayinevi.com.tr\/index.php\/wp-json\/wp\/v2\/product_brand?post=733827"},{"taxonomy":"product_cat","embeddable":true,"href":"https:\/\/roveyayinevi.com.tr\/index.php\/wp-json\/wp\/v2\/product_cat?post=733827"},{"taxonomy":"product_tag","embeddable":true,"href":"https:\/\/roveyayinevi.com.tr\/index.php\/wp-json\/wp\/v2\/product_tag?post=733827"}],"curies":[{"name":"wp","href":"https:\/\/api.w.org\/{rel}","templated":true}]}}