{"id":733826,"date":"2025-08-27T22:17:19","date_gmt":"2025-08-27T19:17:19","guid":{"rendered":"https:\/\/roveyayinevi.com.tr\/index.php\/urun\/farkinda\/"},"modified":"2026-04-16T02:41:37","modified_gmt":"2026-04-15T23:41:37","slug":"farkinda","status":"publish","type":"product","link":"https:\/\/roveyayinevi.com.tr\/index.php\/urun\/farkinda\/","title":{"rendered":"Fark\u0131nda"},"content":{"rendered":"<p>Neden herkes farkl\u0131d\u0131r? \u00c7e\u015fitlilik ni\u00e7in gereklidir? Ho\u015fg\u00f6r\u00fc neden \u00f6nemlidir? Birbirimizi \u00fczersek ne olur? Hatalar\u0131m\u0131z\u0131 nas\u0131l d\u00fczeltebiliriz? Ba\u015fkalar\u0131na sayg\u0131 g\u00f6sterirsek ne olur? Okurken bunlara benzer sorular\u0131 sorduran Fark\u0131nda kitab\u0131, insanlar\u0131n farkl\u0131 olabilece\u011fini, k\u00fclt\u00fcrel \u00e7e\u015fitlili\u011fin zenginlik oldu\u011funu boyalar ve f\u0131r\u00e7alar \u00fczerinden bir hik\u00e2yeyle anlat\u0131yor. 3+ ya\u015f i\u00e7in uygundur. <\/p>\n","protected":false},"excerpt":{"rendered":"<p>Neden herkes farkl\u0131d\u0131r? \u00c7e\u015fitlilik ni\u00e7in gereklidir? Ho\u015fg\u00f6r\u00fc neden \u00f6nemlidir? Birbirimizi \u00fczersek ne olur? Hatalar\u0131m\u0131z\u0131 nas\u0131l d\u00fczeltebiliriz? Ba\u015fkalar\u0131na sayg\u0131 g\u00f6sterirsek ne olur? Okurken bunlara benzer sorular\u0131 sorduran<span class=\"excerpt-hellip\"> [\u2026]<\/span><\/p>\n","protected":false},"featured_media":0,"template":"","meta":{"_monsterinsights_skip_tracking":false,"_monsterinsights_sitenote_active":false,"_monsterinsights_sitenote_note":"","_monsterinsights_sitenote_category":0},"product_brand":[],"product_cat":[12913,12274],"product_tag":[],"class_list":{"0":"post-733826","1":"product","2":"type-product","3":"status-publish","5":"product_cat-3-6-yas-kitaplari","6":"product_cat-cocuk-ve-genclik-kitaplari","7":"pa_cilt-ciltsiz","8":"pa_tur-kitap","9":"pa_yayinevi-bilgi-yayinevi-cocuk","10":"pa_yazar-anooshirvan-miandji","12":"first","13":"instock","14":"sale","15":"shipping-taxable","16":"purchasable","17":"product-type-simple"},"_links":{"self":[{"href":"https:\/\/roveyayinevi.com.tr\/index.php\/wp-json\/wp\/v2\/product\/733826","targetHints":{"allow":["GET"]}}],"collection":[{"href":"https:\/\/roveyayinevi.com.tr\/index.php\/wp-json\/wp\/v2\/product"}],"about":[{"href":"https:\/\/roveyayinevi.com.tr\/index.php\/wp-json\/wp\/v2\/types\/product"}],"wp:attachment":[{"href":"https:\/\/roveyayinevi.com.tr\/index.php\/wp-json\/wp\/v2\/media?parent=733826"}],"wp:term":[{"taxonomy":"product_brand","embeddable":true,"href":"https:\/\/roveyayinevi.com.tr\/index.php\/wp-json\/wp\/v2\/product_brand?post=733826"},{"taxonomy":"product_cat","embeddable":true,"href":"https:\/\/roveyayinevi.com.tr\/index.php\/wp-json\/wp\/v2\/product_cat?post=733826"},{"taxonomy":"product_tag","embeddable":true,"href":"https:\/\/roveyayinevi.com.tr\/index.php\/wp-json\/wp\/v2\/product_tag?post=733826"}],"curies":[{"name":"wp","href":"https:\/\/api.w.org\/{rel}","templated":true}]}}