{"id":733825,"date":"2025-08-27T22:17:18","date_gmt":"2025-08-27T19:17:18","guid":{"rendered":"https:\/\/roveyayinevi.com.tr\/index.php\/urun\/dusun-gercegi\/"},"modified":"2026-04-16T02:41:37","modified_gmt":"2026-04-15T23:41:37","slug":"dusun-gercegi","status":"publish","type":"product","link":"https:\/\/roveyayinevi.com.tr\/index.php\/urun\/dusun-gercegi\/","title":{"rendered":"D\u00fc\u015f\u00fcn Ger\u00e7e\u011fi"},"content":{"rendered":"<p>Sonu\u00e7ta yerelden evrensele d\u00fcnyan\u0131n bin bir haline bakarken ona yeni d\u00fc\u015fler ve d\u00fc\u015f\u00fcnceler ekmek kadar onu de\u011fi\u015ftirmenin de toplumsal g\u00f6revlerimiz aras\u0131nda oldu\u011funu unutmamak gerekir. Bu ba\u011flamda, d\u00fc\u015f ve d\u00fc\u015f\u00fcncelerimizin kirlenmesine izin vermeden, onlar\u0131 yeni bir d\u00fcnyan\u0131n olu\u015fumu i\u00e7in aya\u011fa kald\u0131rmak hem \u00fctopyalar\u0131m\u0131z\u0131 ger\u00e7e\u011fin kullan\u0131m\u0131na sunmak hem egemen s\u0131n\u0131flar\u0131n kimli\u011fimizi ele ge\u00e7irmesine izin vermemektir. Donan\u0131ml\u0131, ba\u011f\u0131ms\u0131z, \u00f6zg\u00fcr ve yarat\u0131c\u0131 bir kimli\u011fin, teslim al\u0131namayacak bir ki\u015fili\u011fi de beraberinde getirmesi do\u011fald\u0131r. \u00dctopyalar\u0131m\u0131z, kendimizden d\u00fcnyaya uzanan bir aray\u0131\u015f\u0131n duyarl\u0131k penceresidir. Onu a\u00e7\u0131k tutarken toplumsal sorumlulu\u011fumuzu da geli\u015ftirmeliyiz. <\/p>\n","protected":false},"excerpt":{"rendered":"<p>Sonu\u00e7ta yerelden evrensele d\u00fcnyan\u0131n bin bir haline bakarken ona yeni d\u00fc\u015fler ve d\u00fc\u015f\u00fcnceler ekmek kadar onu de\u011fi\u015ftirmenin de toplumsal g\u00f6revlerimiz aras\u0131nda oldu\u011funu unutmamak gerekir. Bu ba\u011flamda,<span class=\"excerpt-hellip\"> [\u2026]<\/span><\/p>\n","protected":false},"featured_media":0,"template":"","meta":{"_monsterinsights_skip_tracking":false,"_monsterinsights_sitenote_active":false,"_monsterinsights_sitenote_note":"","_monsterinsights_sitenote_category":0},"product_brand":[],"product_cat":[12777,12291],"product_tag":[],"class_list":{"0":"post-733825","1":"product","2":"type-product","3":"status-publish","5":"product_cat-deneme","6":"product_cat-edebiyat","7":"pa_cilt-ciltsiz","8":"pa_tur-kitap","9":"pa_yayinevi-telgrafhane-yayinlari","10":"pa_yazar-ahmet-ozer","12":"first","13":"instock","14":"sale","15":"shipping-taxable","16":"purchasable","17":"product-type-simple"},"_links":{"self":[{"href":"https:\/\/roveyayinevi.com.tr\/index.php\/wp-json\/wp\/v2\/product\/733825","targetHints":{"allow":["GET"]}}],"collection":[{"href":"https:\/\/roveyayinevi.com.tr\/index.php\/wp-json\/wp\/v2\/product"}],"about":[{"href":"https:\/\/roveyayinevi.com.tr\/index.php\/wp-json\/wp\/v2\/types\/product"}],"wp:attachment":[{"href":"https:\/\/roveyayinevi.com.tr\/index.php\/wp-json\/wp\/v2\/media?parent=733825"}],"wp:term":[{"taxonomy":"product_brand","embeddable":true,"href":"https:\/\/roveyayinevi.com.tr\/index.php\/wp-json\/wp\/v2\/product_brand?post=733825"},{"taxonomy":"product_cat","embeddable":true,"href":"https:\/\/roveyayinevi.com.tr\/index.php\/wp-json\/wp\/v2\/product_cat?post=733825"},{"taxonomy":"product_tag","embeddable":true,"href":"https:\/\/roveyayinevi.com.tr\/index.php\/wp-json\/wp\/v2\/product_tag?post=733825"}],"curies":[{"name":"wp","href":"https:\/\/api.w.org\/{rel}","templated":true}]}}