{"id":733823,"date":"2025-08-27T22:17:16","date_gmt":"2025-08-27T19:17:16","guid":{"rendered":"https:\/\/roveyayinevi.com.tr\/index.php\/urun\/haydi-biraz-cesaret\/"},"modified":"2026-04-16T02:41:37","modified_gmt":"2026-04-15T23:41:37","slug":"haydi-biraz-cesaret","status":"publish","type":"product","link":"https:\/\/roveyayinevi.com.tr\/index.php\/urun\/haydi-biraz-cesaret\/","title":{"rendered":"Haydi Biraz Cesaret"},"content":{"rendered":"<p>Belki de tek eksi\u011finiz az\u0131c\u0131k CESARET!G\u00fcl\u00fcmse&#8217;nin yarat\u0131c\u0131s\u0131 Raina Telgemeier&#8217;dan, kayg\u0131 ve korkular\u0131na teslim olmaktan \u00e7ekinen hemen herkesin endorfin seviyesini art\u0131racak, Eisner \u00d6d\u00fcll\u00fc bir mutlu olma k\u0131lavuzu: Haydi Biraz Cesaret.  Sanat\u00e7\u0131n\u0131n on ya\u015f\u0131ndan itibaren bilfiil ya\u015fad\u0131\u011f\u0131 anksiyete kaynakl\u0131 sa\u011fl\u0131k sorunlar\u0131n\u0131n ve buna ba\u011fl\u0131 olarak geli\u015fen panik ataklar\u0131n mizah\u00ee bir d\u0131\u015favurumu olan kitap; ger\u00e7ek insanlardan, zorlu terapi seanslar\u0131ndan ve okul an\u0131lar\u0131ndan yola \u00e7\u0131karak esin verici bir kendini kabullenme \u00f6yk\u00fcs\u00fc anlat\u0131yor. Psikolojinin derinlerine inerek fobi, kayg\u0131 ve korku duygular\u0131na hen\u00fcz ortaokul s\u0131ralar\u0131ndaki bir k\u0131z \u00e7ocu\u011funun d\u00fcnyas\u0131ndan bakan bu \u201ciyile\u015ftirici\u201d \u00e7izgi roman, benzer s\u0131k\u0131nt\u0131larla m\u00fccadele edenlere yaln\u0131z olmad\u0131klar\u0131n\u0131 hat\u0131rlat\u0131p kendilerini daha iyi hissedebilmeleri i\u00e7in ba\u015fkalar\u0131ndan yard\u0131m almaya \u00e7a\u011f\u0131r\u0131yor.B\u00d6\u00d6EEAAHH!Anna, bir gece berbat bir mide bulant\u0131s\u0131yla uyan\u0131r. Annesi de ayn\u0131 rahats\u0131zl\u0131ktan \u015fik\u00e2yet\u00e7idir. Ba\u015flarda bunun bir mide enfeksiyonu oldu\u011funu zannedip biraz istifra biraz da istirahatle sorunun kendili\u011finden \u00e7\u00f6z\u00fclece\u011fini d\u00fc\u015f\u00fcn\u00fcrler&#8230; Bir s\u00fcre sonra Anna okula ve normal ya\u015fant\u0131s\u0131na d\u00f6ner. Ne var ki mide bulant\u0131lar\u0131 ve kar\u0131n a\u011fr\u0131lar\u0131 pe\u015fini b\u0131rakmaz. Yeniden i\u015ftahla yemek yiyememekten, arkada\u015flar\u0131yla aras\u0131n\u0131n bozulma ihtimalinden, derslerdeki ba\u015far\u0131 grafi\u011finin d\u00fc\u015fmesinden ve buna benzer daha pek \u00e7ok \u015feyden endi\u015felenmektedir. Kar\u015f\u0131la\u015ft\u0131\u011f\u0131 her stresli durumda bedeni ve \u00f6zellikle de sindirim sistemi alarm verse de ger\u00e7ekte Anna turp gibidir. Peki, ortada te\u015fhisi konulabilecek bir hastal\u0131k yoksa sorun nedir? B\u00fcy\u00fcme ser\u00fcvenimizde aya\u011f\u0131m\u0131za tak\u0131lan ta\u015flar\u0131, kar\u015f\u0131m\u0131za \u00e7\u0131kan engelleri sadece cesur ad\u0131mlar atarak bertaraf edebilece\u011fimizi g\u00f6steren Raina Telgemeier, zorluklarla m\u00fccadele ederken aslolan\u0131n kendimize g\u00fcvenmek oldu\u011funu vurguluyor.Her f\u0131rsatta korkular\u0131yla bar\u0131\u015fmaya heveslenip de arad\u0131\u011f\u0131 motivasyonu bir t\u00fcrl\u00fc bulamayanlar\u0131n yoluna \u0131\u015f\u0131k tutan Haydi Biraz Cesaret; okurlar\u0131na, \u201c\u0130\u015fte tam da benim ya\u015fad\u0131klar\u0131m\u0131 resmetmi\u015f,\u201d dedirterek Raina&#8217;n\u0131n kendi \u00e7ocuklu\u011fundan ilhamla hayat verdi\u011fi Anna ile bolca duyguda\u015fl\u0131k kurduruyor.<\/p>\n","protected":false},"excerpt":{"rendered":"<p>Belki de tek eksi\u011finiz az\u0131c\u0131k CESARET!G\u00fcl\u00fcmse&#8217;nin yarat\u0131c\u0131s\u0131 Raina Telgemeier&#8217;dan, kayg\u0131 ve korkular\u0131na teslim olmaktan \u00e7ekinen hemen herkesin endorfin seviyesini art\u0131racak, Eisner \u00d6d\u00fcll\u00fc bir mutlu olma k\u0131lavuzu:<span class=\"excerpt-hellip\"> [\u2026]<\/span><\/p>\n","protected":false},"featured_media":0,"template":"","meta":{"_monsterinsights_skip_tracking":false,"_monsterinsights_sitenote_active":false,"_monsterinsights_sitenote_note":"","_monsterinsights_sitenote_category":0},"product_brand":[],"product_cat":[12275,12274],"product_tag":[],"class_list":{"0":"post-733823","1":"product","2":"type-product","3":"status-publish","5":"product_cat-6-12-yas-kitaplari","6":"product_cat-cocuk-ve-genclik-kitaplari","7":"pa_cilt-ciltsiz","8":"pa_tur-kitap","9":"pa_yayinevi-desen-yayinlari","10":"pa_yazar-raina-telgemeier","12":"first","13":"instock","14":"sale","15":"shipping-taxable","16":"purchasable","17":"product-type-simple"},"_links":{"self":[{"href":"https:\/\/roveyayinevi.com.tr\/index.php\/wp-json\/wp\/v2\/product\/733823","targetHints":{"allow":["GET"]}}],"collection":[{"href":"https:\/\/roveyayinevi.com.tr\/index.php\/wp-json\/wp\/v2\/product"}],"about":[{"href":"https:\/\/roveyayinevi.com.tr\/index.php\/wp-json\/wp\/v2\/types\/product"}],"wp:attachment":[{"href":"https:\/\/roveyayinevi.com.tr\/index.php\/wp-json\/wp\/v2\/media?parent=733823"}],"wp:term":[{"taxonomy":"product_brand","embeddable":true,"href":"https:\/\/roveyayinevi.com.tr\/index.php\/wp-json\/wp\/v2\/product_brand?post=733823"},{"taxonomy":"product_cat","embeddable":true,"href":"https:\/\/roveyayinevi.com.tr\/index.php\/wp-json\/wp\/v2\/product_cat?post=733823"},{"taxonomy":"product_tag","embeddable":true,"href":"https:\/\/roveyayinevi.com.tr\/index.php\/wp-json\/wp\/v2\/product_tag?post=733823"}],"curies":[{"name":"wp","href":"https:\/\/api.w.org\/{rel}","templated":true}]}}