{"id":733822,"date":"2025-08-27T22:17:14","date_gmt":"2025-08-27T19:17:14","guid":{"rendered":"https:\/\/roveyayinevi.com.tr\/index.php\/urun\/onsuz-ve-sonsuz\/"},"modified":"2026-04-16T02:41:37","modified_gmt":"2026-04-15T23:41:37","slug":"onsuz-ve-sonsuz","status":"publish","type":"product","link":"https:\/\/roveyayinevi.com.tr\/index.php\/urun\/onsuz-ve-sonsuz\/","title":{"rendered":"\u00d6ns\u00fcz ve Sonsuz"},"content":{"rendered":"<p>Bu son kitapla da ben art\u0131k bir huzurevi sakini olarak, bir emekli \u00f6\u011fretmen ve tefti\u015f eleman\u0131 olarak,  hem kendi an\u0131lar\u0131m\u0131 hem de \u00f6zellikle \u00e7ocuklar\u0131m olan torunlar\u0131m\u0131 d\u00fc\u015f\u00fcnerek \u015fimdilik bu t\u00fcr yaz\u0131lar\u0131m\u0131 bitirdim. \u00d6nemlerine binaen \u00f6nceki kitaplar\u0131mda yer alan bir iki makaleyi de bu kitaba aynen aktard\u0131m.   Art\u0131k Evrenimizde \u00d6NS\u00dcZ ve SONSUZ olan \u015feyin ENERJ\u0130 oldu\u011fu ispatland\u0131\u011f\u0131na g\u00f6re bu enerjinin k\u00fctlesiz ve nesnesiz oldu\u011funu \u00f6ng\u00f6ren ve ispatlayan QUANTUM\u2019un (o da bir enerjidir)  varl\u0131\u011f\u0131na inand\u0131\u011f\u0131m\u0131z ve tarifini gayet g\u00fczel yapt\u0131\u011f\u0131m\u0131z TANRI olmas\u0131 en mant\u0131kl\u0131 ve en bilimsel sonu\u00e7 de\u011fil midir?   Bize l\u00fctfunu esirgemesin ve fel\u00e2ketleri de ba\u015f\u0131m\u0131za vermesin. <\/p>\n","protected":false},"excerpt":{"rendered":"<p>Bu son kitapla da ben art\u0131k bir huzurevi sakini olarak, bir emekli \u00f6\u011fretmen ve tefti\u015f eleman\u0131 olarak, hem kendi an\u0131lar\u0131m\u0131 hem de \u00f6zellikle \u00e7ocuklar\u0131m olan torunlar\u0131m\u0131<span class=\"excerpt-hellip\"> [\u2026]<\/span><\/p>\n","protected":false},"featured_media":0,"template":"","meta":{"_monsterinsights_skip_tracking":false,"_monsterinsights_sitenote_active":false,"_monsterinsights_sitenote_note":"","_monsterinsights_sitenote_category":0},"product_brand":[],"product_cat":[12777,12291],"product_tag":[],"class_list":{"0":"post-733822","1":"product","2":"type-product","3":"status-publish","5":"product_cat-deneme","6":"product_cat-edebiyat","7":"pa_cilt-ciltsiz","8":"pa_tur-kitap","9":"pa_yayinevi-gulnar-yayinlari","10":"pa_yazar-sitki-onder","12":"first","13":"instock","14":"sale","15":"shipping-taxable","16":"purchasable","17":"product-type-simple"},"_links":{"self":[{"href":"https:\/\/roveyayinevi.com.tr\/index.php\/wp-json\/wp\/v2\/product\/733822","targetHints":{"allow":["GET"]}}],"collection":[{"href":"https:\/\/roveyayinevi.com.tr\/index.php\/wp-json\/wp\/v2\/product"}],"about":[{"href":"https:\/\/roveyayinevi.com.tr\/index.php\/wp-json\/wp\/v2\/types\/product"}],"wp:attachment":[{"href":"https:\/\/roveyayinevi.com.tr\/index.php\/wp-json\/wp\/v2\/media?parent=733822"}],"wp:term":[{"taxonomy":"product_brand","embeddable":true,"href":"https:\/\/roveyayinevi.com.tr\/index.php\/wp-json\/wp\/v2\/product_brand?post=733822"},{"taxonomy":"product_cat","embeddable":true,"href":"https:\/\/roveyayinevi.com.tr\/index.php\/wp-json\/wp\/v2\/product_cat?post=733822"},{"taxonomy":"product_tag","embeddable":true,"href":"https:\/\/roveyayinevi.com.tr\/index.php\/wp-json\/wp\/v2\/product_tag?post=733822"}],"curies":[{"name":"wp","href":"https:\/\/api.w.org\/{rel}","templated":true}]}}