{"id":733818,"date":"2025-08-27T22:17:10","date_gmt":"2025-08-27T19:17:10","guid":{"rendered":"https:\/\/roveyayinevi.com.tr\/index.php\/urun\/covid-19-pandemi-surecinde-calisma-yasamindaki-degisime-orgutsel-davranis-konulari-perspektifinden-bakis\/"},"modified":"2026-04-16T02:41:37","modified_gmt":"2026-04-15T23:41:37","slug":"covid-19-pandemi-surecinde-calisma-yasamindaki-degisime-orgutsel-davranis-konulari-perspektifinden-bakis","status":"publish","type":"product","link":"https:\/\/roveyayinevi.com.tr\/index.php\/urun\/covid-19-pandemi-surecinde-calisma-yasamindaki-degisime-orgutsel-davranis-konulari-perspektifinden-bakis\/","title":{"rendered":"Covid 19 Pandemi S\u00fcrecinde \u00c7al\u0131\u015fma Ya\u015fam\u0131ndaki De\u011fi\u015fime \u00d6rg\u00fctsel Davran\u0131\u015f Konular\u0131 Perspektifinden Bak\u0131\u015f"},"content":{"rendered":"<p>1.      Covid 19 Pandemi S\u00fcrecinde \u0130\u015f Tatmini 2.      Covid 19 Pandemi S\u00fcrecinde \u0130\u015fe Devams\u0131zl\u0131k ve \u0130\u015ften Ayr\u0131lma Niyeti 3.      Covid 19 Pandemi S\u00fcrecinde \u00c7al\u0131\u015fan Motivasyonu 4.      Covid 19 Pandemi S\u00fcrecinde \u0130\u015f-Aile \u00c7at\u0131\u015fmas\u0131 ve \u00c7al\u0131\u015fan Performans\u0131 5.      Covid 19 Pandemi S\u00fcrecinde \u0130\u015fe Angaje Olma 6.      Covid 19 Pandemi S\u00fcrecinde Stres Y\u00f6netimi 7.      Covid 19 Pandemi S\u00fcrecinde T\u00fckenmi\u015flik ve Teknoloji Okuryazarl\u0131\u011f\u0131 \u0130li\u015fkisi 8.      Covid 19 Pandemi S\u00fcrecinde Evden \u00c7al\u0131\u015fma ve Koordinasyon Sorunlar\u0131 9.      Covid 19 Pandemi S\u00fcrecinde \u00c7ift Kariyerli E\u015flerin Ya\u015fad\u0131klar\u0131 De\u011fi\u015fim ve D\u00f6n\u00fc\u015f\u00fcm 10.  Covid 19 Pandemi S\u00fcrecinde Psikolojik Dayan\u0131kl\u0131l\u0131k ve \u00d6rg\u00fctsel Destek 11.  Covid 19 Pandemi S\u00fcrecinde \u00d6rg\u00fctsel De\u011fi\u015fim ve De\u011fi\u015fime Diren\u00e7 12.  Covid 19 Pandemi S\u00fcrecinde \u00d6rg\u00fctsel \u0130leti\u015fim 13.  Covid 19 Pandemi S\u00fcrecinde Siber Zorbal\u0131k 14.  Covid 19 Pandemi S\u00fcrecinde Liderlik 15.  Covid 19 Pandemi S\u00fcrecinde \u00d6z Yeterlilik ve Psikolojik \u0130yi Olu\u015f 16.  Covid 19 Pandemi S\u00fcrecinde \u00d6rg\u00fctsel G\u00fcven 17.  Covid 19 Pandemi S\u00fcrecinde \u00d6rg\u00fctsel Vatanda\u015fl\u0131k Davran\u0131\u015f\u0131 18.  Covid 19 Pandemi S\u00fcrecinde Dijital D\u00f6n\u00fc\u015f\u00fcm <\/p>\n","protected":false},"excerpt":{"rendered":"<p>1. Covid 19 Pandemi S\u00fcrecinde \u0130\u015f Tatmini 2. Covid 19 Pandemi S\u00fcrecinde \u0130\u015fe Devams\u0131zl\u0131k ve \u0130\u015ften Ayr\u0131lma Niyeti 3. Covid 19 Pandemi S\u00fcrecinde \u00c7al\u0131\u015fan Motivasyonu 4.<span class=\"excerpt-hellip\"> [\u2026]<\/span><\/p>\n","protected":false},"featured_media":0,"template":"","meta":{"_monsterinsights_skip_tracking":false,"_monsterinsights_sitenote_active":false,"_monsterinsights_sitenote_note":"","_monsterinsights_sitenote_category":0},"product_brand":[],"product_cat":[13005,40995],"product_tag":[],"class_list":{"0":"post-733818","1":"product","2":"type-product","3":"status-publish","5":"product_cat-bilim-muhendislik","6":"product_cat-sosyal-bilimler","7":"pa_cilt-ciltsiz","8":"pa_tur-kitap","9":"pa_yayinevi-gazi-kitabevi","10":"pa_yazar-ebru-erturk","12":"first","13":"instock","14":"sale","15":"shipping-taxable","16":"purchasable","17":"product-type-simple"},"_links":{"self":[{"href":"https:\/\/roveyayinevi.com.tr\/index.php\/wp-json\/wp\/v2\/product\/733818","targetHints":{"allow":["GET"]}}],"collection":[{"href":"https:\/\/roveyayinevi.com.tr\/index.php\/wp-json\/wp\/v2\/product"}],"about":[{"href":"https:\/\/roveyayinevi.com.tr\/index.php\/wp-json\/wp\/v2\/types\/product"}],"wp:attachment":[{"href":"https:\/\/roveyayinevi.com.tr\/index.php\/wp-json\/wp\/v2\/media?parent=733818"}],"wp:term":[{"taxonomy":"product_brand","embeddable":true,"href":"https:\/\/roveyayinevi.com.tr\/index.php\/wp-json\/wp\/v2\/product_brand?post=733818"},{"taxonomy":"product_cat","embeddable":true,"href":"https:\/\/roveyayinevi.com.tr\/index.php\/wp-json\/wp\/v2\/product_cat?post=733818"},{"taxonomy":"product_tag","embeddable":true,"href":"https:\/\/roveyayinevi.com.tr\/index.php\/wp-json\/wp\/v2\/product_tag?post=733818"}],"curies":[{"name":"wp","href":"https:\/\/api.w.org\/{rel}","templated":true}]}}