{"id":733815,"date":"2025-08-27T22:17:07","date_gmt":"2025-08-27T19:17:07","guid":{"rendered":"https:\/\/roveyayinevi.com.tr\/index.php\/urun\/trajedi\/"},"modified":"2026-04-16T02:41:37","modified_gmt":"2026-04-15T23:41:37","slug":"trajedi","status":"publish","type":"product","link":"https:\/\/roveyayinevi.com.tr\/index.php\/urun\/trajedi\/","title":{"rendered":"Trajedi"},"content":{"rendered":"<p>Se\u00e7kin edebiyat kuramc\u0131s\u0131 Terry Eagleton, bu b\u00fcy\u00fcleyici \u00e7al\u0131\u015fmas\u0131nda Bat\u0131 k\u00fclt\u00fcr\u00fcndeki trajedinin n\u00fcanslar\u0131n\u0131 ara\u015ft\u0131r\u0131yor. Trajedinin insanl\u0131k durumu \u00fczerine bir tefekk\u00fcr olarak de\u011fil, uygarl\u0131klar\u0131n kendilerini ku\u015fatan \u00e7at\u0131\u015fmalarla m\u00fccadele etti\u011fi siyasal kat\u0131l\u0131m anlar\u0131nda ortaya \u00e7\u0131kt\u0131\u011f\u0131n\u0131 iddia eden Eagleton, trajedinin insan deneyimi ve k\u00fclt\u00fcr\u00fc i\u00e7in temel oldu\u011funu g\u00f6steriyor.   Nietzsche, Walter Benjamin ve Slavoj \u017di\u017eek&#8217;in yan\u0131 s\u0131ra Sophokles, Aiskh\u00fclos, Shakespeare ve Ibsen gibi pek \u00e7ok \u00f6nemli yazar ve d\u00fc\u015f\u00fcn\u00fcr\u00fcn e\u015flik etti\u011fi Trajedi, edebiyat ve tiyatronun yan\u0131 s\u0131ra politikaya ve felsefeye de kafa yoran okurlar i\u00e7in.  <\/p>\n","protected":false},"excerpt":{"rendered":"<p>Se\u00e7kin edebiyat kuramc\u0131s\u0131 Terry Eagleton, bu b\u00fcy\u00fcleyici \u00e7al\u0131\u015fmas\u0131nda Bat\u0131 k\u00fclt\u00fcr\u00fcndeki trajedinin n\u00fcanslar\u0131n\u0131 ara\u015ft\u0131r\u0131yor. Trajedinin insanl\u0131k durumu \u00fczerine bir tefekk\u00fcr olarak de\u011fil, uygarl\u0131klar\u0131n kendilerini ku\u015fatan \u00e7at\u0131\u015fmalarla m\u00fccadele<span class=\"excerpt-hellip\"> [\u2026]<\/span><\/p>\n","protected":false},"featured_media":0,"template":"","meta":{"_monsterinsights_skip_tracking":false,"_monsterinsights_sitenote_active":false,"_monsterinsights_sitenote_note":"","_monsterinsights_sitenote_category":0},"product_brand":[],"product_cat":[13072,12291],"product_tag":[],"class_list":{"0":"post-733815","1":"product","2":"type-product","3":"status-publish","5":"product_cat-arastirma-inceleme-referans","6":"product_cat-edebiyat","7":"pa_cilt-ciltsiz","8":"pa_tur-kitap","9":"pa_yayinevi-tellekt","10":"pa_yazar-terry-eagleton","12":"first","13":"instock","14":"sale","15":"shipping-taxable","16":"purchasable","17":"product-type-simple"},"_links":{"self":[{"href":"https:\/\/roveyayinevi.com.tr\/index.php\/wp-json\/wp\/v2\/product\/733815","targetHints":{"allow":["GET"]}}],"collection":[{"href":"https:\/\/roveyayinevi.com.tr\/index.php\/wp-json\/wp\/v2\/product"}],"about":[{"href":"https:\/\/roveyayinevi.com.tr\/index.php\/wp-json\/wp\/v2\/types\/product"}],"wp:attachment":[{"href":"https:\/\/roveyayinevi.com.tr\/index.php\/wp-json\/wp\/v2\/media?parent=733815"}],"wp:term":[{"taxonomy":"product_brand","embeddable":true,"href":"https:\/\/roveyayinevi.com.tr\/index.php\/wp-json\/wp\/v2\/product_brand?post=733815"},{"taxonomy":"product_cat","embeddable":true,"href":"https:\/\/roveyayinevi.com.tr\/index.php\/wp-json\/wp\/v2\/product_cat?post=733815"},{"taxonomy":"product_tag","embeddable":true,"href":"https:\/\/roveyayinevi.com.tr\/index.php\/wp-json\/wp\/v2\/product_tag?post=733815"}],"curies":[{"name":"wp","href":"https:\/\/api.w.org\/{rel}","templated":true}]}}