{"id":733810,"date":"2025-08-27T22:17:01","date_gmt":"2025-08-27T19:17:01","guid":{"rendered":"https:\/\/roveyayinevi.com.tr\/index.php\/urun\/kucuk-bir-ayrinti\/"},"modified":"2026-04-16T02:41:36","modified_gmt":"2026-04-15T23:41:36","slug":"kucuk-bir-ayrinti","status":"publish","type":"product","link":"https:\/\/roveyayinevi.com.tr\/index.php\/urun\/kucuk-bir-ayrinti\/","title":{"rendered":"K\u00fc\u00e7\u00fck Bir Ayr\u0131nt\u0131"},"content":{"rendered":"<p>K\u00fc\u00e7\u00fck Bir Ayr\u0131nt\u0131 1949 yaz\u0131nda, Filistinlilerin 700.000 ki\u015finin s\u00fcr\u00fclmesine sebep olan Nakba felaketinin yas\u0131n\u0131 tuttu\u011fu ve \u0130sraillilerin Ba\u011f\u0131ms\u0131zl\u0131k Sava\u015f\u0131\u2019n\u0131 kutlad\u0131\u011f\u0131 d\u00f6nemde ba\u015fl\u0131yor. \u0130srail askerleri bir grup bedeviyi Negev \u00c7\u00f6l\u00fc\u2019nde \u00f6ld\u00fcr\u00fcr ve aralar\u0131nda bulunan Filistinli bir k\u0131z\u0131 esir al\u0131p tecav\u00fcz ederler. Daha sonra da k\u0131z\u0131 katledip kuma g\u00f6merler. Senelerin ard\u0131ndan, g\u00fcn\u00fcm\u00fcze yak\u0131n bir zamanda, Ramallah\u2019ta gen\u00e7 bir kad\u0131n, tarihteki bu \u201ck\u00fc\u00e7\u00fck ayr\u0131nt\u0131\u201dn\u0131n pe\u015fine d\u00fc\u015fer ve tak\u0131nt\u0131 derecesinde bu olayla u\u011fra\u015fmaya ba\u015flar. Sava\u015f, \u015fiddet ve bellek \u00fczerine t\u00fcyler \u00fcrpertici bir roman olan, Uluslararas\u0131 Booker, Ulusal Kitap \u00d6d\u00fcl\u00fc gibi prestijli \u00f6d\u00fcllere aday g\u00f6sterilen K\u00fc\u00e7\u00fck Bir Ayr\u0131nt\u0131, Filistinlilerin m\u00fclks\u00fczle\u015ftirilmesi ve i\u015fgal alt\u0131ndaki ya\u015fam gibi konular\u0131 ustal\u0131kla ele al\u0131yor.   \u201cAdania Shibli, roman\u0131ndaki kilit olay\u0131 \u2013bedevi gen\u00e7 bir kad\u0131na tecav\u00fcz edilmesi ve katli\u2013, \u0130srailli bir psikopat ve otizm spektrumundaki Filistinli amat\u00f6r bir dedektif gibi, t\u00fcm\u00fcyle kendi d\u00fcnyas\u0131na g\u00f6m\u00fclm\u00fc\u015f iki anlat\u0131c\u0131 \u00fczerinden aktararak b\u00fcy\u00fck bir risk al\u0131yor. Gelgelelim dolaylama y\u00f6ntemi, roman\u0131n \u015fok edici sonu sayesinde, hedefine ula\u015f\u0131yor.\u201d J. M. Coetzee   \u201cK\u00fc\u00e7\u00fck Bir Ayr\u0131nt\u0131 ola\u011fan\u00fcst\u00fc bir sanat eseri; her daim \u015fa\u015f\u0131rt\u0131c\u0131 ve s\u00fcr\u00fckleyici. Ahlaki zek\u00e2n\u0131n, siyasi tutkular\u0131n ve bi\u00e7imsel ustal\u0131\u011f\u0131n e\u015fine az rastlan\u0131r bir \u00f6rne\u011fi.\u201d Pankaj Mishra<\/p>\n","protected":false},"excerpt":{"rendered":"<p>K\u00fc\u00e7\u00fck Bir Ayr\u0131nt\u0131 1949 yaz\u0131nda, Filistinlilerin 700.000 ki\u015finin s\u00fcr\u00fclmesine sebep olan Nakba felaketinin yas\u0131n\u0131 tuttu\u011fu ve \u0130sraillilerin Ba\u011f\u0131ms\u0131zl\u0131k Sava\u015f\u0131\u2019n\u0131 kutlad\u0131\u011f\u0131 d\u00f6nemde ba\u015fl\u0131yor. \u0130srail askerleri bir grup<span class=\"excerpt-hellip\"> [\u2026]<\/span><\/p>\n","protected":false},"featured_media":0,"template":"","meta":{"_monsterinsights_skip_tracking":false,"_monsterinsights_sitenote_active":false,"_monsterinsights_sitenote_note":"","_monsterinsights_sitenote_category":0},"product_brand":[],"product_cat":[12291,12711],"product_tag":[],"class_list":{"0":"post-733810","1":"product","2":"type-product","3":"status-publish","5":"product_cat-edebiyat","6":"product_cat-roman-oyku","7":"pa_cilt-ciltsiz","8":"pa_tur-kitap","9":"pa_yayinevi-can-yayinlari","10":"pa_yazar-adania-shibli","12":"first","13":"instock","14":"sale","15":"shipping-taxable","16":"purchasable","17":"product-type-simple"},"_links":{"self":[{"href":"https:\/\/roveyayinevi.com.tr\/index.php\/wp-json\/wp\/v2\/product\/733810","targetHints":{"allow":["GET"]}}],"collection":[{"href":"https:\/\/roveyayinevi.com.tr\/index.php\/wp-json\/wp\/v2\/product"}],"about":[{"href":"https:\/\/roveyayinevi.com.tr\/index.php\/wp-json\/wp\/v2\/types\/product"}],"wp:attachment":[{"href":"https:\/\/roveyayinevi.com.tr\/index.php\/wp-json\/wp\/v2\/media?parent=733810"}],"wp:term":[{"taxonomy":"product_brand","embeddable":true,"href":"https:\/\/roveyayinevi.com.tr\/index.php\/wp-json\/wp\/v2\/product_brand?post=733810"},{"taxonomy":"product_cat","embeddable":true,"href":"https:\/\/roveyayinevi.com.tr\/index.php\/wp-json\/wp\/v2\/product_cat?post=733810"},{"taxonomy":"product_tag","embeddable":true,"href":"https:\/\/roveyayinevi.com.tr\/index.php\/wp-json\/wp\/v2\/product_tag?post=733810"}],"curies":[{"name":"wp","href":"https:\/\/api.w.org\/{rel}","templated":true}]}}