{"id":733808,"date":"2025-08-27T22:16:59","date_gmt":"2025-08-27T19:16:59","guid":{"rendered":"https:\/\/roveyayinevi.com.tr\/index.php\/urun\/ehl-i-beyt-i-muhammedi-muhammedi-silsile\/"},"modified":"2026-04-16T02:41:36","modified_gmt":"2026-04-15T23:41:36","slug":"ehl-i-beyt-i-muhammedi-muhammedi-silsile","status":"publish","type":"product","link":"https:\/\/roveyayinevi.com.tr\/index.php\/urun\/ehl-i-beyt-i-muhammedi-muhammedi-silsile\/","title":{"rendered":"Ehl-i Beyt-i Muhammedi &#8211; Muhammedi Silsile"},"content":{"rendered":"<p>D\u00fcnyaca \u00fcnl\u00fc tasavvuf ara\u015ft\u0131rmac\u0131s\u0131 m\u00fchtedi Michael Chodkiewicz\u2019in k\u0131z\u0131 ve Kibrit-i Ahmerin Pe\u015finde adl\u0131 \u0130bn-i Arab\u00ee biyografisi ile tan\u0131d\u0131\u011f\u0131m\u0131z Claude Addas bu eseri ile Hz. Peygamberimizin \u015fahs-\u0131 manevisini ve onun \u201cehl-i beytini\u201d tarif, tavsif ve tazim etmeye \u00e7al\u0131\u015f\u0131yor. \u0130ster avama ister havassa mahsus olsun, M\u00fcsl\u00fcmanlar\u0131n Hz. Res\u00fblullah\u2019a g\u00f6sterdikleri muazzam muhabbet ve h\u00fcrmetin \u00e7ok farkl\u0131 bi\u00e7imlerde tezah\u00fcrlerinden, onun zihinlerde ve g\u00f6n\u00fcllerdeki tasvirinden yola \u00e7\u0131kan Addas \u00f6ncelikle m\u00fcminlerin indindeki Hz. Muhammed temsilinin \u0130slam\u2019a farkl\u0131 mensubiyet bi\u00e7imlerine tekab\u00fcl etti\u011fini g\u00f6steriyor.  Hz. Muhammed\u2019in be\u015feriyetinden ba\u015flayarak faziletlerine, ahl\u00e2k\u0131na, \u00e2lemlere rahmet olu\u015funa ve t\u00fcm Yarat\u0131l\u0131\u015f vetiresini ba\u015flatan temel sebep, muharrik kuvvet olu\u015funa dek Hz. Res\u00fblullah temsilinin kapsam\u0131n\u0131, onun en b\u00fcy\u00fck varislerinin eser, s\u00f6z, ke\u015ff ve manev\u00ee tecr\u00fcbeleri \u00fczerinden g\u00f6zler \u00f6n\u00fcne seriyor.  \u015euras\u0131 muhakkak ki \u00f6ncelikli olarak Bat\u0131l\u0131 akademik okura hitap eden bu eserdeki bak\u0131\u015f a\u00e7\u0131s\u0131 M\u00fcsl\u00fcman gelene\u011finden gelen okur i\u00e7in de bilhassa Hz. Peygamber\u2019in evrensel olarak ifade etti\u011fi de\u011fer, mevkii, faaliyet ve Hakk\u2019a ula\u015ft\u0131ran m\u00fckemmel timsal olma hususiyetini yeniden de\u011ferlendirmek ad\u0131na \u00f6nemli pencereler a\u00e7\u0131yor. Sufi Kitap bu m\u00fckemmel eseri Birol Bi\u00e7er\u2019in dile ve alana hakimiyetine ilaveten in\u015fa g\u00fcc\u00fcn\u00fc g\u00f6steren \u00f6zenli \u00e7evirisi ile T\u00fcrk okuruna takdim etmekten onur duymaktad\u0131r. <\/p>\n","protected":false},"excerpt":{"rendered":"<p>D\u00fcnyaca \u00fcnl\u00fc tasavvuf ara\u015ft\u0131rmac\u0131s\u0131 m\u00fchtedi Michael Chodkiewicz\u2019in k\u0131z\u0131 ve Kibrit-i Ahmerin Pe\u015finde adl\u0131 \u0130bn-i Arab\u00ee biyografisi ile tan\u0131d\u0131\u011f\u0131m\u0131z Claude Addas bu eseri ile Hz. Peygamberimizin \u015fahs-\u0131<span class=\"excerpt-hellip\"> [\u2026]<\/span><\/p>\n","protected":false},"featured_media":0,"template":"","meta":{"_monsterinsights_skip_tracking":false,"_monsterinsights_sitenote_active":false,"_monsterinsights_sitenote_note":"","_monsterinsights_sitenote_category":0},"product_brand":[],"product_cat":[12718,12719,12720],"product_tag":[],"class_list":{"0":"post-733808","1":"product","2":"type-product","3":"status-publish","5":"product_cat-din","6":"product_cat-islam","7":"product_cat-tasavvuf-mezhepler-tarikatlar","8":"pa_cilt-ciltsiz","9":"pa_tur-kitap","10":"pa_yayinevi-sufi-kitap","11":"pa_yazar-claude-addas","13":"first","14":"instock","15":"sale","16":"shipping-taxable","17":"purchasable","18":"product-type-simple"},"_links":{"self":[{"href":"https:\/\/roveyayinevi.com.tr\/index.php\/wp-json\/wp\/v2\/product\/733808","targetHints":{"allow":["GET"]}}],"collection":[{"href":"https:\/\/roveyayinevi.com.tr\/index.php\/wp-json\/wp\/v2\/product"}],"about":[{"href":"https:\/\/roveyayinevi.com.tr\/index.php\/wp-json\/wp\/v2\/types\/product"}],"wp:attachment":[{"href":"https:\/\/roveyayinevi.com.tr\/index.php\/wp-json\/wp\/v2\/media?parent=733808"}],"wp:term":[{"taxonomy":"product_brand","embeddable":true,"href":"https:\/\/roveyayinevi.com.tr\/index.php\/wp-json\/wp\/v2\/product_brand?post=733808"},{"taxonomy":"product_cat","embeddable":true,"href":"https:\/\/roveyayinevi.com.tr\/index.php\/wp-json\/wp\/v2\/product_cat?post=733808"},{"taxonomy":"product_tag","embeddable":true,"href":"https:\/\/roveyayinevi.com.tr\/index.php\/wp-json\/wp\/v2\/product_tag?post=733808"}],"curies":[{"name":"wp","href":"https:\/\/api.w.org\/{rel}","templated":true}]}}