{"id":733807,"date":"2025-08-27T22:16:58","date_gmt":"2025-08-27T19:16:58","guid":{"rendered":"https:\/\/roveyayinevi.com.tr\/index.php\/urun\/butun-dunyanin-pesime-dustugu-gun\/"},"modified":"2026-04-08T02:50:44","modified_gmt":"2026-04-07T23:50:44","slug":"butun-dunyanin-pesime-dustugu-gun","status":"publish","type":"product","link":"https:\/\/roveyayinevi.com.tr\/index.php\/urun\/butun-dunyanin-pesime-dustugu-gun\/","title":{"rendered":"B\u00fct\u00fcn D\u00fcnyan\u0131n Pe\u015fime D\u00fc\u015ft\u00fc\u011f\u00fc G\u00fcn"},"content":{"rendered":"<p>Dokuz ya\u015f\u0131ndaki Pete \u015fimdiye kadarki en k\u00f6t\u00fc g\u00fcn\u00fcn\u00fc ya\u015f\u0131yor. \u00d6nce bir gangsteri sinirlendirdi, sonras\u0131nda a\u015f\u0131r\u0131 sinir bozucu kom\u015fusuyla arkada\u015f olmak zorunda kald\u0131 ve hepsinden de k\u00f6t\u00fcs\u00fc yanl\u0131\u015fl\u0131kla d\u00fckk\u00e2n soydu. \u015eimdi Pete su\u00e7suzlu\u011funu kan\u0131tlamak i\u00e7in zamana kar\u015f\u0131 yar\u0131\u015f\u0131yor. Ama hi\u00e7 kolay de\u011fil bu. \u00d6zellikle b\u00fct\u00fcn d\u00fcnya pe\u015fine d\u00fc\u015ft\u00fcyse.<\/p>\n","protected":false},"excerpt":{"rendered":"<p>Dokuz ya\u015f\u0131ndaki Pete \u015fimdiye kadarki en k\u00f6t\u00fc g\u00fcn\u00fcn\u00fc ya\u015f\u0131yor. \u00d6nce bir gangsteri sinirlendirdi, sonras\u0131nda a\u015f\u0131r\u0131 sinir bozucu kom\u015fusuyla arkada\u015f olmak zorunda kald\u0131 ve hepsinden de k\u00f6t\u00fcs\u00fc<span class=\"excerpt-hellip\"> [\u2026]<\/span><\/p>\n","protected":false},"featured_media":0,"template":"","meta":{"_monsterinsights_skip_tracking":false,"_monsterinsights_sitenote_active":false,"_monsterinsights_sitenote_note":"","_monsterinsights_sitenote_category":0},"product_brand":[],"product_cat":[12275,12274],"product_tag":[],"class_list":{"0":"post-733807","1":"product","2":"type-product","3":"status-publish","5":"product_cat-6-12-yas-kitaplari","6":"product_cat-cocuk-ve-genclik-kitaplari","7":"pa_cilt-ciltsiz","8":"pa_tur-kitap","9":"pa_yayinevi-timas-cocuk","10":"pa_yazar-tom-mclaughin","12":"first","13":"instock","14":"sale","15":"shipping-taxable","16":"purchasable","17":"product-type-simple"},"_links":{"self":[{"href":"https:\/\/roveyayinevi.com.tr\/index.php\/wp-json\/wp\/v2\/product\/733807","targetHints":{"allow":["GET"]}}],"collection":[{"href":"https:\/\/roveyayinevi.com.tr\/index.php\/wp-json\/wp\/v2\/product"}],"about":[{"href":"https:\/\/roveyayinevi.com.tr\/index.php\/wp-json\/wp\/v2\/types\/product"}],"wp:attachment":[{"href":"https:\/\/roveyayinevi.com.tr\/index.php\/wp-json\/wp\/v2\/media?parent=733807"}],"wp:term":[{"taxonomy":"product_brand","embeddable":true,"href":"https:\/\/roveyayinevi.com.tr\/index.php\/wp-json\/wp\/v2\/product_brand?post=733807"},{"taxonomy":"product_cat","embeddable":true,"href":"https:\/\/roveyayinevi.com.tr\/index.php\/wp-json\/wp\/v2\/product_cat?post=733807"},{"taxonomy":"product_tag","embeddable":true,"href":"https:\/\/roveyayinevi.com.tr\/index.php\/wp-json\/wp\/v2\/product_tag?post=733807"}],"curies":[{"name":"wp","href":"https:\/\/api.w.org\/{rel}","templated":true}]}}