{"id":733796,"date":"2025-08-27T22:16:46","date_gmt":"2025-08-27T19:16:46","guid":{"rendered":"https:\/\/roveyayinevi.com.tr\/index.php\/urun\/alemdar-gemisi-kurtulusun-kahramanlari-3\/"},"modified":"2026-04-16T02:41:36","modified_gmt":"2026-04-15T23:41:36","slug":"alemdar-gemisi-kurtulusun-kahramanlari-3","status":"publish","type":"product","link":"https:\/\/roveyayinevi.com.tr\/index.php\/urun\/alemdar-gemisi-kurtulusun-kahramanlari-3\/","title":{"rendered":"Alemdar Gemisi &#8211; Kurtulu\u015fun Kahramanlar\u0131 3"},"content":{"rendered":"<p>&#8220;Kurtulu\u015fun Kahramanlar\u0131&#8221; destan yazmaya devam ediyor&#8230;Yine birbirinden cesur ve g\u00f6z\u00fcpek kahramanlar, yine birbirinden s\u00fcr\u00fckleyici ve heyecan verici hik\u00e2yeler&#8230;&#8221;Kurtulu\u015fun Kahramanlar\u0131&#8221;n\u0131 tarih\u00ee romanlar\u0131n usta kalemi \u0130smail Bilgin, ilkokul 3 ve 4. s\u0131n\u0131f \u00f6\u011frencileri i\u00e7in yazd\u0131. Bu kitaplar sayesinde okurlar, tarihimizin kahramanlar\u0131n\u0131 ve vatan\u0131m\u0131z i\u00e7in yap\u0131lan fedak\u00e2rl\u0131klar\u0131 \u00f6\u011frenecek.<\/p>\n","protected":false},"excerpt":{"rendered":"<p>&#8220;Kurtulu\u015fun Kahramanlar\u0131&#8221; destan yazmaya devam ediyor&#8230;Yine birbirinden cesur ve g\u00f6z\u00fcpek kahramanlar, yine birbirinden s\u00fcr\u00fckleyici ve heyecan verici hik\u00e2yeler&#8230;&#8221;Kurtulu\u015fun Kahramanlar\u0131&#8221;n\u0131 tarih\u00ee romanlar\u0131n usta kalemi \u0130smail Bilgin, ilkokul<span class=\"excerpt-hellip\"> [\u2026]<\/span><\/p>\n","protected":false},"featured_media":0,"template":"","meta":{"_monsterinsights_skip_tracking":false,"_monsterinsights_sitenote_active":false,"_monsterinsights_sitenote_note":"","_monsterinsights_sitenote_category":0},"product_brand":[],"product_cat":[12275,12274],"product_tag":[],"class_list":{"0":"post-733796","1":"product","2":"type-product","3":"status-publish","5":"product_cat-6-12-yas-kitaplari","6":"product_cat-cocuk-ve-genclik-kitaplari","7":"pa_cilt-ciltsiz","8":"pa_tur-kitap","9":"pa_yayinevi-timas-cocuk","10":"pa_yazar-ismail-bilgin","12":"first","13":"instock","14":"sale","15":"shipping-taxable","16":"purchasable","17":"product-type-simple"},"_links":{"self":[{"href":"https:\/\/roveyayinevi.com.tr\/index.php\/wp-json\/wp\/v2\/product\/733796","targetHints":{"allow":["GET"]}}],"collection":[{"href":"https:\/\/roveyayinevi.com.tr\/index.php\/wp-json\/wp\/v2\/product"}],"about":[{"href":"https:\/\/roveyayinevi.com.tr\/index.php\/wp-json\/wp\/v2\/types\/product"}],"wp:attachment":[{"href":"https:\/\/roveyayinevi.com.tr\/index.php\/wp-json\/wp\/v2\/media?parent=733796"}],"wp:term":[{"taxonomy":"product_brand","embeddable":true,"href":"https:\/\/roveyayinevi.com.tr\/index.php\/wp-json\/wp\/v2\/product_brand?post=733796"},{"taxonomy":"product_cat","embeddable":true,"href":"https:\/\/roveyayinevi.com.tr\/index.php\/wp-json\/wp\/v2\/product_cat?post=733796"},{"taxonomy":"product_tag","embeddable":true,"href":"https:\/\/roveyayinevi.com.tr\/index.php\/wp-json\/wp\/v2\/product_tag?post=733796"}],"curies":[{"name":"wp","href":"https:\/\/api.w.org\/{rel}","templated":true}]}}