{"id":733795,"date":"2025-08-27T22:16:45","date_gmt":"2025-08-27T19:16:45","guid":{"rendered":"https:\/\/roveyayinevi.com.tr\/index.php\/urun\/ani-hirsizlari\/"},"modified":"2026-04-16T02:41:36","modified_gmt":"2026-04-15T23:41:36","slug":"ani-hirsizlari","status":"publish","type":"product","link":"https:\/\/roveyayinevi.com.tr\/index.php\/urun\/ani-hirsizlari\/","title":{"rendered":"An\u0131 H\u0131rs\u0131zlar\u0131"},"content":{"rendered":"<p>Cyan, kendini bildi bileli k\u00f6t\u00fc an\u0131lar\u0131 unutturulan onlarca \u00e7ocukla birlikte Ba\u015fkabiryer\u2019de ya\u015far. Sorgulaman\u0131n yasakland\u0131\u011f\u0131 bu terk edilmi\u015f adada, ge\u00e7mi\u015finin karanl\u0131\u011f\u0131ndan korundu\u011funa inan\u0131r. Fakat bir g\u00fcn bir balina iskeletine kaz\u0131nm\u0131\u015f gizemli bir not bulur ve neyi unuttu\u011funu merak etmeye ba\u015flar.Ayn\u0131 g\u00fcn s\u0131\u011f\u0131na\u011fa getirilen biri unutturma tedavisine diren\u00e7 g\u00f6sterir ve ac\u0131 verici de olsa hat\u0131ralar\u0131na s\u0131k\u0131ca tutunur. G\u00f6revliler, ge\u00e7mi\u015fini hat\u0131rlamas\u0131n\u0131 engellemek i\u00e7in yeni arkada\u015f\u0131na daha sert tedaviler uygulamaya ba\u015flad\u0131\u011f\u0131nda Cyan, Ba\u015fkabiryer\u2019in sand\u0131\u011f\u0131 gibi olmad\u0131\u011f\u0131n\u0131 anlar. Kendisi ve s\u0131\u011f\u0131nak hakk\u0131ndaki ger\u00e7ekleri \u00f6\u011frenmek ve arkada\u015flar\u0131n\u0131 kurtarmak \u00fczere tehlikeli bir g\u00f6reve \u00e7\u0131kar.\u00c7ok sevilen \u00c7\u00f6p\u00e7\u00fcler kitab\u0131n\u0131n yazar\u0131 Darren Simpson\u2019dan soluk solu\u011fa bir \u00f6zg\u00fcrl\u00fck m\u00fccadelesi hik\u00e2yesi.<\/p>\n","protected":false},"excerpt":{"rendered":"<p>Cyan, kendini bildi bileli k\u00f6t\u00fc an\u0131lar\u0131 unutturulan onlarca \u00e7ocukla birlikte Ba\u015fkabiryer\u2019de ya\u015far. Sorgulaman\u0131n yasakland\u0131\u011f\u0131 bu terk edilmi\u015f adada, ge\u00e7mi\u015finin karanl\u0131\u011f\u0131ndan korundu\u011funa inan\u0131r. Fakat bir g\u00fcn bir<span class=\"excerpt-hellip\"> [\u2026]<\/span><\/p>\n","protected":false},"featured_media":0,"template":"","meta":{"_monsterinsights_skip_tracking":false,"_monsterinsights_sitenote_active":false,"_monsterinsights_sitenote_note":"","_monsterinsights_sitenote_category":0},"product_brand":[],"product_cat":[12275,12274],"product_tag":[],"class_list":{"0":"post-733795","1":"product","2":"type-product","3":"status-publish","5":"product_cat-6-12-yas-kitaplari","6":"product_cat-cocuk-ve-genclik-kitaplari","7":"pa_cilt-ciltsiz","8":"pa_tur-kitap","9":"pa_yayinevi-genc-timas","10":"pa_yazar-darren-simpson","12":"first","13":"instock","14":"sale","15":"shipping-taxable","16":"purchasable","17":"product-type-simple"},"_links":{"self":[{"href":"https:\/\/roveyayinevi.com.tr\/index.php\/wp-json\/wp\/v2\/product\/733795","targetHints":{"allow":["GET"]}}],"collection":[{"href":"https:\/\/roveyayinevi.com.tr\/index.php\/wp-json\/wp\/v2\/product"}],"about":[{"href":"https:\/\/roveyayinevi.com.tr\/index.php\/wp-json\/wp\/v2\/types\/product"}],"wp:attachment":[{"href":"https:\/\/roveyayinevi.com.tr\/index.php\/wp-json\/wp\/v2\/media?parent=733795"}],"wp:term":[{"taxonomy":"product_brand","embeddable":true,"href":"https:\/\/roveyayinevi.com.tr\/index.php\/wp-json\/wp\/v2\/product_brand?post=733795"},{"taxonomy":"product_cat","embeddable":true,"href":"https:\/\/roveyayinevi.com.tr\/index.php\/wp-json\/wp\/v2\/product_cat?post=733795"},{"taxonomy":"product_tag","embeddable":true,"href":"https:\/\/roveyayinevi.com.tr\/index.php\/wp-json\/wp\/v2\/product_tag?post=733795"}],"curies":[{"name":"wp","href":"https:\/\/api.w.org\/{rel}","templated":true}]}}