{"id":733794,"date":"2025-08-27T22:16:44","date_gmt":"2025-08-27T19:16:44","guid":{"rendered":"https:\/\/roveyayinevi.com.tr\/index.php\/urun\/tarihin-sifir-noktasi-anadolu-ve-mezopotamya-uygarliklari\/"},"modified":"2026-04-16T02:41:36","modified_gmt":"2026-04-15T23:41:36","slug":"tarihin-sifir-noktasi-anadolu-ve-mezopotamya-uygarliklari","status":"publish","type":"product","link":"https:\/\/roveyayinevi.com.tr\/index.php\/urun\/tarihin-sifir-noktasi-anadolu-ve-mezopotamya-uygarliklari\/","title":{"rendered":"Tarihin S\u0131f\u0131r Noktas\u0131 &#8211; Anadolu ve Mezopotamya Uygarl\u0131klar\u0131"},"content":{"rendered":"<p>S\u00fcmer, Babil, Asur, Hitit, Frig, Lidya, Urartu ve \u0130yon\u2026Marketten \u00e7ikolata al\u0131nca \u00f6dedi\u011fimiz parada, bu kitab\u0131 yazd\u0131\u011f\u0131m\u0131z yaz\u0131da onlar var.Doktorlar\u0131n g\u00f6reve ba\u015flarken etti\u011fi yeminde, Ramazan ve Kurban bayramlar\u0131n\u0131 kutlad\u0131\u011f\u0131m\u0131z ay takviminde, serimizin temeli olan \u201ctarih\u201d biliminde onlar var.Tarih onlarla ba\u015flad\u0131. Tarihe onlar y\u00f6n verdi. \u0130lk icatlar\u0131, ilk ke\u015fifleri onlar yapt\u0131. Bindi\u011fimiz araba gidiyorsa, u\u00e7ak iniyorsa onlar sayesinde. Saatte, dakikada, gezegen ve ay isimlerinde, bilimde, sanatta hatta oyuncaklarda ve kedilerin evcille\u015ftirilmesinde bile onlar\u0131n pay\u0131 var.G\u00fcn\u00fcm\u00fczden 3.000-5.000 y\u0131l \u00f6nce kurulan uygarl\u0131klara; heyecan dolu, ilham verici, inan\u0131lmaz bir yolculuk i\u00e7in haz\u0131r m\u0131s\u0131n\u0131z? Anadolu ve Mezopotamya uygarl\u0131klar\u0131n\u0131 \u00f6\u011frenmek hi\u00e7 bu kadar e\u011flenceli olmam\u0131\u015ft\u0131.<\/p>\n","protected":false},"excerpt":{"rendered":"<p>S\u00fcmer, Babil, Asur, Hitit, Frig, Lidya, Urartu ve \u0130yon\u2026Marketten \u00e7ikolata al\u0131nca \u00f6dedi\u011fimiz parada, bu kitab\u0131 yazd\u0131\u011f\u0131m\u0131z yaz\u0131da onlar var.Doktorlar\u0131n g\u00f6reve ba\u015flarken etti\u011fi yeminde, Ramazan ve Kurban<span class=\"excerpt-hellip\"> [\u2026]<\/span><\/p>\n","protected":false},"featured_media":0,"template":"","meta":{"_monsterinsights_skip_tracking":false,"_monsterinsights_sitenote_active":false,"_monsterinsights_sitenote_note":"","_monsterinsights_sitenote_category":0},"product_brand":[],"product_cat":[12312,12304],"product_tag":[],"class_list":{"0":"post-733794","1":"product","2":"type-product","3":"status-publish","5":"product_cat-diger","6":"product_cat-tarih","7":"pa_cilt-ciltsiz","8":"pa_tur-kitap","9":"pa_yayinevi-eglenceli-bilgi-yayinlari","10":"pa_yazar-metin-ozdamarlar","12":"first","13":"instock","14":"sale","15":"shipping-taxable","16":"purchasable","17":"product-type-simple"},"_links":{"self":[{"href":"https:\/\/roveyayinevi.com.tr\/index.php\/wp-json\/wp\/v2\/product\/733794","targetHints":{"allow":["GET"]}}],"collection":[{"href":"https:\/\/roveyayinevi.com.tr\/index.php\/wp-json\/wp\/v2\/product"}],"about":[{"href":"https:\/\/roveyayinevi.com.tr\/index.php\/wp-json\/wp\/v2\/types\/product"}],"wp:attachment":[{"href":"https:\/\/roveyayinevi.com.tr\/index.php\/wp-json\/wp\/v2\/media?parent=733794"}],"wp:term":[{"taxonomy":"product_brand","embeddable":true,"href":"https:\/\/roveyayinevi.com.tr\/index.php\/wp-json\/wp\/v2\/product_brand?post=733794"},{"taxonomy":"product_cat","embeddable":true,"href":"https:\/\/roveyayinevi.com.tr\/index.php\/wp-json\/wp\/v2\/product_cat?post=733794"},{"taxonomy":"product_tag","embeddable":true,"href":"https:\/\/roveyayinevi.com.tr\/index.php\/wp-json\/wp\/v2\/product_tag?post=733794"}],"curies":[{"name":"wp","href":"https:\/\/api.w.org\/{rel}","templated":true}]}}