{"id":733793,"date":"2025-08-27T22:16:43","date_gmt":"2025-08-27T19:16:43","guid":{"rendered":"https:\/\/roveyayinevi.com.tr\/index.php\/urun\/dikkat-dikkat-eglenceli-basari\/"},"modified":"2026-04-16T02:41:36","modified_gmt":"2026-04-15T23:41:36","slug":"dikkat-dikkat-eglenceli-basari","status":"publish","type":"product","link":"https:\/\/roveyayinevi.com.tr\/index.php\/urun\/dikkat-dikkat-eglenceli-basari\/","title":{"rendered":"Dikkat! Dikkat! &#8211; E\u011flenceli Ba\u015far\u0131"},"content":{"rendered":"<p>Ders \u00e7al\u0131\u015f\u0131rken, kitap okurken, s\u0131navda sorular\u0131 cevaplarken, s\u0131n\u0131fta \u00f6\u011fretmenin ders anlat\u0131rken dikkatini toplayam\u0131yor musun?Dikkat seviyeni art\u0131rmak m\u0131 istiyorsun? \u201cDikkat Dikkat\u201d i\u015fte tam arad\u0131\u011f\u0131n kitap!Kitaptaki karma\u015f\u0131k labirentler, \u015fifreli sorular, beyin yakan bulmacalar, resimdeki farklar gibi etkinliklerle hem e\u011flenecek hem de dikkat d\u00fczeyini geli\u015ftireceksin.Haydi bakal\u0131m, dikkatini topla ve \u201cDikkat Dikkat\u201d kitab\u0131n\u0131n sayfalar\u0131 aras\u0131nda gezinmeye ba\u015fla!<\/p>\n","protected":false},"excerpt":{"rendered":"<p>Ders \u00e7al\u0131\u015f\u0131rken, kitap okurken, s\u0131navda sorular\u0131 cevaplarken, s\u0131n\u0131fta \u00f6\u011fretmenin ders anlat\u0131rken dikkatini toplayam\u0131yor musun?Dikkat seviyeni art\u0131rmak m\u0131 istiyorsun? \u201cDikkat Dikkat\u201d i\u015fte tam arad\u0131\u011f\u0131n kitap!Kitaptaki karma\u015f\u0131k labirentler,<span class=\"excerpt-hellip\"> [\u2026]<\/span><\/p>\n","protected":false},"featured_media":0,"template":"","meta":{"_monsterinsights_skip_tracking":false,"_monsterinsights_sitenote_active":false,"_monsterinsights_sitenote_note":"","_monsterinsights_sitenote_category":0},"product_brand":[],"product_cat":[12274,24599],"product_tag":[],"class_list":{"0":"post-733793","1":"product","2":"type-product","3":"status-publish","5":"product_cat-cocuk-ve-genclik-kitaplari","6":"product_cat-zeka-gelisimi","7":"pa_cilt-ciltsiz","8":"pa_tur-kitap","9":"pa_yayinevi-eglenceli-bilgi-yayinlari","10":"pa_yazar-osman-algin-suleyman-kahraman","12":"first","13":"instock","14":"sale","15":"shipping-taxable","16":"purchasable","17":"product-type-simple"},"_links":{"self":[{"href":"https:\/\/roveyayinevi.com.tr\/index.php\/wp-json\/wp\/v2\/product\/733793","targetHints":{"allow":["GET"]}}],"collection":[{"href":"https:\/\/roveyayinevi.com.tr\/index.php\/wp-json\/wp\/v2\/product"}],"about":[{"href":"https:\/\/roveyayinevi.com.tr\/index.php\/wp-json\/wp\/v2\/types\/product"}],"wp:attachment":[{"href":"https:\/\/roveyayinevi.com.tr\/index.php\/wp-json\/wp\/v2\/media?parent=733793"}],"wp:term":[{"taxonomy":"product_brand","embeddable":true,"href":"https:\/\/roveyayinevi.com.tr\/index.php\/wp-json\/wp\/v2\/product_brand?post=733793"},{"taxonomy":"product_cat","embeddable":true,"href":"https:\/\/roveyayinevi.com.tr\/index.php\/wp-json\/wp\/v2\/product_cat?post=733793"},{"taxonomy":"product_tag","embeddable":true,"href":"https:\/\/roveyayinevi.com.tr\/index.php\/wp-json\/wp\/v2\/product_tag?post=733793"}],"curies":[{"name":"wp","href":"https:\/\/api.w.org\/{rel}","templated":true}]}}