{"id":733792,"date":"2025-08-27T22:16:42","date_gmt":"2025-08-27T19:16:42","guid":{"rendered":"https:\/\/roveyayinevi.com.tr\/index.php\/urun\/tarihi-degistiren-savaslar\/"},"modified":"2026-04-16T02:41:36","modified_gmt":"2026-04-15T23:41:36","slug":"tarihi-degistiren-savaslar","status":"publish","type":"product","link":"https:\/\/roveyayinevi.com.tr\/index.php\/urun\/tarihi-degistiren-savaslar\/","title":{"rendered":"Tarihi De\u011fi\u015ftiren Sava\u015flar"},"content":{"rendered":"<p>Gemileri yakt\u0131r\u0131p geri d\u00f6n\u00fclmeyece\u011finin sinyallerini veren Tar\u0131k Bin Ziyad, g\u00f6zleri ve kalbi ile fethedece\u011fi End\u00fcl\u00fcs&#8217;e kilitlendi\u011finde,Fatih Sultan Mehmet, Topkap\u0131 surlar\u0131 \u00f6n\u00fcnde sava\u015f pozisyonu alm\u0131\u015f olan askerlerine seslendi\u011finde,Hitler, askerlerine Stalingrad&#8217;\u0131 &#8216;ne pahas\u0131na olursa olsun&#8217; almalar\u0131n\u0131 emretti\u011finde,Hiro\u015fima ve Nagazaki&#8217;yi haritadan silen atom bombas\u0131n\u0131 atan u\u00e7a\u011f\u0131n komutan\u0131 Paul Warfield Tibbets &#8216;bombay\u0131 b\u01318217; talimat\u0131n\u0131 verdi\u011finde,Amerikan Ba\u015fkan\u0131 George Bush, 1991&#8217;de Amerika&#8217;y\u0131, Ortado\u011fu&#8217;nun kalbine \u00e7\u0131kmamak \u00fczere yerle\u015ftirecek &#8216;\u00c7\u00f6l F\u0131rt\u0131nas\u0131 Operasyonu&#8217; i\u00e7in ye\u015fil \u0131\u015f\u0131k yakt\u0131\u011f\u0131nda\u2026 ak\u0131llar\u0131nda tek bir \u015fey vard\u0131; d\u00fc\u015fman\u0131 ma\u011flup edip, sava\u015f\u0131 kazanmak\u2026Onlardan \u00f6ncekiler de, artlar\u0131ndan gelenler de, benzer emirler verdi. \u00c7ok kan d\u00f6k\u00fcld\u00fc. Bombalar g\u00f6ky\u00fcz\u00fcn\u00fc yard\u0131, k\u0131l\u0131\u00e7lar bedenleri par\u00e7alad\u0131. &#8216;Kahramanlar&#8217; ve &#8216;hainler&#8217;, tarihteki yerlerini ald\u0131. Zaferler kazan\u0131ld\u0131, hezimetler ya\u015fand\u0131. Ama hepsinden \u00f6te, tarih yaz\u0131ld\u0131. Verilen her bir &#8216;H\u00fccum!&#8217; emri ile tarih de\u011fi\u015fti\u2026<\/p>\n","protected":false},"excerpt":{"rendered":"<p>Gemileri yakt\u0131r\u0131p geri d\u00f6n\u00fclmeyece\u011finin sinyallerini veren Tar\u0131k Bin Ziyad, g\u00f6zleri ve kalbi ile fethedece\u011fi End\u00fcl\u00fcs&#8217;e kilitlendi\u011finde,Fatih Sultan Mehmet, Topkap\u0131 surlar\u0131 \u00f6n\u00fcnde sava\u015f pozisyonu alm\u0131\u015f olan askerlerine<span class=\"excerpt-hellip\"> [\u2026]<\/span><\/p>\n","protected":false},"featured_media":0,"template":"","meta":{"_monsterinsights_skip_tracking":false,"_monsterinsights_sitenote_active":false,"_monsterinsights_sitenote_note":"","_monsterinsights_sitenote_category":0},"product_brand":[],"product_cat":[12305,12304],"product_tag":[],"class_list":{"0":"post-733792","1":"product","2":"type-product","3":"status-publish","5":"product_cat-dunya-tarihi","6":"product_cat-tarih","7":"pa_cilt-ciltsiz","8":"pa_tur-kitap","9":"pa_yayinevi-timas-yayinlari","10":"pa_yazar-ali-cimen-goknur-gogebakan","12":"first","13":"instock","14":"sale","15":"shipping-taxable","16":"purchasable","17":"product-type-simple"},"_links":{"self":[{"href":"https:\/\/roveyayinevi.com.tr\/index.php\/wp-json\/wp\/v2\/product\/733792","targetHints":{"allow":["GET"]}}],"collection":[{"href":"https:\/\/roveyayinevi.com.tr\/index.php\/wp-json\/wp\/v2\/product"}],"about":[{"href":"https:\/\/roveyayinevi.com.tr\/index.php\/wp-json\/wp\/v2\/types\/product"}],"wp:attachment":[{"href":"https:\/\/roveyayinevi.com.tr\/index.php\/wp-json\/wp\/v2\/media?parent=733792"}],"wp:term":[{"taxonomy":"product_brand","embeddable":true,"href":"https:\/\/roveyayinevi.com.tr\/index.php\/wp-json\/wp\/v2\/product_brand?post=733792"},{"taxonomy":"product_cat","embeddable":true,"href":"https:\/\/roveyayinevi.com.tr\/index.php\/wp-json\/wp\/v2\/product_cat?post=733792"},{"taxonomy":"product_tag","embeddable":true,"href":"https:\/\/roveyayinevi.com.tr\/index.php\/wp-json\/wp\/v2\/product_tag?post=733792"}],"curies":[{"name":"wp","href":"https:\/\/api.w.org\/{rel}","templated":true}]}}