{"id":733791,"date":"2025-08-27T22:16:41","date_gmt":"2025-08-27T19:16:41","guid":{"rendered":"https:\/\/roveyayinevi.com.tr\/index.php\/urun\/kamanice-kusatmasi-1672\/"},"modified":"2026-04-16T02:41:36","modified_gmt":"2026-04-15T23:41:36","slug":"kamanice-kusatmasi-1672","status":"publish","type":"product","link":"https:\/\/roveyayinevi.com.tr\/index.php\/urun\/kamanice-kusatmasi-1672\/","title":{"rendered":"Kamani\u00e7e Ku\u015fatmas\u0131 1672"},"content":{"rendered":"<p>5. Mehmed\u2019in kat\u0131ld\u0131\u011f\u0131 ilk ve son ku\u015fatma olan Kamani\u00e7e Ku\u015fatmas\u0131, ad\u0131 \u00e7ok duyulmayan bir Ukrayna seferi. O zaman Lehistan\u2019a ait olan bu metin kalenin 10 g\u00fcnde fethedilmesi i\u00e7eride co\u015fkuyla, d\u0131\u015far\u0131da korkuyla kar\u015f\u0131land\u0131. Fethi m\u00fcjdeleyen edeb\u00ee, s\u00fcsl\u00fc fetihnameler sayesinde o devrin okumu\u015flar\u0131 kale cengi hakk\u0131nda teknik malumat edinirlerken Avrupa\u2019da Osmanl\u0131 yay\u0131lmac\u0131l\u0131\u011f\u0131na kar\u015f\u0131 uyar\u0131c\u0131 pek \u00e7ok eser yaz\u0131ld\u0131. Polonya\u2019n\u0131n ulusal edebiyat\u00e7\u0131s\u0131 Henryk Sienkiewicz\u2019in Bozk\u0131rdaki Yang\u0131n roman\u0131 bunlar\u0131n en iyi bilinenidir. Ku\u015fatmada \u00f6len Michal Wo\u0142odyjowski (Pan Mihal) hem roman\u0131n hem de Polonya\u2019n\u0131n milli kahraman\u0131d\u0131r.1683 2. Viyana Ku\u015fatmas\u0131\u2019n\u0131n yol a\u00e7t\u0131\u011f\u0131 manevi \u00e7\u00f6k\u00fcnt\u00fc Kamani\u00e7e gibi zaferlerin unutulmas\u0131na sebep oldu. Kahraman \u015eakul, Kamani\u00e7e Ku\u015fatmas\u0131 1672 adl\u0131 bu \u00e7al\u0131\u015fmas\u0131yla hem o devrin dillere destan Osmanl\u0131 kale cenkcili\u011fini bize hat\u0131rlat\u0131yor hem de Osmanl\u0131lar hakk\u0131ndaki modern \u00f6nyarg\u0131lar\u0131 \u00e7\u00fcr\u00fct\u00fcyor.<\/p>\n","protected":false},"excerpt":{"rendered":"<p>5. Mehmed\u2019in kat\u0131ld\u0131\u011f\u0131 ilk ve son ku\u015fatma olan Kamani\u00e7e Ku\u015fatmas\u0131, ad\u0131 \u00e7ok duyulmayan bir Ukrayna seferi. O zaman Lehistan\u2019a ait olan bu metin kalenin 10 g\u00fcnde<span class=\"excerpt-hellip\"> [\u2026]<\/span><\/p>\n","protected":false},"featured_media":0,"template":"","meta":{"_monsterinsights_skip_tracking":false,"_monsterinsights_sitenote_active":false,"_monsterinsights_sitenote_note":"","_monsterinsights_sitenote_category":0},"product_brand":[],"product_cat":[12370,12304],"product_tag":[],"class_list":{"0":"post-733791","1":"product","2":"type-product","3":"status-publish","5":"product_cat-arastirma-inceleme","6":"product_cat-tarih","7":"pa_cilt-ciltsiz","8":"pa_tur-kitap","9":"pa_yayinevi-timas-yayinlari","10":"pa_yazar-kahraman-sakul","12":"first","13":"instock","14":"sale","15":"shipping-taxable","16":"purchasable","17":"product-type-simple"},"_links":{"self":[{"href":"https:\/\/roveyayinevi.com.tr\/index.php\/wp-json\/wp\/v2\/product\/733791","targetHints":{"allow":["GET"]}}],"collection":[{"href":"https:\/\/roveyayinevi.com.tr\/index.php\/wp-json\/wp\/v2\/product"}],"about":[{"href":"https:\/\/roveyayinevi.com.tr\/index.php\/wp-json\/wp\/v2\/types\/product"}],"wp:attachment":[{"href":"https:\/\/roveyayinevi.com.tr\/index.php\/wp-json\/wp\/v2\/media?parent=733791"}],"wp:term":[{"taxonomy":"product_brand","embeddable":true,"href":"https:\/\/roveyayinevi.com.tr\/index.php\/wp-json\/wp\/v2\/product_brand?post=733791"},{"taxonomy":"product_cat","embeddable":true,"href":"https:\/\/roveyayinevi.com.tr\/index.php\/wp-json\/wp\/v2\/product_cat?post=733791"},{"taxonomy":"product_tag","embeddable":true,"href":"https:\/\/roveyayinevi.com.tr\/index.php\/wp-json\/wp\/v2\/product_tag?post=733791"}],"curies":[{"name":"wp","href":"https:\/\/api.w.org\/{rel}","templated":true}]}}