{"id":733789,"date":"2025-08-27T22:16:40","date_gmt":"2025-08-27T19:16:40","guid":{"rendered":"https:\/\/roveyayinevi.com.tr\/index.php\/urun\/hacli-seferleri-2\/"},"modified":"2026-04-16T02:41:36","modified_gmt":"2026-04-15T23:41:36","slug":"hacli-seferleri-2","status":"publish","type":"product","link":"https:\/\/roveyayinevi.com.tr\/index.php\/urun\/hacli-seferleri-2\/","title":{"rendered":"Ha\u00e7l\u0131 Seferleri"},"content":{"rendered":"<p>&#8220;\u0130lk Ha\u00e7l\u0131 Seferleri sonucu kurulan Kud\u00fcs Ha\u00e7l\u0131 Krall\u0131\u011f\u0131, Selahaddin Eyy\u00fcb\u00ee eliyle tarihe m\u00e2l edilecektir. Bu \u00f6yle bir olayd\u0131r ki Kud\u00fcs, \u015fehre kan ve \u015fiddetle giren Ha\u00e7l\u0131lara unutulmaz bir insanl\u0131k dersi verilerek al\u0131nacakt\u0131r.&#8221;Ha\u00e7l\u0131 Seferleri Do\u011fu ile Bat\u0131 aras\u0131ndaki hesapla\u015fman\u0131n bitmeyen hik\u00e2yesidir. Nitekim Ha\u00e7l\u0131 Seferleri hem Avrupa\u2019n\u0131n hem de T\u00fcrk-\u0130slam medeniyetinin tarihini \u015fekillendirirken, b\u00fcy\u00fck bir haf\u0131zay\u0131 g\u00fcn\u00fcm\u00fcze kadar ta\u015f\u0131ma g\u00f6revini \u00fcstlenir. Ge\u00e7mi\u015ften g\u00fcn\u00fcm\u00fcze uzanan ba\u011flant\u0131lar\u0131n\u0131 koruyan bu m\u00fccadeleler hem tarih ara\u015ft\u0131rmalar\u0131nda hem de g\u00fcncel mevzularda s\u00fcrekli hat\u0131rlanan, hat\u0131rlat\u0131lan, merak edilen ve ara\u015ft\u0131r\u0131lan bir konu olarak g\u00fcncelli\u011fini korur.Prof. Dr. Altan \u00c7etin, Ha\u00e7l\u0131 Seferleri\u2019nde Do\u011fu\u2019nun ve Bat\u0131\u2019n\u0131n u\u011fruna sava\u015ft\u0131\u011f\u0131 fikirleri, idealleri, inan\u00e7lar\u0131 ve topraklar\u0131 b\u00fct\u00fcn detaylar\u0131yla anlat\u0131yor. 1., 2., 3., 4. ,5. ,6., 7., 8. ve 9. Ha\u00e7l\u0131 Seferleri\u2019ni, \u00c7ocuk Ha\u00e7l\u0131 Seferleri\u2019ni ve 1001 y\u0131l\u0131 Ha\u00e7l\u0131 Seferleri\u2019ni tafsilat\u0131yla anlatan eser, m\u00fccadelenin sonraki y\u00fczy\u0131llardaki yans\u0131malar\u0131n\u0131 da ele al\u0131yor. Orta \u00c7a\u011f\u2019da sava\u015f ne demekti? Ha\u00e7l\u0131lar kimlerdi ve sald\u0131rma sebepleri neydi? Orta Do\u011fu\u2019da ve Anadolu\u2019da \u0130slam\u2019\u0131n gayreti ve T\u00fcrklerin azmi Ha\u00e7l\u0131lar kar\u015f\u0131s\u0131nda nas\u0131l \u015fekillendi? U\u011fruna sava\u015f\u0131lan topraklar bin y\u0131l\u0131 a\u015fk\u0131n s\u00fcredir \u00f6nemini nas\u0131l muhafaza etti? Elinizdeki kitap bu ve bunun gibi pek \u00e7ok soruya birincil ve ikincil kaynaklar\u0131n \u0131\u015f\u0131\u011f\u0131nda nitelikli cevaplar veriyor.Ha\u00e7l\u0131 Seferleri Orta \u00c7a\u011f\u2019daki sava\u015flar\u0131n mant\u0131\u011f\u0131na, Ha\u00e7l\u0131 kavram\u0131na, din ve cihat anlay\u0131\u015flar\u0131na \u0131\u015f\u0131k tutan kapsaml\u0131 bir eser. Orta \u00c7a\u011f tarihine ilgi duyan ve tarihi g\u00fcn\u00fcm\u00fcz mentalitesiyle kar\u015f\u0131la\u015ft\u0131rmal\u0131 g\u00f6rmek isteyen okurlar i\u00e7in nitelikli ve objektif bir \u00e7al\u0131\u015fma.<\/p>\n","protected":false},"excerpt":{"rendered":"<p>&#8220;\u0130lk Ha\u00e7l\u0131 Seferleri sonucu kurulan Kud\u00fcs Ha\u00e7l\u0131 Krall\u0131\u011f\u0131, Selahaddin Eyy\u00fcb\u00ee eliyle tarihe m\u00e2l edilecektir. Bu \u00f6yle bir olayd\u0131r ki Kud\u00fcs, \u015fehre kan ve \u015fiddetle giren Ha\u00e7l\u0131lara<span class=\"excerpt-hellip\"> [\u2026]<\/span><\/p>\n","protected":false},"featured_media":0,"template":"","meta":{"_monsterinsights_skip_tracking":false,"_monsterinsights_sitenote_active":false,"_monsterinsights_sitenote_note":"","_monsterinsights_sitenote_category":0},"product_brand":[],"product_cat":[12370,12304],"product_tag":[],"class_list":{"0":"post-733789","1":"product","2":"type-product","3":"status-publish","5":"product_cat-arastirma-inceleme","6":"product_cat-tarih","7":"pa_cilt-ciltsiz","8":"pa_tur-kitap","9":"pa_yayinevi-timas-yayinlari","10":"pa_yazar-altan-cetin","12":"first","13":"instock","14":"sale","15":"shipping-taxable","16":"purchasable","17":"product-type-simple"},"_links":{"self":[{"href":"https:\/\/roveyayinevi.com.tr\/index.php\/wp-json\/wp\/v2\/product\/733789","targetHints":{"allow":["GET"]}}],"collection":[{"href":"https:\/\/roveyayinevi.com.tr\/index.php\/wp-json\/wp\/v2\/product"}],"about":[{"href":"https:\/\/roveyayinevi.com.tr\/index.php\/wp-json\/wp\/v2\/types\/product"}],"wp:attachment":[{"href":"https:\/\/roveyayinevi.com.tr\/index.php\/wp-json\/wp\/v2\/media?parent=733789"}],"wp:term":[{"taxonomy":"product_brand","embeddable":true,"href":"https:\/\/roveyayinevi.com.tr\/index.php\/wp-json\/wp\/v2\/product_brand?post=733789"},{"taxonomy":"product_cat","embeddable":true,"href":"https:\/\/roveyayinevi.com.tr\/index.php\/wp-json\/wp\/v2\/product_cat?post=733789"},{"taxonomy":"product_tag","embeddable":true,"href":"https:\/\/roveyayinevi.com.tr\/index.php\/wp-json\/wp\/v2\/product_tag?post=733789"}],"curies":[{"name":"wp","href":"https:\/\/api.w.org\/{rel}","templated":true}]}}