{"id":733785,"date":"2025-08-27T22:16:36","date_gmt":"2025-08-27T19:16:36","guid":{"rendered":"https:\/\/roveyayinevi.com.tr\/index.php\/urun\/gelecege-yolculuk-pertevcanin-akillara-zarar-maceralari-2\/"},"modified":"2026-04-16T02:41:36","modified_gmt":"2026-04-15T23:41:36","slug":"gelecege-yolculuk-pertevcanin-akillara-zarar-maceralari-2","status":"publish","type":"product","link":"https:\/\/roveyayinevi.com.tr\/index.php\/urun\/gelecege-yolculuk-pertevcanin-akillara-zarar-maceralari-2\/","title":{"rendered":"Gelece\u011fe Yolculuk &#8211; Pertevcan&#8217;\u0131n Ak\u0131llara Zarar Maceralar\u0131 2"},"content":{"rendered":"<p>Defne a\u011fa\u00e7lar\u0131n\u0131n olmad\u0131\u011f\u0131 bir d\u00fcnya\u2026G\u00f6ky\u00fcz\u00fcnde mart\u0131lar\u0131n u\u00e7mad\u0131\u011f\u0131 bir \u0130stanbul\u20262221 y\u0131l\u0131n\u0131n \u0130stanbul\u2019unda Pertevcan\u2019\u0131 yine \u015fifreli mesajlar, tuhaf olaylar ve \u00e7\u00f6z\u00fclmesi gereken s\u0131rlar bekliyor.Pertevcan ve gelecekteki arkada\u015flar\u0131 uyand\u0131rd\u0131klar\u0131 ger\u00e7ekle 100 y\u0131ll\u0131k gizli bir derne\u011fin i\u00e7inde bulacaklar kendilerini.Peki, Ata tohumlar\u0131n\u0131 ka\u00e7\u0131rmaya \u00e7al\u0131\u015fan biyoka\u00e7ak\u00e7\u0131lar\u0131n oyununu bozabilecekler mi? Yoksa bu oyunun i\u00e7inde \u00e7\u00f6z\u00fclecek ba\u015fka s\u0131rlar da m\u0131 var?Dijital iz s\u00fcr\u00fcc\u00fcler, otonom ara\u00e7lar, dikey \u00e7iftlikler, takip dronlar\u0131, biyokorsanlar, yapay zek\u00e2 k\u0131\u015f\u0131, gri bulama\u00e7&#8230; Bu d\u00fcnyada Pertevcan\u2019\u0131n bilmedi\u011fi daha pek \u00e7ok \u015fey var ama bildi\u011fi bir \u015fey var ki, hangi y\u00fczy\u0131la giderse gitsin de\u011fi\u015fmeyecek.\u0130\u015fte o kadim bilgi, hem d\u00fcnyay\u0131 hem de insanl\u0131\u011f\u0131 kurtarabilir mi?D\u00f6rt unsura tutunan d\u00fcnya, ANKA ku\u015fu gibi k\u00fcllerinden yeniden do\u011far m\u0131?<\/p>\n","protected":false},"excerpt":{"rendered":"<p>Defne a\u011fa\u00e7lar\u0131n\u0131n olmad\u0131\u011f\u0131 bir d\u00fcnya\u2026G\u00f6ky\u00fcz\u00fcnde mart\u0131lar\u0131n u\u00e7mad\u0131\u011f\u0131 bir \u0130stanbul\u20262221 y\u0131l\u0131n\u0131n \u0130stanbul\u2019unda Pertevcan\u2019\u0131 yine \u015fifreli mesajlar, tuhaf olaylar ve \u00e7\u00f6z\u00fclmesi gereken s\u0131rlar bekliyor.Pertevcan ve gelecekteki arkada\u015flar\u0131 uyand\u0131rd\u0131klar\u0131<span class=\"excerpt-hellip\"> [\u2026]<\/span><\/p>\n","protected":false},"featured_media":0,"template":"","meta":{"_monsterinsights_skip_tracking":false,"_monsterinsights_sitenote_active":false,"_monsterinsights_sitenote_note":"","_monsterinsights_sitenote_category":0},"product_brand":[],"product_cat":[12275,12274],"product_tag":[],"class_list":{"0":"post-733785","1":"product","2":"type-product","3":"status-publish","5":"product_cat-6-12-yas-kitaplari","6":"product_cat-cocuk-ve-genclik-kitaplari","7":"pa_cilt-ciltsiz","8":"pa_tur-kitap","9":"pa_yayinevi-genc-timas","10":"pa_yazar-esra-agaoglu","12":"first","13":"instock","14":"sale","15":"shipping-taxable","16":"purchasable","17":"product-type-simple"},"_links":{"self":[{"href":"https:\/\/roveyayinevi.com.tr\/index.php\/wp-json\/wp\/v2\/product\/733785","targetHints":{"allow":["GET"]}}],"collection":[{"href":"https:\/\/roveyayinevi.com.tr\/index.php\/wp-json\/wp\/v2\/product"}],"about":[{"href":"https:\/\/roveyayinevi.com.tr\/index.php\/wp-json\/wp\/v2\/types\/product"}],"wp:attachment":[{"href":"https:\/\/roveyayinevi.com.tr\/index.php\/wp-json\/wp\/v2\/media?parent=733785"}],"wp:term":[{"taxonomy":"product_brand","embeddable":true,"href":"https:\/\/roveyayinevi.com.tr\/index.php\/wp-json\/wp\/v2\/product_brand?post=733785"},{"taxonomy":"product_cat","embeddable":true,"href":"https:\/\/roveyayinevi.com.tr\/index.php\/wp-json\/wp\/v2\/product_cat?post=733785"},{"taxonomy":"product_tag","embeddable":true,"href":"https:\/\/roveyayinevi.com.tr\/index.php\/wp-json\/wp\/v2\/product_tag?post=733785"}],"curies":[{"name":"wp","href":"https:\/\/api.w.org\/{rel}","templated":true}]}}