{"id":733783,"date":"2025-08-27T22:16:33","date_gmt":"2025-08-27T19:16:33","guid":{"rendered":"https:\/\/roveyayinevi.com.tr\/index.php\/urun\/cikolataca-konusur-musun-bez-ciltli\/"},"modified":"2026-04-16T02:41:36","modified_gmt":"2026-04-15T23:41:36","slug":"cikolataca-konusur-musun-bez-ciltli","status":"publish","type":"product","link":"https:\/\/roveyayinevi.com.tr\/index.php\/urun\/cikolataca-konusur-musun-bez-ciltli\/","title":{"rendered":"\u00c7ikolataca Konu\u015fur Musun? (Bez Ciltli)"},"content":{"rendered":"<p>\u00c7ikolatan\u0131n g\u00fcc\u00fcn\u00fc asla hafife almay\u0131n!Jaz, okulun yeni \u00f6\u011frencisi Nadima s\u0131n\u0131flar\u0131na geldi\u011finde \u00e7ok sevinmi\u015fti. En sonunda bir s\u0131ra arkada\u015f\u0131 olacakt\u0131. Tek sorun Nadima\u2019n\u0131n tek kelime bile \u0130ngilizce konu\u015famamas\u0131yd\u0131. Nadima Suriye g\u00f6\u00e7meniydi. Jaz k\u0131sa s\u00fcrede Nadima ile ileti\u015fim kurman\u0131n bir yolunu bulur: \u00c7ikolata!Jaz, arkada\u015flar\u0131 ve ailesiyle ili\u015fkilerinde; disleksi oldu\u011fu i\u00e7in de baz\u0131 derslerinde zorluklar ya\u015fay\u0131p hatalar yapsa da bu durumu d\u00fczeltmek i\u00e7in daima \u00e7aba g\u00f6steriyor. Nadima ile arkada\u015fl\u0131klar\u0131nda onlar\u0131 farkl\u0131 k\u0131lan de\u011fil birle\u015ftiren \u015feyler \u00fczerine y\u00f6neliyor.Ailesiyle birlikte Suriye\u2019deki i\u00e7 sava\u015ftan botlarla ka\u00e7\u0131p \u0130ngiltere\u2019de bombalardan ve silahlardan uzakta yeni hayat\u0131na uyum sa\u011flamaya \u00e7al\u0131\u015fan Nadima ve Jaz\u2019\u0131n \u00e7ok \u00f6zel dostluklar\u0131 okuyucular\u0131 g\u00fcl\u00fcmsetirken bazen de sava\u015f ve m\u00fcltecilik gibi hassas konular \u00fczerine d\u00fc\u015f\u00fcnd\u00fcrecek.\u00c7ikolataca Konu\u015fur Musun? arkada\u015fl\u0131\u011f\u0131n dilinin kelimeler de\u011fil anlamlar oldu\u011funu ve farkl\u0131 diller konu\u015fman\u0131n, farkl\u0131 k\u00fclt\u00fcrlerden gelmenin arkada\u015fl\u0131\u011f\u0131n \u00f6n\u00fcnde engel olmad\u0131\u011f\u0131n\u0131 g\u00f6steren s\u0131ms\u0131cak bir arkada\u015fl\u0131k hik\u00e2yesi.Biraz \u00e7ikolatadan daha fazlas\u0131!<\/p>\n","protected":false},"excerpt":{"rendered":"<p>\u00c7ikolatan\u0131n g\u00fcc\u00fcn\u00fc asla hafife almay\u0131n!Jaz, okulun yeni \u00f6\u011frencisi Nadima s\u0131n\u0131flar\u0131na geldi\u011finde \u00e7ok sevinmi\u015fti. En sonunda bir s\u0131ra arkada\u015f\u0131 olacakt\u0131. Tek sorun Nadima\u2019n\u0131n tek kelime bile \u0130ngilizce<span class=\"excerpt-hellip\"> [\u2026]<\/span><\/p>\n","protected":false},"featured_media":0,"template":"","meta":{"_monsterinsights_skip_tracking":false,"_monsterinsights_sitenote_active":false,"_monsterinsights_sitenote_note":"","_monsterinsights_sitenote_category":0},"product_brand":[],"product_cat":[12275,12274],"product_tag":[],"class_list":{"0":"post-733783","1":"product","2":"type-product","3":"status-publish","5":"product_cat-6-12-yas-kitaplari","6":"product_cat-cocuk-ve-genclik-kitaplari","7":"pa_cilt-ciltli","8":"pa_tur-kitap","9":"pa_yayinevi-genc-timas","10":"pa_yazar-cas-lester","12":"first","13":"instock","14":"sale","15":"shipping-taxable","16":"purchasable","17":"product-type-simple"},"_links":{"self":[{"href":"https:\/\/roveyayinevi.com.tr\/index.php\/wp-json\/wp\/v2\/product\/733783","targetHints":{"allow":["GET"]}}],"collection":[{"href":"https:\/\/roveyayinevi.com.tr\/index.php\/wp-json\/wp\/v2\/product"}],"about":[{"href":"https:\/\/roveyayinevi.com.tr\/index.php\/wp-json\/wp\/v2\/types\/product"}],"wp:attachment":[{"href":"https:\/\/roveyayinevi.com.tr\/index.php\/wp-json\/wp\/v2\/media?parent=733783"}],"wp:term":[{"taxonomy":"product_brand","embeddable":true,"href":"https:\/\/roveyayinevi.com.tr\/index.php\/wp-json\/wp\/v2\/product_brand?post=733783"},{"taxonomy":"product_cat","embeddable":true,"href":"https:\/\/roveyayinevi.com.tr\/index.php\/wp-json\/wp\/v2\/product_cat?post=733783"},{"taxonomy":"product_tag","embeddable":true,"href":"https:\/\/roveyayinevi.com.tr\/index.php\/wp-json\/wp\/v2\/product_tag?post=733783"}],"curies":[{"name":"wp","href":"https:\/\/api.w.org\/{rel}","templated":true}]}}