{"id":733781,"date":"2025-08-27T22:16:31","date_gmt":"2025-08-27T19:16:31","guid":{"rendered":"https:\/\/roveyayinevi.com.tr\/index.php\/urun\/oz-buyucusu-ciltli-2\/"},"modified":"2026-04-16T02:41:36","modified_gmt":"2026-04-15T23:41:36","slug":"oz-buyucusu-ciltli-2","status":"publish","type":"product","link":"https:\/\/roveyayinevi.com.tr\/index.php\/urun\/oz-buyucusu-ciltli-2\/","title":{"rendered":"Oz B\u00fcy\u00fcc\u00fcs\u00fc (Ciltli)"},"content":{"rendered":"<p>1900 y\u0131l\u0131nda yay\u0131mlanan Oz B\u00fcy\u00fcc\u00fcs\u00fc, yazar\u0131 L. Frank Baum\u2019un ifadesiyle \u201cmerak ve e\u011flencenin korundu\u011fu, kederin ve k\u00e2buslar\u0131n d\u0131\u015far\u0131da b\u0131rak\u0131ld\u0131\u011f\u0131 modern bir masal\u201d olmay\u0131 ama\u00e7 edinir. Amerikan edebiyat\u0131n\u0131n ilk masal\u0131 olarak g\u00f6r\u00fclen eser, 1890\u2019lar\u0131n Amerika\u2019s\u0131ndaki ekonomik, politik ve toplumsal durumun sembolik bir alegorisi olarak de\u011ferlendirilir ve Bat\u0131\u2019daki \u00e7ift\u00e7ilerin durumunu, d\u00f6nemin alt\u0131n piyasas\u0131n\u0131 ve \u0130\u00e7 Sava\u015f\u2019tan sonra \u00e7al\u0131\u015famay\u0131p ekonomik sorunlar ya\u015fayan i\u015f\u00e7ileri sembolize eden unsurlar ta\u015f\u0131d\u0131\u011f\u0131 ileri s\u00fcr\u00fclebilir. S\u00f6z konusu alegorik \u00f6zelli\u011fi ve hayali \u00f6\u011feleriyle hem \u00e7ocuklara hem de yeti\u015fkinlere hitap eden bu klasikle\u015fmi\u015f eser, bir kas\u0131rgaya kap\u0131lan k\u00fc\u00e7\u00fck Dorothy ile k\u00f6pe\u011fi Toto\u2019nun Kansas\u2019\u0131n u\u00e7suz bucaks\u0131z \u00e7ay\u0131rlar\u0131ndan fantastik Oz Diyar\u0131\u2019na uzanan yolculu\u011funu ve bu ser\u00fcvende edindikleri s\u0131ra d\u0131\u015f\u0131 dostlar\u0131 anlat\u0131r. \u00c7\u0131kt\u0131klar\u0131 zorlu ve tuhaf yolculukta Korkuluk beynini, Teneke Adam kalbini, Aslan da cesaretini ararken Dorothy\u2019nin tek istedi\u011fi Kansas\u2019a, teyzesiyle eni\u015ftesinin \u00e7iftli\u011fine geri d\u00f6nebilmektir. Ne de olsa insan\u0131n evi gibisi yoktur\u2026 <\/p>\n","protected":false},"excerpt":{"rendered":"<p>1900 y\u0131l\u0131nda yay\u0131mlanan Oz B\u00fcy\u00fcc\u00fcs\u00fc, yazar\u0131 L. Frank Baum\u2019un ifadesiyle \u201cmerak ve e\u011flencenin korundu\u011fu, kederin ve k\u00e2buslar\u0131n d\u0131\u015far\u0131da b\u0131rak\u0131ld\u0131\u011f\u0131 modern bir masal\u201d olmay\u0131 ama\u00e7 edinir. Amerikan<span class=\"excerpt-hellip\"> [\u2026]<\/span><\/p>\n","protected":false},"featured_media":0,"template":"","meta":{"_monsterinsights_skip_tracking":false,"_monsterinsights_sitenote_active":false,"_monsterinsights_sitenote_note":"","_monsterinsights_sitenote_category":0},"product_brand":[],"product_cat":[12291,26797],"product_tag":[],"class_list":{"0":"post-733781","1":"product","2":"type-product","3":"status-publish","5":"product_cat-edebiyat","6":"product_cat-modern-klasikler","7":"pa_cilt-ciltli","8":"pa_tur-kitap","9":"pa_yayinevi-is-bankasi-kultur-yayinlari","10":"pa_yazar-l-frank-baum","12":"first","13":"instock","14":"sale","15":"shipping-taxable","16":"purchasable","17":"product-type-simple"},"_links":{"self":[{"href":"https:\/\/roveyayinevi.com.tr\/index.php\/wp-json\/wp\/v2\/product\/733781","targetHints":{"allow":["GET"]}}],"collection":[{"href":"https:\/\/roveyayinevi.com.tr\/index.php\/wp-json\/wp\/v2\/product"}],"about":[{"href":"https:\/\/roveyayinevi.com.tr\/index.php\/wp-json\/wp\/v2\/types\/product"}],"wp:attachment":[{"href":"https:\/\/roveyayinevi.com.tr\/index.php\/wp-json\/wp\/v2\/media?parent=733781"}],"wp:term":[{"taxonomy":"product_brand","embeddable":true,"href":"https:\/\/roveyayinevi.com.tr\/index.php\/wp-json\/wp\/v2\/product_brand?post=733781"},{"taxonomy":"product_cat","embeddable":true,"href":"https:\/\/roveyayinevi.com.tr\/index.php\/wp-json\/wp\/v2\/product_cat?post=733781"},{"taxonomy":"product_tag","embeddable":true,"href":"https:\/\/roveyayinevi.com.tr\/index.php\/wp-json\/wp\/v2\/product_tag?post=733781"}],"curies":[{"name":"wp","href":"https:\/\/api.w.org\/{rel}","templated":true}]}}