{"id":733779,"date":"2025-08-27T22:16:30","date_gmt":"2025-08-27T19:16:30","guid":{"rendered":"https:\/\/roveyayinevi.com.tr\/index.php\/urun\/kultur-rehberi\/"},"modified":"2026-04-16T02:41:36","modified_gmt":"2026-04-15T23:41:36","slug":"kultur-rehberi","status":"publish","type":"product","link":"https:\/\/roveyayinevi.com.tr\/index.php\/urun\/kultur-rehberi\/","title":{"rendered":"K\u00fclt\u00fcr Rehberi"},"content":{"rendered":"<p>\u201cBu k\u00fc\u00e7\u00fck kitapta niyetim, olabildi\u011fince \u00e7ok noktada ne d\u00fc\u015f\u00fcnd\u00fc\u011f\u00fcm\u00fc s\u00f6ylemek. Bu da, \u00e7ok az ki\u015finin s\u00f6ylemeyi g\u00f6ze alabilece\u011fi birtak\u0131m s\u00f6zler s\u00f6yleyece\u011fim anlam\u0131na geliyor.\u201d Modernist \u015fiirin kurucu isimlerinden Ezra Pound\u2019un k\u00fclt\u00fcr ve uygarl\u0131k kavramlar\u0131n\u0131 merkeze ald\u0131\u011f\u0131 deneme ve ele\u015ftirilerini i\u00e7eren bu kitap, Pound\u2019un \u015fiir evrenini anlamak i\u00e7in yol g\u00f6sterici bir harita sunuyor. Pound bu metinde, k\u00fclt\u00fcr\u00fc ve ili\u015fkili oldu\u011fu b\u00fct\u00fcn alanlar\u0131 kapsayan aforizmalarla bezeli bir yorum denemesinde bulunuyor. K\u00fclt\u00fcr ve uygarl\u0131\u011f\u0131 \u00fcretti\u011fi di\u011fer \u00fcr\u00fcnler; sanat, ekonomi, siyaset, mimari, edebiyat, e\u011fitim, din, tarih ve felsefe ile beraber ele alan Pound, modern Bat\u0131 uygarl\u0131\u011f\u0131na ele\u015ftirel bir perspektiften bakarken eski \u00c7in uygarl\u0131\u011f\u0131na, Yunan ve Roma medeniyetlerine ve \u0130slam k\u00fclt\u00fcr\u00fcne de dikkatini y\u00f6neltiyor. \u201cY\u00fcksek bir k\u00fclt\u00fcr\u00fc ve uygarl\u0131\u011f\u0131 \u00fcreten enstr\u00fcmanlar nelerdir? K\u00fclt\u00fcr nas\u0131l yozla\u015f\u0131r? E\u011fitim ne i\u015fe yarar? Modern ekonomik formlar\u0131n modern k\u00fclt\u00fcr ve uygarl\u0131kla ili\u015fkisi nedir?\u201d gibi sorulara k\u0131\u015fk\u0131rt\u0131c\u0131, d\u00fc\u015f\u00fcnsel i\u00e7eri\u011fi yo\u011fun, kendi terminolojisine yaslanan cevaplar veren Pound, fragmanlar h\u00e2linde yazd\u0131\u011f\u0131 bu metinlerde Konf\u00fc\u00e7y\u00fcs\u2019ten Aristoteles\u2019e, Aziz Ambrosius\u2019tan Frobenius\u2019a, Vel\u00e1zquez\u2019den Yeats\u2019e, Gaudi\u2019den Mussolini\u2019ye pek \u00e7ok farkl\u0131 isme at\u0131flarda bulunuyor. K\u00fclt\u00fcr Rehberi, modernist esteti\u011fin en \u00f6nemli \u015fairlerinden Ezra Pound\u2019un zihin d\u00fcnyas\u0131na geni\u015f bir kap\u0131 aral\u0131yor. <\/p>\n","protected":false},"excerpt":{"rendered":"<p>\u201cBu k\u00fc\u00e7\u00fck kitapta niyetim, olabildi\u011fince \u00e7ok noktada ne d\u00fc\u015f\u00fcnd\u00fc\u011f\u00fcm\u00fc s\u00f6ylemek. Bu da, \u00e7ok az ki\u015finin s\u00f6ylemeyi g\u00f6ze alabilece\u011fi birtak\u0131m s\u00f6zler s\u00f6yleyece\u011fim anlam\u0131na geliyor.\u201d Modernist \u015fiirin kurucu<span class=\"excerpt-hellip\"> [\u2026]<\/span><\/p>\n","protected":false},"featured_media":0,"template":"","meta":{"_monsterinsights_skip_tracking":false,"_monsterinsights_sitenote_active":false,"_monsterinsights_sitenote_note":"","_monsterinsights_sitenote_category":0},"product_brand":[],"product_cat":[20039,13488],"product_tag":[],"class_list":{"0":"post-733779","1":"product","2":"type-product","3":"status-publish","5":"product_cat-kultur-tarihi","6":"product_cat-toplum-ve-insan","7":"pa_cilt-ciltsiz","8":"pa_tur-kitap","9":"pa_yayinevi-ketebe-yayinlari","10":"pa_yazar-ezra-pound","12":"first","13":"instock","14":"sale","15":"shipping-taxable","16":"purchasable","17":"product-type-simple"},"_links":{"self":[{"href":"https:\/\/roveyayinevi.com.tr\/index.php\/wp-json\/wp\/v2\/product\/733779","targetHints":{"allow":["GET"]}}],"collection":[{"href":"https:\/\/roveyayinevi.com.tr\/index.php\/wp-json\/wp\/v2\/product"}],"about":[{"href":"https:\/\/roveyayinevi.com.tr\/index.php\/wp-json\/wp\/v2\/types\/product"}],"wp:attachment":[{"href":"https:\/\/roveyayinevi.com.tr\/index.php\/wp-json\/wp\/v2\/media?parent=733779"}],"wp:term":[{"taxonomy":"product_brand","embeddable":true,"href":"https:\/\/roveyayinevi.com.tr\/index.php\/wp-json\/wp\/v2\/product_brand?post=733779"},{"taxonomy":"product_cat","embeddable":true,"href":"https:\/\/roveyayinevi.com.tr\/index.php\/wp-json\/wp\/v2\/product_cat?post=733779"},{"taxonomy":"product_tag","embeddable":true,"href":"https:\/\/roveyayinevi.com.tr\/index.php\/wp-json\/wp\/v2\/product_tag?post=733779"}],"curies":[{"name":"wp","href":"https:\/\/api.w.org\/{rel}","templated":true}]}}