{"id":733776,"date":"2025-08-27T22:16:27","date_gmt":"2025-08-27T19:16:27","guid":{"rendered":"https:\/\/roveyayinevi.com.tr\/index.php\/urun\/disbukey-bir-aynada-otoportre\/"},"modified":"2026-04-16T02:41:36","modified_gmt":"2026-04-15T23:41:36","slug":"disbukey-bir-aynada-otoportre","status":"publish","type":"product","link":"https:\/\/roveyayinevi.com.tr\/index.php\/urun\/disbukey-bir-aynada-otoportre\/","title":{"rendered":"D\u0131\u015fb\u00fckey &#8211; Bir Aynada Otoportre"},"content":{"rendered":"<p>John Ashbery\u2019nin \u015fiirlerinde g\u00fcndelik ger\u00e7ekler b\u00fct\u00fcn zenginli\u011fiyle d\u00fc\u015fsel bir atmosfer i\u00e7inde harmanlan\u0131yor. \u015eairin ya\u015fam, \u00f6l\u00fcm, sonsuzluk, sanat ve yazma s\u00fcrecine dair \u00e7a\u011fr\u0131\u015f\u0131m y\u00fckl\u00fc dizelerini okurken onun neden \u00e7a\u011fda\u015f Amerikan \u015fiirinin en b\u00fcy\u00fck ismi olarak an\u0131ld\u0131\u011f\u0131n\u0131 anlayacaks\u0131n\u0131z.<\/p>\n","protected":false},"excerpt":{"rendered":"<p>John Ashbery\u2019nin \u015fiirlerinde g\u00fcndelik ger\u00e7ekler b\u00fct\u00fcn zenginli\u011fiyle d\u00fc\u015fsel bir atmosfer i\u00e7inde harmanlan\u0131yor. \u015eairin ya\u015fam, \u00f6l\u00fcm, sonsuzluk, sanat ve yazma s\u00fcrecine dair \u00e7a\u011fr\u0131\u015f\u0131m y\u00fckl\u00fc dizelerini okurken onun<span class=\"excerpt-hellip\"> [\u2026]<\/span><\/p>\n","protected":false},"featured_media":0,"template":"","meta":{"_monsterinsights_skip_tracking":false,"_monsterinsights_sitenote_active":false,"_monsterinsights_sitenote_note":"","_monsterinsights_sitenote_category":0},"product_brand":[],"product_cat":[12291,12509],"product_tag":[],"class_list":{"0":"post-733776","1":"product","2":"type-product","3":"status-publish","5":"product_cat-edebiyat","6":"product_cat-siir","7":"pa_cilt-ciltsiz","8":"pa_tur-kitap","9":"pa_yayinevi-ketebe-yayinlari","10":"pa_yazar-john-ashbery","12":"first","13":"instock","14":"sale","15":"shipping-taxable","16":"purchasable","17":"product-type-simple"},"_links":{"self":[{"href":"https:\/\/roveyayinevi.com.tr\/index.php\/wp-json\/wp\/v2\/product\/733776","targetHints":{"allow":["GET"]}}],"collection":[{"href":"https:\/\/roveyayinevi.com.tr\/index.php\/wp-json\/wp\/v2\/product"}],"about":[{"href":"https:\/\/roveyayinevi.com.tr\/index.php\/wp-json\/wp\/v2\/types\/product"}],"wp:attachment":[{"href":"https:\/\/roveyayinevi.com.tr\/index.php\/wp-json\/wp\/v2\/media?parent=733776"}],"wp:term":[{"taxonomy":"product_brand","embeddable":true,"href":"https:\/\/roveyayinevi.com.tr\/index.php\/wp-json\/wp\/v2\/product_brand?post=733776"},{"taxonomy":"product_cat","embeddable":true,"href":"https:\/\/roveyayinevi.com.tr\/index.php\/wp-json\/wp\/v2\/product_cat?post=733776"},{"taxonomy":"product_tag","embeddable":true,"href":"https:\/\/roveyayinevi.com.tr\/index.php\/wp-json\/wp\/v2\/product_tag?post=733776"}],"curies":[{"name":"wp","href":"https:\/\/api.w.org\/{rel}","templated":true}]}}