{"id":733774,"date":"2025-08-27T22:16:26","date_gmt":"2025-08-27T19:16:26","guid":{"rendered":"https:\/\/roveyayinevi.com.tr\/index.php\/urun\/ethica-etik-uzerine-dersler\/"},"modified":"2026-04-08T02:50:43","modified_gmt":"2026-04-07T23:50:43","slug":"ethica-etik-uzerine-dersler","status":"publish","type":"product","link":"https:\/\/roveyayinevi.com.tr\/index.php\/urun\/ethica-etik-uzerine-dersler\/","title":{"rendered":"Ethica &#8211; Etik \u00fczerine Dersler"},"content":{"rendered":"<p>Bu kitap Ayd\u0131nlanma filozofu Immanuel Kant\u2019\u0131n etik \u00fczerine verdi\u011fi derslerden olu\u015fmaktad\u0131r. Bu kitapta, \u00f6ncelikle, ba\u015fta Baumgarten olmak \u00fczere; Epikuros ve Stoac\u0131 etik anlay\u0131\u015flar\u0131n\u0131n ele\u015ftirisi sizleri beklemektedir. Kant\u2019a g\u00f6re ne \u2018mutluluk\u00e7uluk\u2019 ne de \u2018en y\u00fcksek iyi\u2019 \u201cNas\u0131l ya\u015famal\u0131?\u201d sorusunun cevab\u0131n\u0131 veremez. Kant akla dayal\u0131 etik \u00f6\u011fretisini t\u00fcm kapsam\u0131yla ilk defa bu kitapta ele alm\u0131\u015f ve bir\u00e7ok somut \u00f6rnekle \u00f6\u011fretisini zenginle\u015ftirmi\u015ftir. Ahlak Metafizi\u011fi ve Pratik Akl\u0131n Ele\u015ftirisi kitaplar\u0131yla birlikte Kant bu kitab\u0131nda, etik anlay\u0131\u015f\u0131n\u0131n temellerini ortaya koymaktad\u0131r. Bu anlamda Kant\u2019\u0131n etik d\u00fc\u015f\u00fcncesinin evrimini anlamak a\u00e7\u0131s\u0131ndan da kitap, b\u00fcy\u00fck bir \u00f6nem ta\u015f\u0131maktad\u0131r. \u0130nsan\u0131n kendiyle, ba\u015fka insanlarla, di\u011fer varl\u0131klarla ve Tanr\u0131\u2019yla etkile\u015fimi elbette etikle s\u0131n\u0131rl\u0131 de\u011fildir. \u00d6zellikle i\u00e7sel ve d\u0131\u015fsal y\u00fck\u00fcml\u00fcl\u00fckler ve sorumluluklar tart\u0131\u015fmas\u0131, Kant\u2019\u0131n hukuk ve din felsefesine dair okura \u00f6nemli bir izlek sunmaktad\u0131r.<\/p>\n","protected":false},"excerpt":{"rendered":"<p>Bu kitap Ayd\u0131nlanma filozofu Immanuel Kant\u2019\u0131n etik \u00fczerine verdi\u011fi derslerden olu\u015fmaktad\u0131r. Bu kitapta, \u00f6ncelikle, ba\u015fta Baumgarten olmak \u00fczere; Epikuros ve Stoac\u0131 etik anlay\u0131\u015flar\u0131n\u0131n ele\u015ftirisi sizleri beklemektedir.<span class=\"excerpt-hellip\"> [\u2026]<\/span><\/p>\n","protected":false},"featured_media":0,"template":"","meta":{"_monsterinsights_skip_tracking":false,"_monsterinsights_sitenote_active":false,"_monsterinsights_sitenote_note":"","_monsterinsights_sitenote_category":0},"product_brand":[],"product_cat":[15319,12388],"product_tag":[],"class_list":{"0":"post-733774","1":"product","2":"type-product","3":"status-publish","5":"product_cat-etik","6":"product_cat-felsefe","7":"pa_cilt-ciltsiz","8":"pa_tur-kitap","9":"pa_yayinevi-fol-kitap","10":"pa_yazar-immanuel-kant","12":"first","13":"instock","14":"sale","15":"shipping-taxable","16":"purchasable","17":"product-type-simple"},"_links":{"self":[{"href":"https:\/\/roveyayinevi.com.tr\/index.php\/wp-json\/wp\/v2\/product\/733774","targetHints":{"allow":["GET"]}}],"collection":[{"href":"https:\/\/roveyayinevi.com.tr\/index.php\/wp-json\/wp\/v2\/product"}],"about":[{"href":"https:\/\/roveyayinevi.com.tr\/index.php\/wp-json\/wp\/v2\/types\/product"}],"wp:attachment":[{"href":"https:\/\/roveyayinevi.com.tr\/index.php\/wp-json\/wp\/v2\/media?parent=733774"}],"wp:term":[{"taxonomy":"product_brand","embeddable":true,"href":"https:\/\/roveyayinevi.com.tr\/index.php\/wp-json\/wp\/v2\/product_brand?post=733774"},{"taxonomy":"product_cat","embeddable":true,"href":"https:\/\/roveyayinevi.com.tr\/index.php\/wp-json\/wp\/v2\/product_cat?post=733774"},{"taxonomy":"product_tag","embeddable":true,"href":"https:\/\/roveyayinevi.com.tr\/index.php\/wp-json\/wp\/v2\/product_tag?post=733774"}],"curies":[{"name":"wp","href":"https:\/\/api.w.org\/{rel}","templated":true}]}}