{"id":733773,"date":"2025-08-27T22:16:25","date_gmt":"2025-08-27T19:16:25","guid":{"rendered":"https:\/\/roveyayinevi.com.tr\/index.php\/urun\/camus\/"},"modified":"2025-11-21T07:10:51","modified_gmt":"2025-11-21T04:10:51","slug":"camus","status":"publish","type":"product","link":"https:\/\/roveyayinevi.com.tr\/index.php\/urun\/camus\/","title":{"rendered":"Camus"},"content":{"rendered":"<p>Bu \u00e7izgi roman, \u00f6l\u00fcm\u00fcnden y\u0131llar sonra bile en sevilen Frans\u0131z yazarlardan biri olmay\u0131 s\u00fcrd\u00fcren Albert Camus\u2019n\u00fcn ya\u015fam\u0131n\u0131n izlerini s\u00fcr\u00fcyor. Cezayir\u2019deki do\u011fumundan en g\u00f6zde semtte ge\u00e7en \u00e7ocuklu\u011funa, yazarl\u0131k kariyerinden, edebi ve siyasi, \u00f6zellikle de Cezayir\u2019in ba\u011f\u0131ms\u0131zl\u0131k yanl\u0131lar\u0131 lehine y\u00fcr\u00fctt\u00fc\u011f\u00fc m\u00fccadelelere, 1957\u2019de ald\u0131\u011f\u0131 Nobel \u00f6d\u00fcl\u00fcnden 1960 y\u0131l\u0131nda Yonne karayolu \u00fczerindeki \u00f6l\u00fcm\u00fcne dek uzanan bu harikulade biyografi, Camus\u2019n\u00fcn insani y\u00f6n\u00fcn\u00fc, k\u0131r\u0131lganl\u0131klar\u0131n\u0131, ku\u015fkular\u0131n\u0131 annesi \u00fczerinden ke\u015ffetme olana\u011f\u0131 sunuyor. Bir referans niteli\u011fi ta\u015f\u0131yan bu \u00e7izgi roman\u0131, Albert Camus\u2019n\u00fcn Son G\u00fcnleri ile Camus ve Cezayir eserlerinin yazar\u0131 \u00fcnl\u00fc Camus uzman\u0131 Jos\u00e9 Lenzini kaleme ald\u0131, Laurent Gnoni resimledi.<\/p>\n","protected":false},"excerpt":{"rendered":"<p>Bu \u00e7izgi roman, \u00f6l\u00fcm\u00fcnden y\u0131llar sonra bile en sevilen Frans\u0131z yazarlardan biri olmay\u0131 s\u00fcrd\u00fcren Albert Camus\u2019n\u00fcn ya\u015fam\u0131n\u0131n izlerini s\u00fcr\u00fcyor. Cezayir\u2019deki do\u011fumundan en g\u00f6zde semtte ge\u00e7en \u00e7ocuklu\u011funa,<span class=\"excerpt-hellip\"> [\u2026]<\/span><\/p>\n","protected":false},"featured_media":0,"template":"","meta":{"_monsterinsights_skip_tracking":false,"_monsterinsights_sitenote_active":false,"_monsterinsights_sitenote_note":"","_monsterinsights_sitenote_category":0},"product_brand":[],"product_cat":[12416,12291],"product_tag":[],"class_list":{"0":"post-733773","1":"product","2":"type-product","3":"status-publish","5":"product_cat-cizgi-roman","6":"product_cat-edebiyat","7":"pa_cilt-ciltsiz","8":"pa_tur-kitap","9":"pa_yayinevi-alfa-yayinlari","10":"pa_yazar-jose-lenzini","12":"first","13":"instock","14":"sale","15":"shipping-taxable","16":"purchasable","17":"product-type-simple"},"_links":{"self":[{"href":"https:\/\/roveyayinevi.com.tr\/index.php\/wp-json\/wp\/v2\/product\/733773","targetHints":{"allow":["GET"]}}],"collection":[{"href":"https:\/\/roveyayinevi.com.tr\/index.php\/wp-json\/wp\/v2\/product"}],"about":[{"href":"https:\/\/roveyayinevi.com.tr\/index.php\/wp-json\/wp\/v2\/types\/product"}],"wp:attachment":[{"href":"https:\/\/roveyayinevi.com.tr\/index.php\/wp-json\/wp\/v2\/media?parent=733773"}],"wp:term":[{"taxonomy":"product_brand","embeddable":true,"href":"https:\/\/roveyayinevi.com.tr\/index.php\/wp-json\/wp\/v2\/product_brand?post=733773"},{"taxonomy":"product_cat","embeddable":true,"href":"https:\/\/roveyayinevi.com.tr\/index.php\/wp-json\/wp\/v2\/product_cat?post=733773"},{"taxonomy":"product_tag","embeddable":true,"href":"https:\/\/roveyayinevi.com.tr\/index.php\/wp-json\/wp\/v2\/product_tag?post=733773"}],"curies":[{"name":"wp","href":"https:\/\/api.w.org\/{rel}","templated":true}]}}