{"id":733771,"date":"2025-08-27T22:16:23","date_gmt":"2025-08-27T19:16:23","guid":{"rendered":"https:\/\/roveyayinevi.com.tr\/index.php\/urun\/ilk-ask-3\/"},"modified":"2026-04-16T02:41:36","modified_gmt":"2026-04-15T23:41:36","slug":"ilk-ask-3","status":"publish","type":"product","link":"https:\/\/roveyayinevi.com.tr\/index.php\/urun\/ilk-ask-3\/","title":{"rendered":"\u0130lk A\u015fk"},"content":{"rendered":"<p>Umut etti\u011fim onca \u015feyin i\u00e7inden hangileri hayata ge\u00e7ti? Art\u0131k hayat\u0131ma ak\u015fam\u0131n g\u00f6lgelerinin d\u00fc\u015fmeye ba\u015flad\u0131\u011f\u0131 ya\u015ftay\u0131m. Bende o ilkbahar sabah\u0131n\u0131n g\u00f6z a\u00e7\u0131p kapay\u0131ncaya kadar ge\u00e7ip giden f\u0131rt\u0131nas\u0131n\u0131n hat\u0131ras\u0131ndan daha taze, daha k\u0131ymetli ne kald\u0131? 19. y\u00fczy\u0131l Rus edebiyat\u0131n\u0131n \u00f6nde gelen yazarlar\u0131ndan Turgenyev, \u0130lk A\u015fk adl\u0131 unutulmaz novellas\u0131nda hen\u00fcz b\u00fclu\u011f \u00e7a\u011f\u0131ndaki bir gencin kendisinden b\u00fcy\u00fck bir kad\u0131na olan a\u015fk\u0131n\u0131 bir aile dram\u0131 etraf\u0131nda ustaca betimliyor. Romantik edebiyat\u0131n etkileyici \u00f6rneklerinden biri olan \u0130lk A\u015fk, \u00c7arl\u0131k Rusya\u2019n\u0131n toplumsal ko\u015fullar\u0131 i\u00e7inde a\u015fk\u0131n safiyane hisleriyle yeni tan\u0131\u015fm\u0131\u015f on alt\u0131 ya\u015f\u0131ndaki Vladimir Petrovi\u00e7\u2019in g\u00fc\u00e7l\u00fc duygular\u0131n girdab\u0131nda nas\u0131l s\u00fcr\u00fcklendi\u011fini tasvir ediyor. Ayn\u0131 zamanda \u00e2\u015f\u0131k olunan kad\u0131n \u00fczerine kurulu bir baba-o\u011ful anlat\u0131s\u0131 da sunan bu novella, ak\u0131c\u0131l\u0131\u011f\u0131 ve s\u00fcr\u00fckleyicili\u011fiyle okurlar\u0131na klasiklere mahsus bir edebiyat lezzeti vaat ediyor&#8230; <\/p>\n","protected":false},"excerpt":{"rendered":"<p>Umut etti\u011fim onca \u015feyin i\u00e7inden hangileri hayata ge\u00e7ti? Art\u0131k hayat\u0131ma ak\u015fam\u0131n g\u00f6lgelerinin d\u00fc\u015fmeye ba\u015flad\u0131\u011f\u0131 ya\u015ftay\u0131m. Bende o ilkbahar sabah\u0131n\u0131n g\u00f6z a\u00e7\u0131p kapay\u0131ncaya kadar ge\u00e7ip giden f\u0131rt\u0131nas\u0131n\u0131n<span class=\"excerpt-hellip\"> [\u2026]<\/span><\/p>\n","protected":false},"featured_media":0,"template":"","meta":{"_monsterinsights_skip_tracking":false,"_monsterinsights_sitenote_active":false,"_monsterinsights_sitenote_note":"","_monsterinsights_sitenote_category":0},"product_brand":[],"product_cat":[14643,12291],"product_tag":[],"class_list":{"0":"post-733771","1":"product","2":"type-product","3":"status-publish","5":"product_cat-ask","6":"product_cat-edebiyat","7":"pa_cilt-ciltsiz","8":"pa_tur-kitap","9":"pa_yayinevi-vakifbank-kultur-yayinlari","10":"pa_yazar-ivan-sergeyevic-turgenyev","12":"first","13":"instock","14":"sale","15":"shipping-taxable","16":"purchasable","17":"product-type-simple"},"_links":{"self":[{"href":"https:\/\/roveyayinevi.com.tr\/index.php\/wp-json\/wp\/v2\/product\/733771","targetHints":{"allow":["GET"]}}],"collection":[{"href":"https:\/\/roveyayinevi.com.tr\/index.php\/wp-json\/wp\/v2\/product"}],"about":[{"href":"https:\/\/roveyayinevi.com.tr\/index.php\/wp-json\/wp\/v2\/types\/product"}],"wp:attachment":[{"href":"https:\/\/roveyayinevi.com.tr\/index.php\/wp-json\/wp\/v2\/media?parent=733771"}],"wp:term":[{"taxonomy":"product_brand","embeddable":true,"href":"https:\/\/roveyayinevi.com.tr\/index.php\/wp-json\/wp\/v2\/product_brand?post=733771"},{"taxonomy":"product_cat","embeddable":true,"href":"https:\/\/roveyayinevi.com.tr\/index.php\/wp-json\/wp\/v2\/product_cat?post=733771"},{"taxonomy":"product_tag","embeddable":true,"href":"https:\/\/roveyayinevi.com.tr\/index.php\/wp-json\/wp\/v2\/product_tag?post=733771"}],"curies":[{"name":"wp","href":"https:\/\/api.w.org\/{rel}","templated":true}]}}