{"id":733770,"date":"2025-08-27T22:16:22","date_gmt":"2025-08-27T19:16:22","guid":{"rendered":"https:\/\/roveyayinevi.com.tr\/index.php\/urun\/ariflerin-tesbihi\/"},"modified":"2026-04-16T02:41:36","modified_gmt":"2026-04-15T23:41:36","slug":"ariflerin-tesbihi","status":"publish","type":"product","link":"https:\/\/roveyayinevi.com.tr\/index.php\/urun\/ariflerin-tesbihi\/","title":{"rendered":"Ariflerin Tesbihi"},"content":{"rendered":"<p>Kudretin yaratt\u0131\u011f\u0131 ilk \u015fey kalemdir. Kalemin ucunda iki d\u00fcnya tek bir yaz\u0131d\u0131r. O, kalem de\u011fil, g\u00fczellik bah\u00e7esinde yeti\u015fmi\u015f taze bir fidand\u0131r. Varl\u0131k silsilesi g\u00f6z \u00f6n\u00fcne al\u0131nd\u0131\u011f\u0131nda fikirde ilk, fiilde sondur. S\u00fbreti insandan do\u011fmu\u015fsa da m\u00e2n\u00e2s\u0131 varl\u0131\u011f\u0131n \u00f6z\u00fcd\u00fcr. \u0130sl\u00e2m\u00ee ilimler, tasavvuf, dil, edebiyat ve \u015fiir sanatlar\u0131 alan\u0131nda pek \u00e7ok eser kaleme alm\u0131\u015f olan Molla C\u00e2m\u00ee, Sebk-i Hind\u00ee d\u00f6nemi \u00f6ncesinde yeti\u015fen, klasik Fars\u00e7a \u015fiirin son b\u00fcy\u00fck \u015fairidir. Eserleriyle \u015f\u00f6hreti Hindistan\u2019dan Balkanlara kadar geni\u015f bir co\u011frafyaya yay\u0131lan C\u00e2m\u00ee; gen\u00e7lik, orta ya\u015f ve ya\u015fl\u0131l\u0131k d\u00f6nemleri \u015fiirlerini \u00fc\u00e7 ayr\u0131 divanda bir araya getirmi\u015f, ayr\u0131ca b\u00fcy\u00fck mesnevi \u015fairlerinin olu\u015fturdu\u011fu \u201chamse\u201d gelene\u011fini geli\u015ftirerek yedi mesnevi kaleme alm\u0131\u015f ve bu mesnevi k\u00fclliyat\u0131na Heft Evreng (Yedi Taht) ad\u0131n\u0131 vermi\u015ftir. Heft Evreng\u2019in d\u00f6rd\u00fcnc\u00fc mesnevisi olup amel\u00ee ahlak ve tasavvuf konular\u0131n\u0131 i\u00e7eren \u00c2riflerin Tesbihi (Subhatu\u2019l-ebr\u00e2r), C\u00e2m\u00ee\u2019nin \u00f6zellikle \u015fekil bak\u0131m\u0131ndan en \u00f6zg\u00fcn sayabilece\u011fimiz mesnevisidir. Zira \u015fair bu manzumesini, di\u011fer mesnevilerinin aksine, hi\u00e7bir \u015fairi \u00f6rnek almadan yazm\u0131\u015ft\u0131r. Toplam 2875 beyitten olu\u015fan ve Timurlu h\u00fck\u00fcmdar\u0131 H\u00fcseyin Baykara\u2019ya ithaf edilen \u00c2riflerin Tesbihi (Subhatu\u2019l-ebr\u00e2r); tevh\u00eed, naat, padi\u015faha \u00f6vg\u00fc ve \u00f6\u011f\u00fct gibi k\u0131s\u0131mlardan sonra \u2018\u0131kd (tespih ta\u015f\u0131) ad\u0131 verilen k\u0131rk b\u00f6l\u00fcmden olu\u015fmaktad\u0131r. Her b\u00f6l\u00fcmde din\u00ee, ahl\u00e2k\u00ee ve tasavvuf\u00ee bir konu i\u015flenip bir hik\u00e2ye ile peki\u015ftirilmi\u015ftir. Fars \u015fiirinin en b\u00fcy\u00fck \u00fcstatlar\u0131n\u0131n sonuncusu say\u0131lan C\u00e2m\u00ee\u2019nin \u00fcst\u00fcn \u015fairlik kabiliyeti yan\u0131nda din\u00ee, edeb\u00ee ve akl\u00ee ilimlerle tasavvuftaki derin vukufunun aksetti\u011fi bu klasi\u011fi keyifle okuyacaks\u0131n\u0131z\u2026 <\/p>\n","protected":false},"excerpt":{"rendered":"<p>Kudretin yaratt\u0131\u011f\u0131 ilk \u015fey kalemdir. Kalemin ucunda iki d\u00fcnya tek bir yaz\u0131d\u0131r. O, kalem de\u011fil, g\u00fczellik bah\u00e7esinde yeti\u015fmi\u015f taze bir fidand\u0131r. Varl\u0131k silsilesi g\u00f6z \u00f6n\u00fcne al\u0131nd\u0131\u011f\u0131nda<span class=\"excerpt-hellip\"> [\u2026]<\/span><\/p>\n","protected":false},"featured_media":0,"template":"","meta":{"_monsterinsights_skip_tracking":false,"_monsterinsights_sitenote_active":false,"_monsterinsights_sitenote_note":"","_monsterinsights_sitenote_category":0},"product_brand":[],"product_cat":[12718,12719,12720],"product_tag":[],"class_list":{"0":"post-733770","1":"product","2":"type-product","3":"status-publish","5":"product_cat-din","6":"product_cat-islam","7":"product_cat-tasavvuf-mezhepler-tarikatlar","8":"pa_cilt-ciltsiz","9":"pa_tur-kitap","10":"pa_yayinevi-vakifbank-kultur-yayinlari","11":"pa_yazar-mollla-cami","13":"first","14":"instock","15":"sale","16":"shipping-taxable","17":"purchasable","18":"product-type-simple"},"_links":{"self":[{"href":"https:\/\/roveyayinevi.com.tr\/index.php\/wp-json\/wp\/v2\/product\/733770","targetHints":{"allow":["GET"]}}],"collection":[{"href":"https:\/\/roveyayinevi.com.tr\/index.php\/wp-json\/wp\/v2\/product"}],"about":[{"href":"https:\/\/roveyayinevi.com.tr\/index.php\/wp-json\/wp\/v2\/types\/product"}],"wp:attachment":[{"href":"https:\/\/roveyayinevi.com.tr\/index.php\/wp-json\/wp\/v2\/media?parent=733770"}],"wp:term":[{"taxonomy":"product_brand","embeddable":true,"href":"https:\/\/roveyayinevi.com.tr\/index.php\/wp-json\/wp\/v2\/product_brand?post=733770"},{"taxonomy":"product_cat","embeddable":true,"href":"https:\/\/roveyayinevi.com.tr\/index.php\/wp-json\/wp\/v2\/product_cat?post=733770"},{"taxonomy":"product_tag","embeddable":true,"href":"https:\/\/roveyayinevi.com.tr\/index.php\/wp-json\/wp\/v2\/product_tag?post=733770"}],"curies":[{"name":"wp","href":"https:\/\/api.w.org\/{rel}","templated":true}]}}