{"id":733768,"date":"2025-08-27T22:16:20","date_gmt":"2025-08-27T19:16:20","guid":{"rendered":"https:\/\/roveyayinevi.com.tr\/index.php\/urun\/siirde-kaldi-sehirler\/"},"modified":"2026-03-12T02:52:17","modified_gmt":"2026-03-11T23:52:17","slug":"siirde-kaldi-sehirler","status":"publish","type":"product","link":"https:\/\/roveyayinevi.com.tr\/index.php\/urun\/siirde-kaldi-sehirler\/","title":{"rendered":"\u015eiirde Kald\u0131 \u015eehirler"},"content":{"rendered":"<p>\u015e\u0130\u0130RDE KALDI \u015eEH\u0130RLER   Yaln\u0131zl\u0131\u011f\u0131n adas\u0131n\u0131 unutmayanlar\u0131n Yaz\u0131 ba\u015flad\u0131 do\u011fuda Hayat bilgisi gibi masals\u0131 Dilini bilenler aras\u0131nda.   Y\u00fcrekleri tarihte ara\u015ft\u0131r\u0131lanlar Silahlar\u0131 \u00e7oktan b\u0131rakt\u0131 Tutuldu \u015fehirlerin giri\u015fi \u015eiirde kald\u0131 \u015fehirler.   \u015eimdi gen\u00e7li\u011fi a\u015fktan ge\u00e7enlerin Cesaretinden yap\u0131lan \u015eehirler bekliyor Devrim d\u00fc\u015f\u00fc g\u00f6renleri.<\/p>\n","protected":false},"excerpt":{"rendered":"<p>\u015e\u0130\u0130RDE KALDI \u015eEH\u0130RLER Yaln\u0131zl\u0131\u011f\u0131n adas\u0131n\u0131 unutmayanlar\u0131n Yaz\u0131 ba\u015flad\u0131 do\u011fuda Hayat bilgisi gibi masals\u0131 Dilini bilenler aras\u0131nda. Y\u00fcrekleri tarihte ara\u015ft\u0131r\u0131lanlar Silahlar\u0131 \u00e7oktan b\u0131rakt\u0131 Tutuldu \u015fehirlerin giri\u015fi \u015eiirde<span class=\"excerpt-hellip\"> [\u2026]<\/span><\/p>\n","protected":false},"featured_media":0,"template":"","meta":{"_monsterinsights_skip_tracking":false,"_monsterinsights_sitenote_active":false,"_monsterinsights_sitenote_note":"","_monsterinsights_sitenote_category":0},"product_brand":[],"product_cat":[12291,12509],"product_tag":[],"class_list":{"0":"post-733768","1":"product","2":"type-product","3":"status-publish","5":"product_cat-edebiyat","6":"product_cat-siir","7":"pa_cilt-ciltsiz","8":"pa_tur-kitap","9":"pa_yayinevi-kirmizi-cati-yayinlari","10":"pa_yazar-muserref-kaya","12":"first","13":"instock","14":"sale","15":"shipping-taxable","16":"purchasable","17":"product-type-simple"},"_links":{"self":[{"href":"https:\/\/roveyayinevi.com.tr\/index.php\/wp-json\/wp\/v2\/product\/733768","targetHints":{"allow":["GET"]}}],"collection":[{"href":"https:\/\/roveyayinevi.com.tr\/index.php\/wp-json\/wp\/v2\/product"}],"about":[{"href":"https:\/\/roveyayinevi.com.tr\/index.php\/wp-json\/wp\/v2\/types\/product"}],"wp:attachment":[{"href":"https:\/\/roveyayinevi.com.tr\/index.php\/wp-json\/wp\/v2\/media?parent=733768"}],"wp:term":[{"taxonomy":"product_brand","embeddable":true,"href":"https:\/\/roveyayinevi.com.tr\/index.php\/wp-json\/wp\/v2\/product_brand?post=733768"},{"taxonomy":"product_cat","embeddable":true,"href":"https:\/\/roveyayinevi.com.tr\/index.php\/wp-json\/wp\/v2\/product_cat?post=733768"},{"taxonomy":"product_tag","embeddable":true,"href":"https:\/\/roveyayinevi.com.tr\/index.php\/wp-json\/wp\/v2\/product_tag?post=733768"}],"curies":[{"name":"wp","href":"https:\/\/api.w.org\/{rel}","templated":true}]}}